{"id":17288,"date":"2025-11-24T12:53:15","date_gmt":"2025-11-24T11:53:15","guid":{"rendered":"https:\/\/i2cat.net\/volum\/"},"modified":"2025-12-09T13:40:58","modified_gmt":"2025-12-09T12:40:58","slug":"volum","status":"publish","type":"page","link":"https:\/\/i2cat.net\/ca\/transferencia-tecnologica\/volum\/","title":{"rendered":"Volum"},"content":{"rendered":"\n<section class=\"alignfull header-hero relative black-veil  bg-gray-100\">\n\n\t\n\t<div\n\t\tclass=\"flex flex-col pt-12 md:justify-end lg:pt-16 lg:pb-10 container min-h-[440px]\">\n\n\t\t<div class=\"grid grid-cols-1 gap-6 md:grid-cols-2\">\n\t\t\t<div>\n\t\t\t\t\t\t\t\t\t\t\t\t\t\t\t<div class=\"!text-black uppercase mb-3\">SPIN-OFF<\/div>\n\t\t\t\t\t\t\t\t\t\n\t\t\t\t\t\t\t\t\t<h1 class=\"text-h3 md:text-h1 !text-black mb-0\">Volum<\/h1>\n\t\t\t\t\n\t\t\t\t\t\t\t<\/div>\n\t\t\t<div>\n\t\t\t\t\t\t\t\t\t<img decoding=\"async\" src=\"https:\/\/i2cat.net\/wp-content\/uploads\/2025\/11\/Volum-tech.png\" alt=\"Volum Technologies\"\n\t\t\t\t\t\tclass=\"w-full h-automd:h-[432px] object-cover rounded-lg\">\n\t\t\t\t\t\t\t<\/div>\n\t\t<\/div>\n\n\t<\/div>\n\n\t\n<\/section>\n\n\n\n<section class=\"text-media-claim py-10 lg:py-20\">\n\t<div class=\"\">\n\t\t<!-- if is a full width section, apply container -->\n\n\n\t\t\n\t\t<!-- Orange dot claim layout -->\n\t\t\n\t\t\t<div\n\t\t\t\tclass=\"grid lg:grid-cols-12 gap-baseGap items-center justify-between \">\n\n\t\t\t\t<!-- Image column -->\n\t\t\t\t<div\n\t\t\t\t\tclass=\"w-full lg:col-span-5 h-full \">\n\t\t\t\t\t\t\t\t\t\t\t\t\t\t\t\t\t\t<span class='primary-square'><\/span>\n\t\t\t\t\t\t\t<h2 class='text-h5 md:text-h3 my-4 leading-10'>M\u00e9s enll\u00e0 de la pantalla: la nova spin-off d&#8217;i2CAT per comercialitzar tecnologia hologr\u00e0fica 3D<\/h2>\n\t\t\t\t\t\t\t\t\t\t\t\t\t\t\t<\/div>\n\n\t\t\t\t<!-- Content column -->\n\t\t\t\t<div\n\t\t\t\t\tclass=\"h-full xl:col-span-6 lg:col-span-7 flex flex-col justify-between xl:col-start-7 lg:col-start-6\">\n\t\t\t\t\t<div>\n\t\t\t\t\t\t\n\t\t\t\t\t\t\t\t\t\t\t\t\t<div class=\"my-6 text-h5\">\n\t\t\t\t\t\t\t\tQue no \u00e9s hora de deixar enrere les videotrucades bidimensionals? Ens enorgulleix anunciar Volum Technologies, la nostra cinquena spin-off, llan\u00e7ada ell 2025. Aquesta nova iniciativa reflecteix el nostre comprom\u00eds amb la innovaci\u00f3 i la transfer\u00e8ncia de coneixement. Volum Technologies transformar\u00e0 les interaccions digitals mitjan\u00e7ant solucions hologr\u00e0fiques 3D d\u2019alta qualitat i en temps real. La nostra recerca fa possible democratitzar aquesta experi\u00e8ncia immersiva i permetre que empreses i persones accedeixin a l\u2019holografia 3D amb c\u00e0meres ordin\u00e0ries.\t\t\t\t\t\t\t<\/div>\n\t\t\t\t\t\t\n\t\t\t\t\t\t\t\t\t\t\t\t\t<div class=\"mb-6 md:text-lead\">\n\t\t\t\t\t\t\t\t<p>Holomit\u00ae \u00e9s el resultat de quatre anys de treball de recerca d\u2019i2CAT i d\u2019una inversi\u00f3 de m\u00e9s de 3,7\u00a0M\u20ac, impulsats per projectes europeus i catalans com VRTogether, XReco i ViViM. Aquesta plataforma avan\u00e7ada captura, comprimeix i transmet hologrames 3D, i constitueix el nucli tecnol\u00f2gic de la nova empresa. Aquesta transici\u00f3 de recerca a <em>spin-off<\/em> comercial \u00e9s una mostra clara de la voluntat d\u2019i2CAT de fer arribar al mercat el coneixement generat amb finan\u00e7ament p\u00fablic.<\/p>\n\t\t\t\t\t\t\t<\/div>\n\t\t\t\t\t\t\t\t\t\t\t<\/div>\n\n\t\t\t\t\t\t\t\t\t<\/div>\n\t\t\t<\/div>\n\n\t\t\n\t\t<!-- Basic claim layout -->\n\t\t\n\t\t\n\t<\/div>\n<\/section>\n\n\n<div class=\"wp-block-columns is-layout-flex wp-container-core-columns-is-layout-9d6595d7 wp-block-columns-is-layout-flex\">\n<div class=\"wp-block-column is-layout-flow wp-block-column-is-layout-flow\">\n<figure class=\"wp-block-embed is-type-video is-provider-youtube wp-block-embed-youtube wp-embed-aspect-16-9 wp-has-aspect-ratio\"><div class=\"wp-block-embed__wrapper\">\n<iframe loading=\"lazy\" title=\"\ud83c\udf1f Experimenta el futur amb la Tecnologia Hologr\u00e0fica de Volum! #ise2025 I i2CAT\" width=\"640\" height=\"360\" src=\"https:\/\/www.youtube.com\/embed\/4S_UcGosgLI?feature=oembed&#038;enablejsapi=1&#038;origin=https:\/\/i2cat.net\" frameborder=\"0\" allow=\"accelerometer; autoplay; clipboard-write; encrypted-media; gyroscope; picture-in-picture; web-share\" referrerpolicy=\"strict-origin-when-cross-origin\" allowfullscreen><\/iframe>\n<\/div><\/figure>\n<\/div>\n\n\n\n<div class=\"wp-block-column is-layout-flow wp-block-column-is-layout-flow\">\n<figure class=\"wp-block-embed is-type-video is-provider-youtube wp-block-embed-youtube wp-embed-aspect-16-9 wp-has-aspect-ratio\"><div class=\"wp-block-embed__wrapper\">\n<iframe loading=\"lazy\" title=\"Holomit\u00ae in action I Holomit\u00ae en acci\u00f3 I i2CAT\" width=\"640\" height=\"360\" src=\"https:\/\/www.youtube.com\/embed\/RgIC3q7u7Os?feature=oembed&#038;enablejsapi=1&#038;origin=https:\/\/i2cat.net\" frameborder=\"0\" allow=\"accelerometer; autoplay; clipboard-write; encrypted-media; gyroscope; picture-in-picture; web-share\" referrerpolicy=\"strict-origin-when-cross-origin\" allowfullscreen><\/iframe>\n<\/div><\/figure>\n<\/div>\n<\/div>\n\n\n\n<p>Volum Technologies es distingeix perqu\u00e8 aposta per experi\u00e8ncies accessibles, multiusuari i en temps real, possibles amb c\u00e0meres de gamma mitjana, cosa que amplia les seves possibilitats d\u2019adopci\u00f3. Aix\u00f2 obre el cam\u00ed a una nova idea de comunicaci\u00f3 en la qual es valoren els gestos no verbals i la pres\u00e8ncia. Volum Technologies iniciar\u00e0 les seves operacions des de la seu d\u2019i2CAT i ja ofereix el seu primer producte comercial, l\u2019Holomit Booth, disponible per a compra o lloguer amb opcions flexibles.<\/p>\n\n\n\n<p><a href=\"https:\/\/www.volum.tech\/holobooth\">Contacteu amb nosaltres avui mateix per sol\u00b7licitar un pressupost<\/a><\/p>\n\n\n\n<p>La creaci\u00f3 de Volum Technologies confirma la visi\u00f3 estrat\u00e8gica d\u2019i2CAT: assegurar que la recerca avan\u00e7ada es transformi en progr\u00e9s social. Aquest pas suposa un avan\u00e7 natural en la nostra evoluci\u00f3, dona sentit a la nostra feina i refor\u00e7a el nostre paper capdavanter en el panorama tecnol\u00f2gic i econ\u00f2mic del pa\u00eds. No nom\u00e9s desenvolupem tecnologia: fomentem connexions m\u00e9s properes, humanes i eficaces per a tothom.<\/p>\n\n\n\n<p><a href=\"https:\/\/www.volum.tech\/\" target=\"_blank\" rel=\"noreferrer noopener\"><a href=\"https:\/\/www.volum.tech\/\">M\u00e9s informaci\u00f3 sobre Volum Technologies<\/a><\/a><\/p>\n\n\n\n<p>Vols explorar com Holomit\u00ae o Volum Technologies poden impulsar la transformaci\u00f3 del teu sector? Posa\u2019t en contacte amb nosaltres avui mateix per saber-ne m\u00e9s o sol\u00b7licitar una demostraci\u00f3!<\/p>\n\n\n\n<p>Contacte: <a href=\"mailto:techtransfer@i2cat.net\">techtransfer@i2cat.net<\/a>&nbsp;<\/p>\n","protected":false},"excerpt":{"rendered":"<p>Volum Technologies es distingeix perqu\u00e8 aposta per experi\u00e8ncies accessibles, multiusuari i en temps real, possibles&#8230;<\/p>\n","protected":false},"author":1,"featured_media":17758,"parent":17292,"menu_order":0,"comment_status":"closed","ping_status":"closed","template":"","meta":{"_acf_changed":false,"footnotes":""},"class_list":["post-17288","page","type-page","status-publish","has-post-thumbnail","hentry"],"acf":[],"yoast_head":"<!-- This site is optimized with the Yoast SEO plugin v26.9 - https:\/\/yoast.com\/product\/yoast-seo-wordpress\/ -->\n<title>Volum - i2CAT Research Centre<\/title>\n<meta name=\"robots\" content=\"index, follow, max-snippet:-1, max-image-preview:large, max-video-preview:-1\" \/>\n<link rel=\"canonical\" href=\"https:\/\/i2cat.net\/ca\/transferencia-tecnologica\/volum\/\" \/>\n<meta property=\"og:locale\" content=\"ca_ES\" \/>\n<meta property=\"og:type\" content=\"article\" \/>\n<meta property=\"og:title\" content=\"Volum - i2CAT Research Centre\" \/>\n<meta property=\"og:description\" content=\"Volum Technologies es distingeix perqu\u00e8 aposta per experi\u00e8ncies accessibles, multiusuari i en temps real, possibles...\" \/>\n<meta property=\"og:url\" content=\"https:\/\/i2cat.net\/ca\/transferencia-tecnologica\/volum\/\" \/>\n<meta property=\"og:site_name\" content=\"i2CAT Research Centre\" \/>\n<meta property=\"article:modified_time\" content=\"2025-12-09T12:40:58+00:00\" \/>\n<meta property=\"og:image\" content=\"https:\/\/i2cat.net\/wp-content\/uploads\/2025\/11\/Volum-tech.png\" \/>\n\t<meta property=\"og:image:width\" content=\"1920\" \/>\n\t<meta property=\"og:image:height\" content=\"1080\" \/>\n\t<meta property=\"og:image:type\" content=\"image\/png\" \/>\n<meta name=\"twitter:card\" content=\"summary_large_image\" \/>\n<script type=\"application\/ld+json\" class=\"yoast-schema-graph\">{\"@context\":\"https:\/\/schema.org\",\"@graph\":[{\"@type\":\"WebPage\",\"@id\":\"https:\/\/i2cat.net\/ca\/transferencia-tecnologica\/volum\/\",\"url\":\"https:\/\/i2cat.net\/ca\/transferencia-tecnologica\/volum\/\",\"name\":\"Volum - i2CAT Research Centre\",\"isPartOf\":{\"@id\":\"https:\/\/i2cat.net\/ca\/#website\"},\"primaryImageOfPage\":{\"@id\":\"https:\/\/i2cat.net\/ca\/transferencia-tecnologica\/volum\/#primaryimage\"},\"image\":{\"@id\":\"https:\/\/i2cat.net\/ca\/transferencia-tecnologica\/volum\/#primaryimage\"},\"thumbnailUrl\":\"https:\/\/i2cat.net\/wp-content\/uploads\/2025\/11\/Volum-tech.png\",\"datePublished\":\"2025-11-24T11:53:15+00:00\",\"dateModified\":\"2025-12-09T12:40:58+00:00\",\"breadcrumb\":{\"@id\":\"https:\/\/i2cat.net\/ca\/transferencia-tecnologica\/volum\/#breadcrumb\"},\"inLanguage\":\"ca\",\"potentialAction\":[{\"@type\":\"ReadAction\",\"target\":[\"https:\/\/i2cat.net\/ca\/transferencia-tecnologica\/volum\/\"]}]},{\"@type\":\"ImageObject\",\"inLanguage\":\"ca\",\"@id\":\"https:\/\/i2cat.net\/ca\/transferencia-tecnologica\/volum\/#primaryimage\",\"url\":\"https:\/\/i2cat.net\/wp-content\/uploads\/2025\/11\/Volum-tech.png\",\"contentUrl\":\"https:\/\/i2cat.net\/wp-content\/uploads\/2025\/11\/Volum-tech.png\",\"width\":1920,\"height\":1080,\"caption\":\"Volum Technologies\"},{\"@type\":\"BreadcrumbList\",\"@id\":\"https:\/\/i2cat.net\/ca\/transferencia-tecnologica\/volum\/#breadcrumb\",\"itemListElement\":[{\"@type\":\"ListItem\",\"position\":1,\"name\":\"Home\",\"item\":\"https:\/\/i2cat.net\/ca\/\"},{\"@type\":\"ListItem\",\"position\":2,\"name\":\"Transfer\u00e8ncia Tecnol\u00f2gica\",\"item\":\"https:\/\/i2cat.net\/ca\/transferencia-tecnologica\/\"},{\"@type\":\"ListItem\",\"position\":3,\"name\":\"Volum\"}]},{\"@type\":\"WebSite\",\"@id\":\"https:\/\/i2cat.net\/ca\/#website\",\"url\":\"https:\/\/i2cat.net\/ca\/\",\"name\":\"i2CAT Research Centre\",\"description\":\"\",\"potentialAction\":[{\"@type\":\"SearchAction\",\"target\":{\"@type\":\"EntryPoint\",\"urlTemplate\":\"https:\/\/i2cat.net\/ca\/?s={search_term_string}\"},\"query-input\":{\"@type\":\"PropertyValueSpecification\",\"valueRequired\":true,\"valueName\":\"search_term_string\"}}],\"inLanguage\":\"ca\"}]}<\/script>\n<!-- \/ Yoast SEO plugin. -->","yoast_head_json":{"title":"Volum - i2CAT Research Centre","robots":{"index":"index","follow":"follow","max-snippet":"max-snippet:-1","max-image-preview":"max-image-preview:large","max-video-preview":"max-video-preview:-1"},"canonical":"https:\/\/i2cat.net\/ca\/transferencia-tecnologica\/volum\/","og_locale":"ca_ES","og_type":"article","og_title":"Volum - i2CAT Research Centre","og_description":"Volum Technologies es distingeix perqu\u00e8 aposta per experi\u00e8ncies accessibles, multiusuari i en temps real, possibles...","og_url":"https:\/\/i2cat.net\/ca\/transferencia-tecnologica\/volum\/","og_site_name":"i2CAT Research Centre","article_modified_time":"2025-12-09T12:40:58+00:00","og_image":[{"width":1920,"height":1080,"url":"https:\/\/i2cat.net\/wp-content\/uploads\/2025\/11\/Volum-tech.png","type":"image\/png"}],"twitter_card":"summary_large_image","schema":{"@context":"https:\/\/schema.org","@graph":[{"@type":"WebPage","@id":"https:\/\/i2cat.net\/ca\/transferencia-tecnologica\/volum\/","url":"https:\/\/i2cat.net\/ca\/transferencia-tecnologica\/volum\/","name":"Volum - i2CAT Research Centre","isPartOf":{"@id":"https:\/\/i2cat.net\/ca\/#website"},"primaryImageOfPage":{"@id":"https:\/\/i2cat.net\/ca\/transferencia-tecnologica\/volum\/#primaryimage"},"image":{"@id":"https:\/\/i2cat.net\/ca\/transferencia-tecnologica\/volum\/#primaryimage"},"thumbnailUrl":"https:\/\/i2cat.net\/wp-content\/uploads\/2025\/11\/Volum-tech.png","datePublished":"2025-11-24T11:53:15+00:00","dateModified":"2025-12-09T12:40:58+00:00","breadcrumb":{"@id":"https:\/\/i2cat.net\/ca\/transferencia-tecnologica\/volum\/#breadcrumb"},"inLanguage":"ca","potentialAction":[{"@type":"ReadAction","target":["https:\/\/i2cat.net\/ca\/transferencia-tecnologica\/volum\/"]}]},{"@type":"ImageObject","inLanguage":"ca","@id":"https:\/\/i2cat.net\/ca\/transferencia-tecnologica\/volum\/#primaryimage","url":"https:\/\/i2cat.net\/wp-content\/uploads\/2025\/11\/Volum-tech.png","contentUrl":"https:\/\/i2cat.net\/wp-content\/uploads\/2025\/11\/Volum-tech.png","width":1920,"height":1080,"caption":"Volum Technologies"},{"@type":"BreadcrumbList","@id":"https:\/\/i2cat.net\/ca\/transferencia-tecnologica\/volum\/#breadcrumb","itemListElement":[{"@type":"ListItem","position":1,"name":"Home","item":"https:\/\/i2cat.net\/ca\/"},{"@type":"ListItem","position":2,"name":"Transfer\u00e8ncia Tecnol\u00f2gica","item":"https:\/\/i2cat.net\/ca\/transferencia-tecnologica\/"},{"@type":"ListItem","position":3,"name":"Volum"}]},{"@type":"WebSite","@id":"https:\/\/i2cat.net\/ca\/#website","url":"https:\/\/i2cat.net\/ca\/","name":"i2CAT Research Centre","description":"","potentialAction":[{"@type":"SearchAction","target":{"@type":"EntryPoint","urlTemplate":"https:\/\/i2cat.net\/ca\/?s={search_term_string}"},"query-input":{"@type":"PropertyValueSpecification","valueRequired":true,"valueName":"search_term_string"}}],"inLanguage":"ca"}]}},"_links":{"self":[{"href":"https:\/\/i2cat.net\/ca\/wp-json\/wp\/v2\/pages\/17288","targetHints":{"allow":["GET"]}}],"collection":[{"href":"https:\/\/i2cat.net\/ca\/wp-json\/wp\/v2\/pages"}],"about":[{"href":"https:\/\/i2cat.net\/ca\/wp-json\/wp\/v2\/types\/page"}],"author":[{"embeddable":true,"href":"https:\/\/i2cat.net\/ca\/wp-json\/wp\/v2\/users\/1"}],"replies":[{"embeddable":true,"href":"https:\/\/i2cat.net\/ca\/wp-json\/wp\/v2\/comments?post=17288"}],"version-history":[{"count":5,"href":"https:\/\/i2cat.net\/ca\/wp-json\/wp\/v2\/pages\/17288\/revisions"}],"predecessor-version":[{"id":19304,"href":"https:\/\/i2cat.net\/ca\/wp-json\/wp\/v2\/pages\/17288\/revisions\/19304"}],"up":[{"embeddable":true,"href":"https:\/\/i2cat.net\/ca\/wp-json\/wp\/v2\/pages\/17292"}],"wp:featuredmedia":[{"embeddable":true,"href":"https:\/\/i2cat.net\/ca\/wp-json\/wp\/v2\/media\/17758"}],"wp:attachment":[{"href":"https:\/\/i2cat.net\/ca\/wp-json\/wp\/v2\/media?parent=17288"}],"curies":[{"name":"wp","href":"https:\/\/api.w.org\/{rel}","templated":true}]}}