{"id":17289,"date":"2025-11-24T12:58:38","date_gmt":"2025-11-24T11:58:38","guid":{"rendered":"https:\/\/i2cat.net\/?page_id=17289"},"modified":"2025-12-09T13:42:37","modified_gmt":"2025-12-09T12:42:37","slug":"neutroon","status":"publish","type":"page","link":"https:\/\/i2cat.net\/ca\/transferencia-tecnologica\/neutroon\/","title":{"rendered":"Neutroon"},"content":{"rendered":"\n<section class=\"alignfull header-hero relative black-veil  bg-gray-100\">\n\n\t\n\t<div\n\t\tclass=\"flex flex-col pt-12 md:justify-end lg:pt-16 lg:pb-10 container min-h-[440px]\">\n\n\t\t<div class=\"grid grid-cols-1 gap-6 md:grid-cols-2\">\n\t\t\t<div>\n\t\t\t\t\t\t\t\t\t\t\t\t\t\t\t<div class=\"!text-black uppercase mb-3\">SPIN-OFF<\/div>\n\t\t\t\t\t\t\t\t\t\n\t\t\t\t\t\t\t\t\t<h1 class=\"text-h3 md:text-h1 !text-black mb-0\">Neutroon<\/h1>\n\t\t\t\t\n\t\t\t\t\t\t\t<\/div>\n\t\t\t<div>\n\t\t\t\t\t\t\t\t\t<img decoding=\"async\" src=\"https:\/\/i2cat.net\/wp-content\/uploads\/2025\/11\/Neutroon.jpg\" alt=\"Neutroon\"\n\t\t\t\t\t\tclass=\"w-full h-automd:h-[432px] object-cover rounded-lg\">\n\t\t\t\t\t\t\t<\/div>\n\t\t<\/div>\n\n\t<\/div>\n\n\t\n<\/section>\n\n\n\n<section class=\"text-media-claim py-10 lg:py-20\">\n\t<div class=\"\">\n\t\t<!-- if is a full width section, apply container -->\n\n\n\t\t\n\t\t<!-- Orange dot claim layout -->\n\t\t\n\t\t\t<div\n\t\t\t\tclass=\"grid lg:grid-cols-12 gap-baseGap items-center justify-between \">\n\n\t\t\t\t<!-- Image column -->\n\t\t\t\t<div\n\t\t\t\t\tclass=\"w-full lg:col-span-5 h-full \">\n\t\t\t\t\t\t\t\t\t\t\t\t\t\t\t\t\t\t<span class='primary-square'><\/span>\n\t\t\t\t\t\t\t<h2 class='text-h5 md:text-h3 my-4 leading-10'>Explorem tot el potencial de les xarxes 5G privades<\/h2>\n\t\t\t\t\t\t\t\t\t\t\t\t\t\t\t<\/div>\n\n\t\t\t\t<!-- Content column -->\n\t\t\t\t<div\n\t\t\t\t\tclass=\"h-full xl:col-span-6 lg:col-span-7 flex flex-col justify-between xl:col-start-7 lg:col-start-6\">\n\t\t\t\t\t<div>\n\t\t\t\t\t\t\n\t\t\t\t\t\t\t\t\t\t\t\t\t<div class=\"my-6 text-h5\">\n\t\t\t\t\t\t\t\tEl desplegament de xarxes m\u00f2bils privades (4G\/5G) s\u2019ha caracteritzat hist\u00f2ricament per la seva complexitat i el seu cost elevat. Aquesta complexitat esdev\u00e9 una barrera important per a les empreses que requereixen connectivitat avan\u00e7ada, fiable i amb baixa lat\u00e8ncia per impulsar la seva transformaci\u00f3 digital.\t\t\t\t\t\t\t<\/div>\n\t\t\t\t\t\t\n\t\t\t\t\t\t\t\t\t\t\t\t\t<div class=\"mb-6 md:text-lead\">\n\t\t\t\t\t\t\t\t<p>Neutroon ofereix una plataforma innovadora al n\u00favol que permet desplegar i gestionar m\u00faltiples xarxes privades 4G\/5G i Wi-Fi des d\u2019una \u00fanica interf\u00edcie intu\u00eftiva. Fa de \u201ctraductor universal\u201d que coordina tecnologies de diferents prove\u00efdors i permet que la gesti\u00f3 de la connectivitat avan\u00e7ada sigui tan senzilla com la del Wi-Fi de casa.<\/p>\n<p>Creada l\u2019any 2020, Neutroon \u00e9s fruit de m\u00e9s de cinc anys de recerca pionera d\u2019i2CAT en 5G i edge computing, culminada amb el projecte d\u2019R+D 5GCity. El desenvolupament i la validaci\u00f3 de la tecnologia es van dur a terme en el marc de diversos projectes d\u2019R+D, tant europeus com estatals, coordinats per i2CAT.<\/p>\n\t\t\t\t\t\t\t<\/div>\n\t\t\t\t\t\t\t\t\t\t\t<\/div>\n\n\t\t\t\t\t\t\t\t\t<\/div>\n\t\t\t<\/div>\n\n\t\t\n\t\t<!-- Basic claim layout -->\n\t\t\n\t\t\n\t<\/div>\n<\/section>\n\n\n<figure class=\"wp-block-embed is-type-video is-provider-youtube wp-block-embed-youtube wp-embed-aspect-16-9 wp-has-aspect-ratio\"><div class=\"wp-block-embed__wrapper\">\n<iframe loading=\"lazy\" title=\"AI and 5G\/WiFi6 connectivity for improved visual inspection in factories I 6GSMART I i2CAT\" width=\"640\" height=\"360\" src=\"https:\/\/www.youtube.com\/embed\/QAO1eabQwFA?start=2&#038;feature=oembed&#038;enablejsapi=1&#038;origin=https:\/\/i2cat.net\" frameborder=\"0\" allow=\"accelerometer; autoplay; clipboard-write; encrypted-media; gyroscope; picture-in-picture; web-share\" referrerpolicy=\"strict-origin-when-cross-origin\" allowfullscreen><\/iframe>\n<\/div><\/figure>\n\n\n\n<p><strong>Avantatges aplicables a m\u00faltiples sectors<\/strong><\/p>\n\n\n\n<p>Gr\u00e0cies a la connectivitat 5G robusta, segura i personalitzable que ofereix, Neutroon no nom\u00e9s proporciona solucions tecnol\u00f2giques, sin\u00f3 que estableix una alian\u00e7a estrat\u00e8gica per impulsar la innovaci\u00f3, millorar l\u2019efici\u00e8ncia i garantir la privadesa de dades, un aspecte essencial per a diversos sectors.<\/p>\n\n\n\n<ul class=\"wp-block-list\">\n<li>Ind\u00fastria 4.0: Permet comunicacions d\u2019alta fiabilitat i baixa lat\u00e8ncia, indispensables per a robots aut\u00f2noms i sistemes automatitzats de control de qualitat.<\/li>\n\n\n\n<li>Ciutats intel\u00b7ligents: Proporciona la infraestructura necess\u00e0ria per transformar els serveis p\u00fablics en entorns m\u00e9s eficients i interconnectats.&nbsp;<\/li>\n\n\n\n<li>Salut: Permet incorporar solucions de realitat augmentada en programes de formaci\u00f3 m\u00e8dica.&nbsp;<\/li>\n\n\n\n<li>Esports: Enriqueix l\u2019experi\u00e8ncia de l\u2019afici\u00f3 en recintes esportius de gran capacitat.<\/li>\n<\/ul>\n\n\n\n<p><a href=\"https:\/\/www.neutroon.com\/\" target=\"_blank\" rel=\"noreferrer noopener\">M\u00e9s informaci\u00f3 sobre Neutroon<\/a><\/p>\n","protected":false},"excerpt":{"rendered":"<p>Avantatges aplicables a m\u00faltiples sectors Gr\u00e0cies a la connectivitat 5G robusta, segura i personalitzable que&#8230;<\/p>\n","protected":false},"author":1,"featured_media":17766,"parent":17292,"menu_order":0,"comment_status":"closed","ping_status":"closed","template":"","meta":{"_acf_changed":false,"footnotes":""},"class_list":["post-17289","page","type-page","status-publish","has-post-thumbnail","hentry"],"acf":[],"yoast_head":"<!-- This site is optimized with the Yoast SEO plugin v26.9 - https:\/\/yoast.com\/product\/yoast-seo-wordpress\/ -->\n<title>Neutroon - i2CAT Research Centre<\/title>\n<meta name=\"description\" content=\"Aquesta complexitat esdev\u00e9 una barrera important per a les empreses que requereixen connectivitat avan\u00e7ada, fiable i amb baixa lat\u00e8ncia per impulsar la seva transformaci\u00f3 digital.\" \/>\n<meta name=\"robots\" content=\"index, follow, max-snippet:-1, max-image-preview:large, max-video-preview:-1\" \/>\n<link rel=\"canonical\" href=\"https:\/\/i2cat.net\/ca\/transferencia-tecnologica\/neutroon\/\" \/>\n<meta property=\"og:locale\" content=\"ca_ES\" \/>\n<meta property=\"og:type\" content=\"article\" \/>\n<meta property=\"og:title\" content=\"Neutroon - i2CAT Research Centre\" \/>\n<meta property=\"og:description\" content=\"Aquesta complexitat esdev\u00e9 una barrera important per a les empreses que requereixen connectivitat avan\u00e7ada, fiable i amb baixa lat\u00e8ncia per impulsar la seva transformaci\u00f3 digital.\" \/>\n<meta property=\"og:url\" content=\"https:\/\/i2cat.net\/ca\/transferencia-tecnologica\/neutroon\/\" \/>\n<meta property=\"og:site_name\" content=\"i2CAT Research Centre\" \/>\n<meta property=\"article:modified_time\" content=\"2025-12-09T12:42:37+00:00\" \/>\n<meta property=\"og:image\" content=\"https:\/\/i2cat.net\/wp-content\/uploads\/2025\/11\/Neutroon.jpg\" \/>\n\t<meta property=\"og:image:width\" content=\"1920\" \/>\n\t<meta property=\"og:image:height\" content=\"1080\" \/>\n\t<meta property=\"og:image:type\" content=\"image\/jpeg\" \/>\n<meta name=\"twitter:card\" content=\"summary_large_image\" \/>\n<script type=\"application\/ld+json\" class=\"yoast-schema-graph\">{\"@context\":\"https:\/\/schema.org\",\"@graph\":[{\"@type\":\"WebPage\",\"@id\":\"https:\/\/i2cat.net\/ca\/transferencia-tecnologica\/neutroon\/\",\"url\":\"https:\/\/i2cat.net\/ca\/transferencia-tecnologica\/neutroon\/\",\"name\":\"Neutroon - i2CAT Research Centre\",\"isPartOf\":{\"@id\":\"https:\/\/i2cat.net\/ca\/#website\"},\"primaryImageOfPage\":{\"@id\":\"https:\/\/i2cat.net\/ca\/transferencia-tecnologica\/neutroon\/#primaryimage\"},\"image\":{\"@id\":\"https:\/\/i2cat.net\/ca\/transferencia-tecnologica\/neutroon\/#primaryimage\"},\"thumbnailUrl\":\"https:\/\/i2cat.net\/wp-content\/uploads\/2025\/11\/Neutroon.jpg\",\"datePublished\":\"2025-11-24T11:58:38+00:00\",\"dateModified\":\"2025-12-09T12:42:37+00:00\",\"description\":\"Aquesta complexitat esdev\u00e9 una barrera important per a les empreses que requereixen connectivitat avan\u00e7ada, fiable i amb baixa lat\u00e8ncia per impulsar la seva transformaci\u00f3 digital.\",\"breadcrumb\":{\"@id\":\"https:\/\/i2cat.net\/ca\/transferencia-tecnologica\/neutroon\/#breadcrumb\"},\"inLanguage\":\"ca\",\"potentialAction\":[{\"@type\":\"ReadAction\",\"target\":[\"https:\/\/i2cat.net\/ca\/transferencia-tecnologica\/neutroon\/\"]}]},{\"@type\":\"ImageObject\",\"inLanguage\":\"ca\",\"@id\":\"https:\/\/i2cat.net\/ca\/transferencia-tecnologica\/neutroon\/#primaryimage\",\"url\":\"https:\/\/i2cat.net\/wp-content\/uploads\/2025\/11\/Neutroon.jpg\",\"contentUrl\":\"https:\/\/i2cat.net\/wp-content\/uploads\/2025\/11\/Neutroon.jpg\",\"width\":1920,\"height\":1080,\"caption\":\"Neutroon\"},{\"@type\":\"BreadcrumbList\",\"@id\":\"https:\/\/i2cat.net\/ca\/transferencia-tecnologica\/neutroon\/#breadcrumb\",\"itemListElement\":[{\"@type\":\"ListItem\",\"position\":1,\"name\":\"Home\",\"item\":\"https:\/\/i2cat.net\/ca\/\"},{\"@type\":\"ListItem\",\"position\":2,\"name\":\"Transfer\u00e8ncia Tecnol\u00f2gica\",\"item\":\"https:\/\/i2cat.net\/ca\/transferencia-tecnologica\/\"},{\"@type\":\"ListItem\",\"position\":3,\"name\":\"Neutroon\"}]},{\"@type\":\"WebSite\",\"@id\":\"https:\/\/i2cat.net\/ca\/#website\",\"url\":\"https:\/\/i2cat.net\/ca\/\",\"name\":\"i2CAT Research Centre\",\"description\":\"\",\"potentialAction\":[{\"@type\":\"SearchAction\",\"target\":{\"@type\":\"EntryPoint\",\"urlTemplate\":\"https:\/\/i2cat.net\/ca\/?s={search_term_string}\"},\"query-input\":{\"@type\":\"PropertyValueSpecification\",\"valueRequired\":true,\"valueName\":\"search_term_string\"}}],\"inLanguage\":\"ca\"}]}<\/script>\n<!-- \/ Yoast SEO plugin. -->","yoast_head_json":{"title":"Neutroon - i2CAT Research Centre","description":"Aquesta complexitat esdev\u00e9 una barrera important per a les empreses que requereixen connectivitat avan\u00e7ada, fiable i amb baixa lat\u00e8ncia per impulsar la seva transformaci\u00f3 digital.","robots":{"index":"index","follow":"follow","max-snippet":"max-snippet:-1","max-image-preview":"max-image-preview:large","max-video-preview":"max-video-preview:-1"},"canonical":"https:\/\/i2cat.net\/ca\/transferencia-tecnologica\/neutroon\/","og_locale":"ca_ES","og_type":"article","og_title":"Neutroon - i2CAT Research Centre","og_description":"Aquesta complexitat esdev\u00e9 una barrera important per a les empreses que requereixen connectivitat avan\u00e7ada, fiable i amb baixa lat\u00e8ncia per impulsar la seva transformaci\u00f3 digital.","og_url":"https:\/\/i2cat.net\/ca\/transferencia-tecnologica\/neutroon\/","og_site_name":"i2CAT Research Centre","article_modified_time":"2025-12-09T12:42:37+00:00","og_image":[{"width":1920,"height":1080,"url":"https:\/\/i2cat.net\/wp-content\/uploads\/2025\/11\/Neutroon.jpg","type":"image\/jpeg"}],"twitter_card":"summary_large_image","schema":{"@context":"https:\/\/schema.org","@graph":[{"@type":"WebPage","@id":"https:\/\/i2cat.net\/ca\/transferencia-tecnologica\/neutroon\/","url":"https:\/\/i2cat.net\/ca\/transferencia-tecnologica\/neutroon\/","name":"Neutroon - i2CAT Research Centre","isPartOf":{"@id":"https:\/\/i2cat.net\/ca\/#website"},"primaryImageOfPage":{"@id":"https:\/\/i2cat.net\/ca\/transferencia-tecnologica\/neutroon\/#primaryimage"},"image":{"@id":"https:\/\/i2cat.net\/ca\/transferencia-tecnologica\/neutroon\/#primaryimage"},"thumbnailUrl":"https:\/\/i2cat.net\/wp-content\/uploads\/2025\/11\/Neutroon.jpg","datePublished":"2025-11-24T11:58:38+00:00","dateModified":"2025-12-09T12:42:37+00:00","description":"Aquesta complexitat esdev\u00e9 una barrera important per a les empreses que requereixen connectivitat avan\u00e7ada, fiable i amb baixa lat\u00e8ncia per impulsar la seva transformaci\u00f3 digital.","breadcrumb":{"@id":"https:\/\/i2cat.net\/ca\/transferencia-tecnologica\/neutroon\/#breadcrumb"},"inLanguage":"ca","potentialAction":[{"@type":"ReadAction","target":["https:\/\/i2cat.net\/ca\/transferencia-tecnologica\/neutroon\/"]}]},{"@type":"ImageObject","inLanguage":"ca","@id":"https:\/\/i2cat.net\/ca\/transferencia-tecnologica\/neutroon\/#primaryimage","url":"https:\/\/i2cat.net\/wp-content\/uploads\/2025\/11\/Neutroon.jpg","contentUrl":"https:\/\/i2cat.net\/wp-content\/uploads\/2025\/11\/Neutroon.jpg","width":1920,"height":1080,"caption":"Neutroon"},{"@type":"BreadcrumbList","@id":"https:\/\/i2cat.net\/ca\/transferencia-tecnologica\/neutroon\/#breadcrumb","itemListElement":[{"@type":"ListItem","position":1,"name":"Home","item":"https:\/\/i2cat.net\/ca\/"},{"@type":"ListItem","position":2,"name":"Transfer\u00e8ncia Tecnol\u00f2gica","item":"https:\/\/i2cat.net\/ca\/transferencia-tecnologica\/"},{"@type":"ListItem","position":3,"name":"Neutroon"}]},{"@type":"WebSite","@id":"https:\/\/i2cat.net\/ca\/#website","url":"https:\/\/i2cat.net\/ca\/","name":"i2CAT Research Centre","description":"","potentialAction":[{"@type":"SearchAction","target":{"@type":"EntryPoint","urlTemplate":"https:\/\/i2cat.net\/ca\/?s={search_term_string}"},"query-input":{"@type":"PropertyValueSpecification","valueRequired":true,"valueName":"search_term_string"}}],"inLanguage":"ca"}]}},"_links":{"self":[{"href":"https:\/\/i2cat.net\/ca\/wp-json\/wp\/v2\/pages\/17289","targetHints":{"allow":["GET"]}}],"collection":[{"href":"https:\/\/i2cat.net\/ca\/wp-json\/wp\/v2\/pages"}],"about":[{"href":"https:\/\/i2cat.net\/ca\/wp-json\/wp\/v2\/types\/page"}],"author":[{"embeddable":true,"href":"https:\/\/i2cat.net\/ca\/wp-json\/wp\/v2\/users\/1"}],"replies":[{"embeddable":true,"href":"https:\/\/i2cat.net\/ca\/wp-json\/wp\/v2\/comments?post=17289"}],"version-history":[{"count":6,"href":"https:\/\/i2cat.net\/ca\/wp-json\/wp\/v2\/pages\/17289\/revisions"}],"predecessor-version":[{"id":19306,"href":"https:\/\/i2cat.net\/ca\/wp-json\/wp\/v2\/pages\/17289\/revisions\/19306"}],"up":[{"embeddable":true,"href":"https:\/\/i2cat.net\/ca\/wp-json\/wp\/v2\/pages\/17292"}],"wp:featuredmedia":[{"embeddable":true,"href":"https:\/\/i2cat.net\/ca\/wp-json\/wp\/v2\/media\/17766"}],"wp:attachment":[{"href":"https:\/\/i2cat.net\/ca\/wp-json\/wp\/v2\/media?parent=17289"}],"curies":[{"name":"wp","href":"https:\/\/api.w.org\/{rel}","templated":true}]}}