{"id":17299,"date":"2025-11-24T12:59:31","date_gmt":"2025-11-24T11:59:31","guid":{"rendered":"https:\/\/i2cat.net\/?page_id=17299"},"modified":"2025-12-09T13:43:58","modified_gmt":"2025-12-09T12:43:58","slug":"watchity","status":"publish","type":"page","link":"https:\/\/i2cat.net\/ca\/transferencia-tecnologica\/watchity\/","title":{"rendered":"Watchity"},"content":{"rendered":"\n<section class=\"alignfull header-hero relative black-veil  bg-gray-100\">\n\n\t\n\t<div\n\t\tclass=\"flex flex-col pt-12 md:justify-end lg:pt-16 lg:pb-10 container min-h-[440px]\">\n\n\t\t<div class=\"grid grid-cols-1 gap-6 md:grid-cols-2\">\n\t\t\t<div>\n\t\t\t\t\t\t\t\t\t\t\t\t\t\t\t<div class=\"!text-black uppercase mb-3\">SPIN-OFF<\/div>\n\t\t\t\t\t\t\t\t\t\n\t\t\t\t\t\t\t\t\t<h1 class=\"text-h3 md:text-h1 !text-black mb-0\">Watchity<\/h1>\n\t\t\t\t\n\t\t\t\t\t\t\t<\/div>\n\t\t\t<div>\n\t\t\t\t\t\t\t\t\t<img decoding=\"async\" src=\"https:\/\/i2cat.net\/wp-content\/uploads\/2025\/11\/Watchity.jpg\" alt=\"Watchity\"\n\t\t\t\t\t\tclass=\"w-full h-automd:h-[432px] object-cover rounded-lg\">\n\t\t\t\t\t\t\t<\/div>\n\t\t<\/div>\n\n\t<\/div>\n\n\t\n<\/section>\n\n\n\n<section class=\"text-media-claim py-10 lg:py-20\">\n\t<div class=\"\">\n\t\t<!-- if is a full width section, apply container -->\n\n\n\t\t\n\t\t<!-- Orange dot claim layout -->\n\t\t\n\t\t\t<div\n\t\t\t\tclass=\"grid lg:grid-cols-12 gap-baseGap items-center justify-between \">\n\n\t\t\t\t<!-- Image column -->\n\t\t\t\t<div\n\t\t\t\t\tclass=\"w-full lg:col-span-5 h-full \">\n\t\t\t\t\t\t\t\t\t\t\t\t\t\t\t\t\t\t<span class='primary-square'><\/span>\n\t\t\t\t\t\t\t<h2 class='text-h5 md:text-h3 my-4 leading-10'>Transformaci\u00f3 de la comunicaci\u00f3 corporativa amb contingut audiovisual de qualitat professional<\/h2>\n\t\t\t\t\t\t\t\t\t\t\t\t\t\t\t<\/div>\n\n\t\t\t\t<!-- Content column -->\n\t\t\t\t<div\n\t\t\t\t\tclass=\"h-full xl:col-span-6 lg:col-span-7 flex flex-col justify-between xl:col-start-7 lg:col-start-6\">\n\t\t\t\t\t<div>\n\t\t\t\t\t\t\n\t\t\t\t\t\t\t\t\t\t\t\t\t<div class=\"my-6 text-h5\">\n\t\t\t\t\t\t\t\tEn el panorama digital actual, les organitzacions necessiten crear contingut de v\u00eddeo din\u00e0mic i d\u2019alta qualitat per poder destacar. No obstant aix\u00f2, la producci\u00f3 d\u2019esdeveniments en directe, webinars o v\u00eddeos sota demanda amb acabats professionals sovint requereix coneixements t\u00e8cnics especialitzats i eines complexes.\t\t\t\t\t\t\t<\/div>\n\t\t\t\t\t\t\n\t\t\t\t\t\t\t\t\t\t\t\t\t<div class=\"mb-6 md:text-lead\">\n\t\t\t\t\t\t\t\t<p><!-- wp:paragraph --><\/p>\n<p>i2CAT va posar en marxa Watchity l\u2019any 2015 per obtenir resultats rellevants en la seva tecnologia de mitjans interactius i immersius.<\/p>\n<p><!-- \/wp:paragraph --> <!-- wp:paragraph --><\/p>\n<p>Watchity \u00e9s una plataforma integral al n\u00favol que simplifica totes les fases del proc\u00e9s audiovisual: producci\u00f3, gesti\u00f3, distribuci\u00f3 i interacci\u00f3. Es tracta d\u2019una eina \u201ctot en un\u201d que ofereix a qualsevol entitat la possibilitat de produir contingut de v\u00eddeo amb qualitat televisiva sense esfor\u00e7 ni coneixements t\u00e8cnics avan\u00e7ats.<\/p>\n<p><!-- \/wp:paragraph --> <!-- wp:paragraph --><\/p>\n<p>Watchity es va crear a partir de la recerca especialitzada d\u2019i2CAT en l\u2019\u00e0mbit dels mitjans interactius i immersius. Representa un cas d\u2019\u00e8xit clau de l\u2019estrat\u00e8gia de transfer\u00e8ncia tecnol\u00f2gica del centre, que transforma la tecnologia complexa en una eina accessible i comercialitzable.<\/p>\n<p><!-- \/wp:paragraph --> <!-- wp:heading {\"level\":5} --><\/p>\n<h5 class=\"wp-block-heading\"><strong>Avantatges adaptats a m\u00faltiples necessitats<\/strong><\/h5>\n<p><!-- \/wp:heading --> <!-- wp:paragraph --><\/p>\n<p>Watchity democratitza l\u2019acc\u00e9s a la producci\u00f3 de v\u00eddeo d\u2019alta gamma i ofereix una plataforma s\u00f2lida i escalable aprofitable pels seg\u00fcents sectors:<\/p>\n<p><!-- \/wp:paragraph --> <!-- wp:list --><\/p>\n<ul class=\"wp-block-list\"><!-- wp:list-item --><\/p>\n<li><strong>Comunicaci\u00f3 corporativa: <\/strong>Les empreses poden crear <em>webinars<\/em> professionals, sessions de formaci\u00f3 interna i v\u00eddeos de m\u00e0rqueting de gran impacte per refor\u00e7ar la marca i connectar amb el seu p\u00fablic.<\/li>\n<p><!-- \/wp:list-item --> <!-- wp:list-item --><\/p>\n<li><strong>Sector p\u00fablic: <\/strong>Les institucions p\u00fabliques poden dur a terme rodes de premsa virtuals i actes p\u00fablics de manera transparent i accessible.<\/li>\n<p><!-- \/wp:list-item --> <!-- wp:list-item --><\/p>\n<li><strong>Esports i entreteniment: <\/strong>Els clubs esportius i les emissores poden produir esdeveniments en directe amb multic\u00e0mera i crear continguts din\u00e0mics per a l\u2019afici\u00f3.<\/li>\n<p><!-- \/wp:list-item --> <!-- wp:list-item --><\/p>\n<li><strong>Educaci\u00f3:<\/strong> Els centres educatius poden oferir cursos en l\u00ednia interactius i sessions formatives d\u2019alta qualitat.<\/li>\n<p><!-- \/wp:list-item --><\/ul>\n<p><!-- \/wp:list --> <!-- wp:paragraph --><\/p>\n<p>Com a aliada estrat\u00e8gica de les organitzacions, Watchity ofereix una plataforma s\u00f2lida, intu\u00eftiva i escalable que facilita la innovaci\u00f3, la participaci\u00f3 i la transmissi\u00f3 de missatges audiovisuals de gran impacte.<\/p>\n<p><!-- \/wp:paragraph --> <!-- wp:paragraph --><\/p>\n<p>M\u00e9s informaci\u00f3 sobre <a href=\"https:\/\/www.watchity.com\/\" target=\"_blank\" rel=\"noreferrer noopener\">Watchity<\/a>.<\/p>\n<p><!-- \/wp:paragraph --><\/p>\n\t\t\t\t\t\t\t<\/div>\n\t\t\t\t\t\t\t\t\t\t\t<\/div>\n\n\t\t\t\t\t\t\t\t\t<\/div>\n\t\t\t<\/div>\n\n\t\t\n\t\t<!-- Basic claim layout -->\n\t\t\n\t\t\n\t<\/div>\n<\/section>","protected":false},"excerpt":{"rendered":"","protected":false},"author":1,"featured_media":17769,"parent":17292,"menu_order":0,"comment_status":"closed","ping_status":"closed","template":"","meta":{"_acf_changed":false,"footnotes":""},"class_list":["post-17299","page","type-page","status-publish","has-post-thumbnail","hentry"],"acf":[],"yoast_head":"<!-- This site is optimized with the Yoast SEO plugin v26.9 - https:\/\/yoast.com\/product\/yoast-seo-wordpress\/ -->\n<title>Watchity - i2CAT Research Centre<\/title>\n<meta name=\"description\" content=\"No obstant aix\u00f2, la producci\u00f3 d\u2019esdeveniments en directe, webinars o v\u00eddeos sota demanda amb acabats professionals sovint requereix coneixements t\u00e8cnics especialitzats i eines complexes.\" \/>\n<meta name=\"robots\" content=\"index, follow, max-snippet:-1, max-image-preview:large, max-video-preview:-1\" \/>\n<link rel=\"canonical\" href=\"https:\/\/i2cat.net\/ca\/transferencia-tecnologica\/watchity\/\" \/>\n<meta property=\"og:locale\" content=\"ca_ES\" \/>\n<meta property=\"og:type\" content=\"article\" \/>\n<meta property=\"og:title\" content=\"Watchity - i2CAT Research Centre\" \/>\n<meta property=\"og:description\" content=\"No obstant aix\u00f2, la producci\u00f3 d\u2019esdeveniments en directe, webinars o v\u00eddeos sota demanda amb acabats professionals sovint requereix coneixements t\u00e8cnics especialitzats i eines complexes.\" \/>\n<meta property=\"og:url\" content=\"https:\/\/i2cat.net\/ca\/transferencia-tecnologica\/watchity\/\" \/>\n<meta property=\"og:site_name\" content=\"i2CAT Research Centre\" \/>\n<meta property=\"article:modified_time\" content=\"2025-12-09T12:43:58+00:00\" \/>\n<meta property=\"og:image\" content=\"https:\/\/i2cat.net\/wp-content\/uploads\/2025\/11\/Watchity.jpg\" \/>\n\t<meta property=\"og:image:width\" content=\"1920\" \/>\n\t<meta property=\"og:image:height\" content=\"1080\" \/>\n\t<meta property=\"og:image:type\" content=\"image\/jpeg\" \/>\n<meta name=\"twitter:card\" content=\"summary_large_image\" \/>\n<script type=\"application\/ld+json\" class=\"yoast-schema-graph\">{\"@context\":\"https:\/\/schema.org\",\"@graph\":[{\"@type\":\"WebPage\",\"@id\":\"https:\/\/i2cat.net\/ca\/transferencia-tecnologica\/watchity\/\",\"url\":\"https:\/\/i2cat.net\/ca\/transferencia-tecnologica\/watchity\/\",\"name\":\"Watchity - i2CAT Research Centre\",\"isPartOf\":{\"@id\":\"https:\/\/i2cat.net\/ca\/#website\"},\"primaryImageOfPage\":{\"@id\":\"https:\/\/i2cat.net\/ca\/transferencia-tecnologica\/watchity\/#primaryimage\"},\"image\":{\"@id\":\"https:\/\/i2cat.net\/ca\/transferencia-tecnologica\/watchity\/#primaryimage\"},\"thumbnailUrl\":\"https:\/\/i2cat.net\/wp-content\/uploads\/2025\/11\/Watchity.jpg\",\"datePublished\":\"2025-11-24T11:59:31+00:00\",\"dateModified\":\"2025-12-09T12:43:58+00:00\",\"description\":\"No obstant aix\u00f2, la producci\u00f3 d\u2019esdeveniments en directe, webinars o v\u00eddeos sota demanda amb acabats professionals sovint requereix coneixements t\u00e8cnics especialitzats i eines complexes.\",\"breadcrumb\":{\"@id\":\"https:\/\/i2cat.net\/ca\/transferencia-tecnologica\/watchity\/#breadcrumb\"},\"inLanguage\":\"ca\",\"potentialAction\":[{\"@type\":\"ReadAction\",\"target\":[\"https:\/\/i2cat.net\/ca\/transferencia-tecnologica\/watchity\/\"]}]},{\"@type\":\"ImageObject\",\"inLanguage\":\"ca\",\"@id\":\"https:\/\/i2cat.net\/ca\/transferencia-tecnologica\/watchity\/#primaryimage\",\"url\":\"https:\/\/i2cat.net\/wp-content\/uploads\/2025\/11\/Watchity.jpg\",\"contentUrl\":\"https:\/\/i2cat.net\/wp-content\/uploads\/2025\/11\/Watchity.jpg\",\"width\":1920,\"height\":1080,\"caption\":\"Watchity\"},{\"@type\":\"BreadcrumbList\",\"@id\":\"https:\/\/i2cat.net\/ca\/transferencia-tecnologica\/watchity\/#breadcrumb\",\"itemListElement\":[{\"@type\":\"ListItem\",\"position\":1,\"name\":\"Home\",\"item\":\"https:\/\/i2cat.net\/ca\/\"},{\"@type\":\"ListItem\",\"position\":2,\"name\":\"Transfer\u00e8ncia Tecnol\u00f2gica\",\"item\":\"https:\/\/i2cat.net\/ca\/transferencia-tecnologica\/\"},{\"@type\":\"ListItem\",\"position\":3,\"name\":\"Watchity\"}]},{\"@type\":\"WebSite\",\"@id\":\"https:\/\/i2cat.net\/ca\/#website\",\"url\":\"https:\/\/i2cat.net\/ca\/\",\"name\":\"i2CAT Research Centre\",\"description\":\"\",\"potentialAction\":[{\"@type\":\"SearchAction\",\"target\":{\"@type\":\"EntryPoint\",\"urlTemplate\":\"https:\/\/i2cat.net\/ca\/?s={search_term_string}\"},\"query-input\":{\"@type\":\"PropertyValueSpecification\",\"valueRequired\":true,\"valueName\":\"search_term_string\"}}],\"inLanguage\":\"ca\"}]}<\/script>\n<!-- \/ Yoast SEO plugin. -->","yoast_head_json":{"title":"Watchity - i2CAT Research Centre","description":"No obstant aix\u00f2, la producci\u00f3 d\u2019esdeveniments en directe, webinars o v\u00eddeos sota demanda amb acabats professionals sovint requereix coneixements t\u00e8cnics especialitzats i eines complexes.","robots":{"index":"index","follow":"follow","max-snippet":"max-snippet:-1","max-image-preview":"max-image-preview:large","max-video-preview":"max-video-preview:-1"},"canonical":"https:\/\/i2cat.net\/ca\/transferencia-tecnologica\/watchity\/","og_locale":"ca_ES","og_type":"article","og_title":"Watchity - i2CAT Research Centre","og_description":"No obstant aix\u00f2, la producci\u00f3 d\u2019esdeveniments en directe, webinars o v\u00eddeos sota demanda amb acabats professionals sovint requereix coneixements t\u00e8cnics especialitzats i eines complexes.","og_url":"https:\/\/i2cat.net\/ca\/transferencia-tecnologica\/watchity\/","og_site_name":"i2CAT Research Centre","article_modified_time":"2025-12-09T12:43:58+00:00","og_image":[{"width":1920,"height":1080,"url":"https:\/\/i2cat.net\/wp-content\/uploads\/2025\/11\/Watchity.jpg","type":"image\/jpeg"}],"twitter_card":"summary_large_image","schema":{"@context":"https:\/\/schema.org","@graph":[{"@type":"WebPage","@id":"https:\/\/i2cat.net\/ca\/transferencia-tecnologica\/watchity\/","url":"https:\/\/i2cat.net\/ca\/transferencia-tecnologica\/watchity\/","name":"Watchity - i2CAT Research Centre","isPartOf":{"@id":"https:\/\/i2cat.net\/ca\/#website"},"primaryImageOfPage":{"@id":"https:\/\/i2cat.net\/ca\/transferencia-tecnologica\/watchity\/#primaryimage"},"image":{"@id":"https:\/\/i2cat.net\/ca\/transferencia-tecnologica\/watchity\/#primaryimage"},"thumbnailUrl":"https:\/\/i2cat.net\/wp-content\/uploads\/2025\/11\/Watchity.jpg","datePublished":"2025-11-24T11:59:31+00:00","dateModified":"2025-12-09T12:43:58+00:00","description":"No obstant aix\u00f2, la producci\u00f3 d\u2019esdeveniments en directe, webinars o v\u00eddeos sota demanda amb acabats professionals sovint requereix coneixements t\u00e8cnics especialitzats i eines complexes.","breadcrumb":{"@id":"https:\/\/i2cat.net\/ca\/transferencia-tecnologica\/watchity\/#breadcrumb"},"inLanguage":"ca","potentialAction":[{"@type":"ReadAction","target":["https:\/\/i2cat.net\/ca\/transferencia-tecnologica\/watchity\/"]}]},{"@type":"ImageObject","inLanguage":"ca","@id":"https:\/\/i2cat.net\/ca\/transferencia-tecnologica\/watchity\/#primaryimage","url":"https:\/\/i2cat.net\/wp-content\/uploads\/2025\/11\/Watchity.jpg","contentUrl":"https:\/\/i2cat.net\/wp-content\/uploads\/2025\/11\/Watchity.jpg","width":1920,"height":1080,"caption":"Watchity"},{"@type":"BreadcrumbList","@id":"https:\/\/i2cat.net\/ca\/transferencia-tecnologica\/watchity\/#breadcrumb","itemListElement":[{"@type":"ListItem","position":1,"name":"Home","item":"https:\/\/i2cat.net\/ca\/"},{"@type":"ListItem","position":2,"name":"Transfer\u00e8ncia Tecnol\u00f2gica","item":"https:\/\/i2cat.net\/ca\/transferencia-tecnologica\/"},{"@type":"ListItem","position":3,"name":"Watchity"}]},{"@type":"WebSite","@id":"https:\/\/i2cat.net\/ca\/#website","url":"https:\/\/i2cat.net\/ca\/","name":"i2CAT Research Centre","description":"","potentialAction":[{"@type":"SearchAction","target":{"@type":"EntryPoint","urlTemplate":"https:\/\/i2cat.net\/ca\/?s={search_term_string}"},"query-input":{"@type":"PropertyValueSpecification","valueRequired":true,"valueName":"search_term_string"}}],"inLanguage":"ca"}]}},"_links":{"self":[{"href":"https:\/\/i2cat.net\/ca\/wp-json\/wp\/v2\/pages\/17299","targetHints":{"allow":["GET"]}}],"collection":[{"href":"https:\/\/i2cat.net\/ca\/wp-json\/wp\/v2\/pages"}],"about":[{"href":"https:\/\/i2cat.net\/ca\/wp-json\/wp\/v2\/types\/page"}],"author":[{"embeddable":true,"href":"https:\/\/i2cat.net\/ca\/wp-json\/wp\/v2\/users\/1"}],"replies":[{"embeddable":true,"href":"https:\/\/i2cat.net\/ca\/wp-json\/wp\/v2\/comments?post=17299"}],"version-history":[{"count":7,"href":"https:\/\/i2cat.net\/ca\/wp-json\/wp\/v2\/pages\/17299\/revisions"}],"predecessor-version":[{"id":19308,"href":"https:\/\/i2cat.net\/ca\/wp-json\/wp\/v2\/pages\/17299\/revisions\/19308"}],"up":[{"embeddable":true,"href":"https:\/\/i2cat.net\/ca\/wp-json\/wp\/v2\/pages\/17292"}],"wp:featuredmedia":[{"embeddable":true,"href":"https:\/\/i2cat.net\/ca\/wp-json\/wp\/v2\/media\/17769"}],"wp:attachment":[{"href":"https:\/\/i2cat.net\/ca\/wp-json\/wp\/v2\/media?parent=17299"}],"curies":[{"name":"wp","href":"https:\/\/api.w.org\/{rel}","templated":true}]}}