{"id":17372,"date":"2025-02-26T11:28:40","date_gmt":"2025-02-26T10:28:40","guid":{"rendered":"https:\/\/i2cat.net\/?page_id=17372"},"modified":"2025-11-25T19:33:55","modified_gmt":"2025-11-25T18:33:55","slug":"que-fem","status":"publish","type":"page","link":"https:\/\/i2cat.net\/ca\/que-fem\/","title":{"rendered":"Qu\u00e8 fem"},"content":{"rendered":"\n<section class=\"alignfull header-hero relative black-veil \">\n\n\t\t\t<picture>\n\t\t\t<source media=\"(max-width: 768px)\" srcset=\"\">\n\t\t\t<img decoding=\"async\" class=\"w-full h-full absolute inset-0 object-cover z-[-1]\" src=\"https:\/\/i2cat.net\/wp-content\/uploads\/2025\/03\/home-banner-i2cat-mp4-image.png\"\n\t\t\t\talt=\"\">\n\t\t<\/picture>\n\t\n\t<div\n\t\tclass=\"flex flex-col pt-12 md:justify-end lg:pt-16 lg:pb-10 container min-h-[440px]\">\n\n\t\t<div class=\"grid grid-cols-1 gap-6 md:grid-cols-2\">\n\t\t\t<div>\n\t\t\t\t\t\t\t\t\t\t\t\t\t\n\t\t\t\t\t\t\t\t\t<h1 class=\"text-h3 md:text-h1 text-white mb-0\">Qu\u00e8 fem<\/h1>\n\t\t\t\t\n\t\t\t\t\t\t\t<\/div>\n\t\t\t<div>\n\t\t\t\t\t\t\t<\/div>\n\t\t<\/div>\n\n\t<\/div>\n\n\t\n<\/section>\n\n\n<section class=\"images-grid py-10 lg:py-20\">\n\t<div class=\"px-10\">\n\n\t\t\n\t\t\t\t\t<div class=\"grid md:grid-cols-2 xl:grid-cols-3 gap-4 md:gap-2\">\n\t\t\t\t\t\t\t\t\t<a class=\"featured-box card\" href=\"https:\/\/i2cat.net\/ca\/que-fem\/aliances-empresarials\/\" target=\"\">\n\t\t\t\t\t\t<img decoding=\"async\" class=\"w-full h-full object-cover aspect-square\" src=\"https:\/\/i2cat.net\/wp-content\/uploads\/2025\/10\/Business-Header-scaled-e1764605300523.jpg\" alt=\"Business Development at i2CAT\">\n\t\t\t\t\t\t<div class=\"featured-content\">\n\t\t\t\t\t\t\t<h3 class=\"text-lg md:text-h5 flex justify-between items-center md:mb-[80px] font-normal text-black\">\n\t\t\t\t\t\t\t\tAliances empresarials<span class=\"primary-square-post\"><\/span>\n\t\t\t\t\t\t\t<\/h3>\n\t\t\t\t\t\t\t<p class=\"description\">Fomentant la col\u00b7laboraci\u00f3 amb organitzacions privades, i2CAT impulsa la innovaci\u00f3 al mercat, garantint que els aven\u00e7os tecnol\u00f2gics d&#8217;avantguarda permetin a les empreses prosperar i crear solucions i productes significatius.\n<\/p>\n\t\t\t\t\t\t<\/div>\n\t\t\t\t\t<\/a>\n\t\t\t\t\t\t\t\t\t<a class=\"featured-box card\" href=\"https:\/\/i2cat.net\/ca\/que-fem\/sector-public\/\" target=\"\">\n\t\t\t\t\t\t<img decoding=\"async\" class=\"w-full h-full object-cover aspect-square\" src=\"https:\/\/i2cat.net\/wp-content\/uploads\/2025\/10\/Public-Sector-Header-scaled.jpg\" alt=\"Public Sector and Territorial Impact at i2CAT\">\n\t\t\t\t\t\t<div class=\"featured-content\">\n\t\t\t\t\t\t\t<h3 class=\"text-lg md:text-h5 flex justify-between items-center md:mb-[80px] font-normal text-black\">\n\t\t\t\t\t\t\t\tSector P\u00fablic<span class=\"primary-square-post\"><\/span>\n\t\t\t\t\t\t\t<\/h3>\n\t\t\t\t\t\t\t<p class=\"description\">i2CAT d\u00f3na suport activament a la transformaci\u00f3 tecnol\u00f2gica digital de les administracions p\u00fabliques, abordant els reptes socials i potenciant l&#8217;ecosistema local d&#8217;innovaci\u00f3 digital.\n<\/p>\n\t\t\t\t\t\t<\/div>\n\t\t\t\t\t<\/a>\n\t\t\t\t\t\t\t\t\t<a class=\"featured-box card\" href=\"https:\/\/i2cat.net\/ca\/que-fem\/recerca-innovacio\/\" target=\"\">\n\t\t\t\t\t\t<img decoding=\"async\" class=\"w-full h-full object-cover aspect-square\" src=\"https:\/\/i2cat.net\/wp-content\/uploads\/2025\/10\/Research-Header-scaled.jpg\" alt=\"Research and Innovation at i2CAT\">\n\t\t\t\t\t\t<div class=\"featured-content\">\n\t\t\t\t\t\t\t<h3 class=\"text-lg md:text-h5 flex justify-between items-center md:mb-[80px] font-normal text-black\">\n\t\t\t\t\t\t\t\tRecerca i Innovaci\u00f3<span class=\"primary-square-post\"><\/span>\n\t\t\t\t\t\t\t<\/h3>\n\t\t\t\t\t\t\t<p class=\"description\">i2CAT \u00e9s un actor important en l&#8217;ecosistema europeu d&#8217;R+I per a tecnologies digitals avan\u00e7ades i d\u00f3na suport al desenvolupament de solucions pioneres per abordar els reptes t\u00e8cnics impulsats pel mercat mitjan\u00e7ant la transfer\u00e8ncia de tecnologia.\n<\/p>\n\t\t\t\t\t\t<\/div>\n\t\t\t\t\t<\/a>\n\t\t\t\t\t\t\t<\/div>\n\t\t\n\t<\/div>\n<\/section>","protected":false},"excerpt":{"rendered":"","protected":false},"author":1,"featured_media":0,"parent":0,"menu_order":0,"comment_status":"closed","ping_status":"closed","template":"","meta":{"_acf_changed":false,"footnotes":""},"class_list":["post-17372","page","type-page","status-publish","hentry"],"acf":[],"yoast_head":"<!-- This site is optimized with the Yoast SEO plugin v26.9 - https:\/\/yoast.com\/product\/yoast-seo-wordpress\/ -->\n<title>Qu\u00e8 fem - i2CAT Research Centre<\/title>\n<meta name=\"robots\" content=\"index, follow, max-snippet:-1, max-image-preview:large, max-video-preview:-1\" \/>\n<link rel=\"canonical\" href=\"https:\/\/i2cat.net\/ca\/que-fem\/\" \/>\n<meta property=\"og:locale\" content=\"ca_ES\" \/>\n<meta property=\"og:type\" content=\"article\" \/>\n<meta property=\"og:title\" content=\"Qu\u00e8 fem - i2CAT Research Centre\" \/>\n<meta property=\"og:url\" content=\"https:\/\/i2cat.net\/ca\/que-fem\/\" \/>\n<meta property=\"og:site_name\" content=\"i2CAT Research Centre\" \/>\n<meta property=\"article:modified_time\" content=\"2025-11-25T18:33:55+00:00\" \/>\n<meta name=\"twitter:card\" content=\"summary_large_image\" \/>\n<script type=\"application\/ld+json\" class=\"yoast-schema-graph\">{\"@context\":\"https:\/\/schema.org\",\"@graph\":[{\"@type\":\"WebPage\",\"@id\":\"https:\/\/i2cat.net\/ca\/que-fem\/\",\"url\":\"https:\/\/i2cat.net\/ca\/que-fem\/\",\"name\":\"Qu\u00e8 fem - i2CAT Research Centre\",\"isPartOf\":{\"@id\":\"https:\/\/i2cat.net\/ca\/#website\"},\"datePublished\":\"2025-02-26T10:28:40+00:00\",\"dateModified\":\"2025-11-25T18:33:55+00:00\",\"breadcrumb\":{\"@id\":\"https:\/\/i2cat.net\/ca\/que-fem\/#breadcrumb\"},\"inLanguage\":\"ca\",\"potentialAction\":[{\"@type\":\"ReadAction\",\"target\":[\"https:\/\/i2cat.net\/ca\/que-fem\/\"]}]},{\"@type\":\"BreadcrumbList\",\"@id\":\"https:\/\/i2cat.net\/ca\/que-fem\/#breadcrumb\",\"itemListElement\":[{\"@type\":\"ListItem\",\"position\":1,\"name\":\"Home\",\"item\":\"https:\/\/i2cat.net\/ca\/\"},{\"@type\":\"ListItem\",\"position\":2,\"name\":\"Qu\u00e8 fem\"}]},{\"@type\":\"WebSite\",\"@id\":\"https:\/\/i2cat.net\/ca\/#website\",\"url\":\"https:\/\/i2cat.net\/ca\/\",\"name\":\"i2CAT Research Centre\",\"description\":\"\",\"potentialAction\":[{\"@type\":\"SearchAction\",\"target\":{\"@type\":\"EntryPoint\",\"urlTemplate\":\"https:\/\/i2cat.net\/ca\/?s={search_term_string}\"},\"query-input\":{\"@type\":\"PropertyValueSpecification\",\"valueRequired\":true,\"valueName\":\"search_term_string\"}}],\"inLanguage\":\"ca\"}]}<\/script>\n<!-- \/ Yoast SEO plugin. -->","yoast_head_json":{"title":"Qu\u00e8 fem - i2CAT Research Centre","robots":{"index":"index","follow":"follow","max-snippet":"max-snippet:-1","max-image-preview":"max-image-preview:large","max-video-preview":"max-video-preview:-1"},"canonical":"https:\/\/i2cat.net\/ca\/que-fem\/","og_locale":"ca_ES","og_type":"article","og_title":"Qu\u00e8 fem - i2CAT Research Centre","og_url":"https:\/\/i2cat.net\/ca\/que-fem\/","og_site_name":"i2CAT Research Centre","article_modified_time":"2025-11-25T18:33:55+00:00","twitter_card":"summary_large_image","schema":{"@context":"https:\/\/schema.org","@graph":[{"@type":"WebPage","@id":"https:\/\/i2cat.net\/ca\/que-fem\/","url":"https:\/\/i2cat.net\/ca\/que-fem\/","name":"Qu\u00e8 fem - i2CAT Research Centre","isPartOf":{"@id":"https:\/\/i2cat.net\/ca\/#website"},"datePublished":"2025-02-26T10:28:40+00:00","dateModified":"2025-11-25T18:33:55+00:00","breadcrumb":{"@id":"https:\/\/i2cat.net\/ca\/que-fem\/#breadcrumb"},"inLanguage":"ca","potentialAction":[{"@type":"ReadAction","target":["https:\/\/i2cat.net\/ca\/que-fem\/"]}]},{"@type":"BreadcrumbList","@id":"https:\/\/i2cat.net\/ca\/que-fem\/#breadcrumb","itemListElement":[{"@type":"ListItem","position":1,"name":"Home","item":"https:\/\/i2cat.net\/ca\/"},{"@type":"ListItem","position":2,"name":"Qu\u00e8 fem"}]},{"@type":"WebSite","@id":"https:\/\/i2cat.net\/ca\/#website","url":"https:\/\/i2cat.net\/ca\/","name":"i2CAT Research Centre","description":"","potentialAction":[{"@type":"SearchAction","target":{"@type":"EntryPoint","urlTemplate":"https:\/\/i2cat.net\/ca\/?s={search_term_string}"},"query-input":{"@type":"PropertyValueSpecification","valueRequired":true,"valueName":"search_term_string"}}],"inLanguage":"ca"}]}},"_links":{"self":[{"href":"https:\/\/i2cat.net\/ca\/wp-json\/wp\/v2\/pages\/17372","targetHints":{"allow":["GET"]}}],"collection":[{"href":"https:\/\/i2cat.net\/ca\/wp-json\/wp\/v2\/pages"}],"about":[{"href":"https:\/\/i2cat.net\/ca\/wp-json\/wp\/v2\/types\/page"}],"author":[{"embeddable":true,"href":"https:\/\/i2cat.net\/ca\/wp-json\/wp\/v2\/users\/1"}],"replies":[{"embeddable":true,"href":"https:\/\/i2cat.net\/ca\/wp-json\/wp\/v2\/comments?post=17372"}],"version-history":[{"count":5,"href":"https:\/\/i2cat.net\/ca\/wp-json\/wp\/v2\/pages\/17372\/revisions"}],"predecessor-version":[{"id":17387,"href":"https:\/\/i2cat.net\/ca\/wp-json\/wp\/v2\/pages\/17372\/revisions\/17387"}],"wp:attachment":[{"href":"https:\/\/i2cat.net\/ca\/wp-json\/wp\/v2\/media?parent=17372"}],"curies":[{"name":"wp","href":"https:\/\/api.w.org\/{rel}","templated":true}]}}