{"id":17416,"date":"2025-05-22T12:20:01","date_gmt":"2025-05-22T10:20:01","guid":{"rendered":"https:\/\/i2cat.net\/?page_id=17416"},"modified":"2026-03-23T09:48:37","modified_gmt":"2026-03-23T08:48:37","slug":"integritat-i-bon-govern","status":"publish","type":"page","link":"https:\/\/i2cat.net\/ca\/integritat-i-bon-govern\/","title":{"rendered":"Integritat i Bon Govern"},"content":{"rendered":"\n\n<section class=\"text-media-claim py-10 lg:py-20 pt-0 lg:pt-0\">\n\t<div class=\"\">\n\t\t<!-- if is a full width section, apply container -->\n\n\n\t\t\t\t\t<img decoding=\"async\" src=\"https:\/\/i2cat.net\/wp-content\/uploads\/2025\/08\/integrity.jpg\" alt=\"\"\n\t\t\t\tclass=\"w-full h-full object-cover mb-16 rounded\">\n\t\t\n\t\t<!-- Orange dot claim layout -->\n\t\t\n\t\t\t<div\n\t\t\t\tclass=\"grid lg:grid-cols-12 gap-baseGap items-center justify-between \">\n\n\t\t\t\t<!-- Image column -->\n\t\t\t\t<div\n\t\t\t\t\tclass=\"w-full lg:col-span-5 h-full \">\n\t\t\t\t\t\t\t\t\t\t\t\t\t\t\t\t\t\t<span class='primary-square'><\/span>\n\t\t\t\t\t\t\t<h2 class='text-h5 md:text-h3 my-4 leading-10'>i2CAT garanteix la transpar\u00e8ncia i la rendici\u00f3 de comptes mitjan\u00e7ant la implementaci\u00f3 de mesures antifrau dins del marc europeu.<\/h2>\n\t\t\t\t\t\t\t\t\t\t\t\t\t\t\t<\/div>\n\n\t\t\t\t<!-- Content column -->\n\t\t\t\t<div\n\t\t\t\t\tclass=\"h-full xl:col-span-6 lg:col-span-7 flex flex-col justify-between xl:col-start-7 lg:col-start-6\">\n\t\t\t\t\t<div>\n\t\t\t\t\t\t\n\t\t\t\t\t\t\n\t\t\t\t\t\t\t\t\t\t\t\t\t<div class=\"mb-6 md:text-lead\">\n\t\t\t\t\t\t\t\t<p>En el marc europeu establert per a gestionar els Fons del Pla de Recuperaci\u00f3, Transformaci\u00f3 i Resili\u00e8ncia, i2CAT aplica un conjunt de mesures per a combatre el frau, previstes en la normativa nacional i local.<\/p>\n<p>Aquestes mesures inclouen l\u2019adopci\u00f3 d\u2019un pla antifrau, la creaci\u00f3 d\u2019una comissi\u00f3 antifrau interna i l\u2019habilitaci\u00f3 de canals de comunicaci\u00f3 interns i externs per supervisar possibles conflictes d\u2019inter\u00e8s.<\/p>\n<p>La implementaci\u00f3 d\u2019aquestes mesures t\u00e9 com a objectiu protegir els interessos financers de la Uni\u00f3 Europea incorporant una s\u00e8rie de principis espec\u00edfics en l\u2019\u00e0mbit intern de gesti\u00f3 i control, com ara el refor\u00e7 dels mecanismes de prevenci\u00f3, detecci\u00f3 i correcci\u00f3 del frau, la corrupci\u00f3 i els conflictes d\u2019inter\u00e8s.<\/p>\n\t\t\t\t\t\t\t<\/div>\n\t\t\t\t\t\t\t\t\t\t\t<\/div>\n\n\t\t\t\t\t\t\t\t\t<\/div>\n\t\t\t<\/div>\n\n\t\t\n\t\t<!-- Basic claim layout -->\n\t\t\n\t\t\n\t<\/div>\n<\/section>\n\n\n\n<section class=\"text-media-claim py-10 lg:py-20\">\n\t<div class=\"\">\n\t\t<!-- if is a full width section, apply container -->\n\n\n\t\t\n\t\t<!-- Orange dot claim layout -->\n\t\t\n\t\t\t<div\n\t\t\t\tclass=\"grid lg:grid-cols-12 gap-baseGap items-center justify-between lg:min-h-[600px]\">\n\n\t\t\t\t<!-- Image column -->\n\t\t\t\t<div\n\t\t\t\t\tclass=\"w-full lg:col-span-5 h-full xl:col-start-8 lg:col-start-7 order-2\">\n\t\t\t\t\t\t\t\t\t\t\t<img decoding=\"async\" src=\"https:\/\/i2cat.net\/wp-content\/uploads\/2025\/08\/anti-fraud.jpg\" alt=\"\"\n\t\t\t\t\t\t\tclass=\"w-full h-full object-cover rounded\">\n\t\t\t\t\t\t\t\t\t<\/div>\n\n\t\t\t\t<!-- Content column -->\n\t\t\t\t<div\n\t\t\t\t\tclass=\"h-full xl:col-span-6 lg:col-span-7 flex flex-col justify-between order-1\">\n\t\t\t\t\t<div>\n\t\t\t\t\t\t\t\t\t\t\t\t\t<span class='primary-square'><\/span>\n\t\t\t\t\t\t\t<h2 class='text-h5 md:text-h3 my-4 leading-10'>Comissi\u00f3 Antifrau<\/h2>\n\t\t\t\t\t\t\n\t\t\t\t\t\t\n\t\t\t\t\t\t\t\t\t\t\t\t\t<div class=\"mb-6 md:text-lead\">\n\t\t\t\t\t\t\t\t<p>Creada per garantir l\u2019aplicaci\u00f3 correcta de les mesures antifrau associades a la gesti\u00f3 dels fons del Mecanisme de Recuperaci\u00f3 i Resili\u00e8ncia (MRR), la Comissi\u00f3 Antifrau d\u2019i2CAT t\u00e9 les seg\u00fcents responsabilitats:<\/p>\n<ul>\n<li>Avaluar peri\u00f2dicament el risc de frau, assegurant un control intern efica\u00e7 per a prevenir i detectar possibles irregularitats.<\/li>\n<li>Definir i dissenyar les mesures necess\u00e0ries per a prevenir, detectar, corregir i fer seguiment d\u2019intents de frau.<\/li>\n<li>Gestionar les comunicacions i den\u00fancies de frau, conflictes d\u2019inter\u00e8s o altres incompliments de la normativa vigent.<\/li>\n<li>Elaborar un informe anual sobre les activitats de la Comissi\u00f3 Antifrau dins del seu \u00e0mbit de compet\u00e8ncies, que es presentar\u00e0 a Direcci\u00f3.<\/li>\n<li>Reunir-se, com a m\u00ednim, cada sis mesos.<\/li>\n<\/ul>\n\t\t\t\t\t\t\t<\/div>\n\t\t\t\t\t\t\t\t\t\t\t<\/div>\n\n\t\t\t\t\t\t\t\t\t<\/div>\n\t\t\t<\/div>\n\n\t\t\n\t\t<!-- Basic claim layout -->\n\t\t\n\t\t\n\t<\/div>\n<\/section>\n\n\n<section class=\"donwloadables py-10 lg:py-20\">\n\t<div class=\"\">\n\n\t\t\t\t\t<div class=\"downloadables__list\">\n\t\t\t\t\t\t\t\t\t\n<a class=\"downloadables__item\" href=\"https:\/\/i2cat.net\/wp-content\/uploads\/2025\/09\/Pla-Antifrau-I2Cat-VFinal.pdf\" target=\"_blank\">\n    <div class=\"flex flex-col\">\n        <span class=\"downloadables__link\">\n            Pla Antifrau i2CAT<\/span>\n                    <span class=\"downloadables__size\">\n                380 KiB            <\/span>\n            <\/div>\n            <span class=\"downloadables__link\">\n            <svg width=\"24\" height=\"24\" viewBox=\"0 0 24 24\" fill=\"none\" xmlns=\"http:\/\/www.w3.org\/2000\/svg\">\n<g clip-path=\"url(#clip0_5680_16811)\">\n<path d=\"M20 11V5.74853C20 5.5894 19.9368 5.43679 19.8243 5.32426L16.6757 2.17574C16.5632 2.06321 16.4106 2 16.2515 2H4.6C4.26863 2 4 2.26863 4 2.6V21.4C4 21.7314 4.26863 22 4.6 22H14M16 2V5.4C16 5.73137 16.2686 6 16.6 6H20M20 14.5V22M20 22L23 19M20 22L17 19\" stroke=\"#333333\" stroke-width=\"1.5\" stroke-linecap=\"square\" stroke-linejoin=\"round\"\/>\n<\/g>\n<defs>\n<clipPath id=\"clip0_5680_16811\">\n<rect width=\"24\" height=\"24\" fill=\"white\"\/>\n<\/clipPath>\n<\/defs>\n<\/svg>\n<\/span>\n            <\/a>\t\t\t\t\t\t\t\t\t\n<a class=\"downloadables__item\" href=\"https:\/\/i2cat.net\/wp-content\/uploads\/2025\/09\/Certificat-07-08-Ratificacio-declaracio_pla-antifrau-CSU.pdf\" target=\"_blank\">\n    <div class=\"flex flex-col\">\n        <span class=\"downloadables__link\">\n            Declaraci\u00f3 institucional antifrau<\/span>\n                    <span class=\"downloadables__size\">\n                152 KiB            <\/span>\n            <\/div>\n            <span class=\"downloadables__link\">\n            <svg width=\"24\" height=\"24\" viewBox=\"0 0 24 24\" fill=\"none\" xmlns=\"http:\/\/www.w3.org\/2000\/svg\">\n<g clip-path=\"url(#clip0_5680_16811)\">\n<path d=\"M20 11V5.74853C20 5.5894 19.9368 5.43679 19.8243 5.32426L16.6757 2.17574C16.5632 2.06321 16.4106 2 16.2515 2H4.6C4.26863 2 4 2.26863 4 2.6V21.4C4 21.7314 4.26863 22 4.6 22H14M16 2V5.4C16 5.73137 16.2686 6 16.6 6H20M20 14.5V22M20 22L23 19M20 22L17 19\" stroke=\"#333333\" stroke-width=\"1.5\" stroke-linecap=\"square\" stroke-linejoin=\"round\"\/>\n<\/g>\n<defs>\n<clipPath id=\"clip0_5680_16811\">\n<rect width=\"24\" height=\"24\" fill=\"white\"\/>\n<\/clipPath>\n<\/defs>\n<\/svg>\n<\/span>\n            <\/a>\t\t\t\t\t\t\t\t\t\n<a class=\"downloadables__item\" href=\"https:\/\/i2cat.net\/wp-content\/uploads\/2025\/09\/Annex-Vi-CODI-ETIC-I-DE-BON-GOVERN.pdf\" target=\"_blank\">\n    <div class=\"flex flex-col\">\n        <span class=\"downloadables__link\">\n            Codi d&#039;\u00c8tica i Bon Govern d&#039;i2CAT<\/span>\n                    <span class=\"downloadables__size\">\n                117 KiB            <\/span>\n            <\/div>\n            <span class=\"downloadables__link\">\n            <svg width=\"24\" height=\"24\" viewBox=\"0 0 24 24\" fill=\"none\" xmlns=\"http:\/\/www.w3.org\/2000\/svg\">\n<g clip-path=\"url(#clip0_5680_16811)\">\n<path d=\"M20 11V5.74853C20 5.5894 19.9368 5.43679 19.8243 5.32426L16.6757 2.17574C16.5632 2.06321 16.4106 2 16.2515 2H4.6C4.26863 2 4 2.26863 4 2.6V21.4C4 21.7314 4.26863 22 4.6 22H14M16 2V5.4C16 5.73137 16.2686 6 16.6 6H20M20 14.5V22M20 22L23 19M20 22L17 19\" stroke=\"#333333\" stroke-width=\"1.5\" stroke-linecap=\"square\" stroke-linejoin=\"round\"\/>\n<\/g>\n<defs>\n<clipPath id=\"clip0_5680_16811\">\n<rect width=\"24\" height=\"24\" fill=\"white\"\/>\n<\/clipPath>\n<\/defs>\n<\/svg>\n<\/span>\n            <\/a>\t\t\t\t\t\t\t\t\t\n<a class=\"downloadables__item\" href=\"https:\/\/i2cat.net\/wp-content\/uploads\/2025\/09\/Codi-de-conducta-CERCA_nov2018.pdf\" target=\"_blank\">\n    <div class=\"flex flex-col\">\n        <span class=\"downloadables__link\">\n            Codi de conducta de la CERCA<\/span>\n                    <span class=\"downloadables__size\">\n                68 KiB            <\/span>\n            <\/div>\n            <span class=\"downloadables__link\">\n            <svg width=\"24\" height=\"24\" viewBox=\"0 0 24 24\" fill=\"none\" xmlns=\"http:\/\/www.w3.org\/2000\/svg\">\n<g clip-path=\"url(#clip0_5680_16811)\">\n<path d=\"M20 11V5.74853C20 5.5894 19.9368 5.43679 19.8243 5.32426L16.6757 2.17574C16.5632 2.06321 16.4106 2 16.2515 2H4.6C4.26863 2 4 2.26863 4 2.6V21.4C4 21.7314 4.26863 22 4.6 22H14M16 2V5.4C16 5.73137 16.2686 6 16.6 6H20M20 14.5V22M20 22L23 19M20 22L17 19\" stroke=\"#333333\" stroke-width=\"1.5\" stroke-linecap=\"square\" stroke-linejoin=\"round\"\/>\n<\/g>\n<defs>\n<clipPath id=\"clip0_5680_16811\">\n<rect width=\"24\" height=\"24\" fill=\"white\"\/>\n<\/clipPath>\n<\/defs>\n<\/svg>\n<\/span>\n            <\/a>\t\t\t\t\t\t\t\t\t\n<a class=\"downloadables__item\" href=\"https:\/\/i2cat.net\/wp-content\/uploads\/2025\/09\/Adhesio-direccio_codi_conducta.pdf\" target=\"_blank\">\n    <div class=\"flex flex-col\">\n        <span class=\"downloadables__link\">\n            Adscripci\u00f3 de gesti\u00f3 d&#039;i2CAT<\/span>\n                    <span class=\"downloadables__size\">\n                174 KiB            <\/span>\n            <\/div>\n            <span class=\"downloadables__link\">\n            <svg width=\"24\" height=\"24\" viewBox=\"0 0 24 24\" fill=\"none\" xmlns=\"http:\/\/www.w3.org\/2000\/svg\">\n<g clip-path=\"url(#clip0_5680_16811)\">\n<path d=\"M20 11V5.74853C20 5.5894 19.9368 5.43679 19.8243 5.32426L16.6757 2.17574C16.5632 2.06321 16.4106 2 16.2515 2H4.6C4.26863 2 4 2.26863 4 2.6V21.4C4 21.7314 4.26863 22 4.6 22H14M16 2V5.4C16 5.73137 16.2686 6 16.6 6H20M20 14.5V22M20 22L23 19M20 22L17 19\" stroke=\"#333333\" stroke-width=\"1.5\" stroke-linecap=\"square\" stroke-linejoin=\"round\"\/>\n<\/g>\n<defs>\n<clipPath id=\"clip0_5680_16811\">\n<rect width=\"24\" height=\"24\" fill=\"white\"\/>\n<\/clipPath>\n<\/defs>\n<\/svg>\n<\/span>\n            <\/a>\t\t\t\t\t\t\t<\/div>\n\t\t\n\t<\/div>\n\n<\/section>\n\n\n<section class=\"activities py-10 lg:py-20\" class=\"relative\">\n    <div class=\"\">\n\n        <div class=\"border-b border-gray-300 pb-10\">\n\n                            <h3 class=\"text-h3 font-medium mt-0 mb-10\">Membres<\/h3>\n            \n                            <div class=\"grid grid-cols-1 md:grid-cols-3 gap-baseGap m-0\">\n                                            \n                            <a href=\"https:\/\/i2cat.net\/ca\/team\/georgina-padilla-mascarell\/\">\n<div class=\"flex gap-4 md:gap-8\">\n    <div class=\"w-[120px] md:w-[168px] flex-shrink-0\">\n        <img decoding=\"async\" src=\"https:\/\/i2cat.net\/wp-content\/uploads\/2025\/11\/researcher-13737-1764338216-986x657.jpg\" alt=\"Georgina Padilla Mascarell\"\n            class=\"w-full aspect-square object-cover rounded\">\n    <\/div>\n    <div class=\"relative\">\n        <h4 class=\"m-0 md:text-lg before:content-['\u25aa'] before:text-primary before:text-lg before:block before:absolute before:left-0 before:top-0 pt-8 text-black\">\n            Georgina Padilla Mascarell        <\/h4>\n                            <p class=\"m-0 text-gray-700 text-sm md:text-base\">Director &#8211; Resarch &#038; Innovation Strategy in Europe Area<\/p>\n                    <\/div>\n    <\/div>\n    <\/a>\n\n                                            \n                            <a href=\"https:\/\/i2cat.net\/ca\/team\/carmen-lazaro\/\">\n<div class=\"flex gap-4 md:gap-8\">\n    <div class=\"w-[120px] md:w-[168px] flex-shrink-0\">\n        <img decoding=\"async\" src=\"https:\/\/i2cat.net\/wp-content\/themes\/whads\/assets\/img\/placeholder-member.png\" alt=\"Carmen Lazaro\"\n            class=\"w-full aspect-square object-cover rounded\">\n    <\/div>\n    <div class=\"relative\">\n        <h4 class=\"m-0 md:text-lg before:content-['\u25aa'] before:text-primary before:text-lg before:block before:absolute before:left-0 before:top-0 pt-8 text-black\">\n            Carmen Lazaro        <\/h4>\n                            <p class=\"m-0 text-gray-700 text-sm md:text-base\">Post-award Grant Officer<\/p>\n                    <\/div>\n    <\/div>\n    <\/a>\n\n                                            \n                            <a href=\"https:\/\/i2cat.net\/ca\/team\/eduard-grasa\/\">\n<div class=\"flex gap-4 md:gap-8\">\n    <div class=\"w-[120px] md:w-[168px] flex-shrink-0\">\n        <img decoding=\"async\" src=\"https:\/\/i2cat.net\/wp-content\/uploads\/2025\/11\/researcher-13734-1764338232-986x789.jpg\" alt=\"Eduard Grasa\"\n            class=\"w-full aspect-square object-cover rounded\">\n    <\/div>\n    <div class=\"relative\">\n        <h4 class=\"m-0 md:text-lg before:content-['\u25aa'] before:text-primary before:text-lg before:block before:absolute before:left-0 before:top-0 pt-8 text-black\">\n            Eduard Grasa        <\/h4>\n                            <p class=\"m-0 text-gray-700 text-sm md:text-base\">Director of Experimental Infrastructures, Digital Transformation, Open Science &#038; Corporate Cybersecurity<\/p>\n                    <\/div>\n    <\/div>\n    <\/a>\n\n                                            \n                            <a href=\"https:\/\/i2cat.net\/ca\/team\/joan-sales-florit\/\">\n<div class=\"flex gap-4 md:gap-8\">\n    <div class=\"w-[120px] md:w-[168px] flex-shrink-0\">\n        <img decoding=\"async\" src=\"https:\/\/i2cat.net\/wp-content\/themes\/whads\/assets\/img\/placeholder-member.png\" alt=\"Joan Sales Florit\"\n            class=\"w-full aspect-square object-cover rounded\">\n    <\/div>\n    <div class=\"relative\">\n        <h4 class=\"m-0 md:text-lg before:content-['\u25aa'] before:text-primary before:text-lg before:block before:absolute before:left-0 before:top-0 pt-8 text-black\">\n            Joan Sales Florit        <\/h4>\n                            <p class=\"m-0 text-gray-700 text-sm md:text-base\">Head of Procurement Office<\/p>\n                    <\/div>\n    <\/div>\n    <\/a>\n\n                                    <\/div>\n            \n        <\/div>\n\n    <\/div>\n<\/section>\n\n\n\n<section class=\"text-media-claim py-10 lg:py-20\">\n\t<div class=\"\">\n\t\t<!-- if is a full width section, apply container -->\n\n\n\t\t\n\t\t<!-- Orange dot claim layout -->\n\t\t\n\t\t<!-- Basic claim layout -->\n\t\t\n\t\t\t<div class=\"grid lg:grid-cols-12 gap-baseGap\">\n\n\t\t\t\t<!-- Image column -->\n\t\t\t\t<div\n\t\t\t\t\tclass=\"w-full lg:col-span-4 xl:col-start-9 lg:col-start-8 order-2\">\n\t\t\t\t\t\t\t\t\t\t\t\t\t\t\t\t<div class=\"flex gap-4 flex-col\">\n\t\t\t\t\t\t\t\t\t\t\t\t\t\t\t\t\t\t\t\t\t\t\t\t\n<a href=\"https:\/\/i2cat.bustiaetica.seu-e.cat\/%23\/\" target=\"_blank\"\n    class=\"w-full text-white bg-gray-900 border-gray-900 button-section rounded-lg flex-1 p-5 relative flex flex-col justify-between \">\n    <div class=\"text-white text-lg md:text-h5 text-balance\">Vols informar d&#039;una incid\u00e8ncia de manera confidencial?<\/div>\n    <div class=\"flex items-center justify-end gap-2 uppercase\">B\u00fastia \u00e8tica                    <svg width=\"16\" height=\"16\" viewBox=\"0 0 16 16\" fill=\"none\" xmlns=\"http:\/\/www.w3.org\/2000\/svg\">\n<g id=\"Icon\">\n<path id=\"Vector\" d=\"M9 3.66663L14 7.99996M14 7.99996L9 12.3333M14 7.99996H2\" stroke=\"#fff\" stroke-width=\"1.5\" stroke-linecap=\"square\"\/>\n<\/g>\n<\/svg>\n            <\/div>\n<\/a>\t\t\t\t\t\t\t\t\t\t\t\t\t\t\t\t\t\t\t\t\t\t\t\t\t\t\t\t\t\t\t\t\n<a href=\"https:\/\/www.antifrau.cat\/ca\/bustia-de-denuncies-anonimes.html\" target=\"_blank\"\n    class=\"w-full text-white bg-gray-900 border-gray-900 button-section rounded-lg flex-1 p-5 relative flex flex-col justify-between \">\n    <div class=\"text-white text-lg md:text-h5 text-balance\"> Oficina Antifrau de Catalunya<\/div>\n    <div class=\"flex items-center justify-end gap-2 uppercase\">Oficina Antifrau                    <svg width=\"16\" height=\"16\" viewBox=\"0 0 16 16\" fill=\"none\" xmlns=\"http:\/\/www.w3.org\/2000\/svg\">\n<g id=\"Icon\">\n<path id=\"Vector\" d=\"M9 3.66663L14 7.99996M14 7.99996L9 12.3333M14 7.99996H2\" stroke=\"#fff\" stroke-width=\"1.5\" stroke-linecap=\"square\"\/>\n<\/g>\n<\/svg>\n            <\/div>\n<\/a>\t\t\t\t\t\t\t\t\t\t\t\t\t\t\t\t\t\t\t\t\t<\/div>\n\t\t\t\t\t\t\t\t\t<\/div>\n\n\t\t\t\t<!-- Content column -->\n\t\t\t\t<div\n\t\t\t\t\tclass=\"xl:col-span-6 lg:col-span-7 flex flex-col justify-between order-1\">\n\t\t\t\t\t<div>\n\t\t\t\t\t\t\t\t\t\t\t\t\t<h2 class='text-h2 leading-10'>B\u00fastia \u00e8tica<\/h2>\n\t\t\t\t\t\t\n\t\t\t\t\t\t\n\t\t\t\t\t\t\t\t\t\t\t\t\t<div class=\"mb-6 text-lead\">\n\t\t\t\t\t\t\t\t<p>Aquesta b\u00fastia garanteix la confidencialitat de les comunicacions i protegeix en tot moment les persones. Aquelles persones alertadores poden optar per facilitar la seva identificaci\u00f3 i dades de contacte o mantenir-se en l\u2019anonimat.<\/p>\n<p>Hi ha dues maneres de fer comunicacions an\u00f2nimes:<\/p>\n<ul>\n<li>Fer servir un navegador sense facilitar informaci\u00f3 d\u2019identificaci\u00f3 o de contacte. No obstant aix\u00f2, encara \u00e9s possible rastrejar l\u2019adre\u00e7a IP des de la qual s\u2019envia la comunicaci\u00f3.<\/li>\n<li>L\u2019\u00fas d\u2019una xarxa d\u2019anonimat, que tamb\u00e9 amaga l\u2019adre\u00e7a IP, garanteix un anonimat complet en l\u2019entorn digital. La xarxa TOR \u00e9s l\u2019eina m\u00e9s utilitzada per a aquest prop\u00f2sit. Com qualsevol altre navegador, TOR s\u2019ha de baixar al lloc web corresponent. Consulteu un videotutorial sobre com baixar i fer servir el navegador TOR.<\/li>\n<\/ul>\n<p>Diferents experts\/es i entitats dedicades a la defensa de les persones delatores recomanen oferir aquesta opci\u00f3 d&#8217;anonimat per protegir la integritat d\u2019aquestes, ja que sovint es troben en situacions de vulnerabilitat.<\/p>\n\t\t\t\t\t\t\t<\/div>\n\t\t\t\t\t\t\t\t\t\t\t<\/div>\n\t\t\t\t<\/div>\n\t\t\t<\/div>\n\n\t\t\n\t\t\n\t<\/div>\n<\/section>","protected":false},"excerpt":{"rendered":"","protected":false},"author":1,"featured_media":0,"parent":0,"menu_order":0,"comment_status":"closed","ping_status":"closed","template":"","meta":{"_acf_changed":false,"footnotes":""},"class_list":["post-17416","page","type-page","status-publish","hentry"],"acf":[],"yoast_head":"<!-- This site is optimized with the Yoast SEO plugin v26.9 - https:\/\/yoast.com\/product\/yoast-seo-wordpress\/ -->\n<title>Integritat i Bon Govern - i2CAT Research Centre<\/title>\n<meta name=\"description\" content=\"i2CAT garanteix la transpar\u00e8ncia i la rendici\u00f3 de comptes mitjan\u00e7ant la implementaci\u00f3 de mesures antifrau dins del marc europeu.\" \/>\n<meta name=\"robots\" content=\"index, follow, max-snippet:-1, max-image-preview:large, max-video-preview:-1\" \/>\n<link rel=\"canonical\" href=\"https:\/\/i2cat.net\/ca\/integritat-i-bon-govern\/\" \/>\n<meta property=\"og:locale\" content=\"ca_ES\" \/>\n<meta property=\"og:type\" content=\"article\" \/>\n<meta property=\"og:title\" content=\"Integritat i Bon Govern - i2CAT Research Centre\" \/>\n<meta property=\"og:description\" content=\"i2CAT garanteix la transpar\u00e8ncia i la rendici\u00f3 de comptes mitjan\u00e7ant la implementaci\u00f3 de mesures antifrau dins del marc europeu.\" \/>\n<meta property=\"og:url\" content=\"https:\/\/i2cat.net\/ca\/integritat-i-bon-govern\/\" \/>\n<meta property=\"og:site_name\" content=\"i2CAT Research Centre\" \/>\n<meta property=\"article:modified_time\" content=\"2026-03-23T08:48:37+00:00\" \/>\n<meta name=\"twitter:card\" content=\"summary_large_image\" \/>\n<script type=\"application\/ld+json\" class=\"yoast-schema-graph\">{\"@context\":\"https:\/\/schema.org\",\"@graph\":[{\"@type\":\"WebPage\",\"@id\":\"https:\/\/i2cat.net\/ca\/integritat-i-bon-govern\/\",\"url\":\"https:\/\/i2cat.net\/ca\/integritat-i-bon-govern\/\",\"name\":\"Integritat i Bon Govern - i2CAT Research Centre\",\"isPartOf\":{\"@id\":\"https:\/\/i2cat.net\/ca\/#website\"},\"datePublished\":\"2025-05-22T10:20:01+00:00\",\"dateModified\":\"2026-03-23T08:48:37+00:00\",\"description\":\"i2CAT garanteix la transpar\u00e8ncia i la rendici\u00f3 de comptes mitjan\u00e7ant la implementaci\u00f3 de mesures antifrau dins del marc europeu.\",\"breadcrumb\":{\"@id\":\"https:\/\/i2cat.net\/ca\/integritat-i-bon-govern\/#breadcrumb\"},\"inLanguage\":\"ca\",\"potentialAction\":[{\"@type\":\"ReadAction\",\"target\":[\"https:\/\/i2cat.net\/ca\/integritat-i-bon-govern\/\"]}]},{\"@type\":\"BreadcrumbList\",\"@id\":\"https:\/\/i2cat.net\/ca\/integritat-i-bon-govern\/#breadcrumb\",\"itemListElement\":[{\"@type\":\"ListItem\",\"position\":1,\"name\":\"Home\",\"item\":\"https:\/\/i2cat.net\/ca\/\"},{\"@type\":\"ListItem\",\"position\":2,\"name\":\"Integritat i Bon Govern\"}]},{\"@type\":\"WebSite\",\"@id\":\"https:\/\/i2cat.net\/ca\/#website\",\"url\":\"https:\/\/i2cat.net\/ca\/\",\"name\":\"i2CAT Research Centre\",\"description\":\"\",\"potentialAction\":[{\"@type\":\"SearchAction\",\"target\":{\"@type\":\"EntryPoint\",\"urlTemplate\":\"https:\/\/i2cat.net\/ca\/?s={search_term_string}\"},\"query-input\":{\"@type\":\"PropertyValueSpecification\",\"valueRequired\":true,\"valueName\":\"search_term_string\"}}],\"inLanguage\":\"ca\"}]}<\/script>\n<!-- \/ Yoast SEO plugin. -->","yoast_head_json":{"title":"Integritat i Bon Govern - i2CAT Research Centre","description":"i2CAT garanteix la transpar\u00e8ncia i la rendici\u00f3 de comptes mitjan\u00e7ant la implementaci\u00f3 de mesures antifrau dins del marc europeu.","robots":{"index":"index","follow":"follow","max-snippet":"max-snippet:-1","max-image-preview":"max-image-preview:large","max-video-preview":"max-video-preview:-1"},"canonical":"https:\/\/i2cat.net\/ca\/integritat-i-bon-govern\/","og_locale":"ca_ES","og_type":"article","og_title":"Integritat i Bon Govern - i2CAT Research Centre","og_description":"i2CAT garanteix la transpar\u00e8ncia i la rendici\u00f3 de comptes mitjan\u00e7ant la implementaci\u00f3 de mesures antifrau dins del marc europeu.","og_url":"https:\/\/i2cat.net\/ca\/integritat-i-bon-govern\/","og_site_name":"i2CAT Research Centre","article_modified_time":"2026-03-23T08:48:37+00:00","twitter_card":"summary_large_image","schema":{"@context":"https:\/\/schema.org","@graph":[{"@type":"WebPage","@id":"https:\/\/i2cat.net\/ca\/integritat-i-bon-govern\/","url":"https:\/\/i2cat.net\/ca\/integritat-i-bon-govern\/","name":"Integritat i Bon Govern - i2CAT Research Centre","isPartOf":{"@id":"https:\/\/i2cat.net\/ca\/#website"},"datePublished":"2025-05-22T10:20:01+00:00","dateModified":"2026-03-23T08:48:37+00:00","description":"i2CAT garanteix la transpar\u00e8ncia i la rendici\u00f3 de comptes mitjan\u00e7ant la implementaci\u00f3 de mesures antifrau dins del marc europeu.","breadcrumb":{"@id":"https:\/\/i2cat.net\/ca\/integritat-i-bon-govern\/#breadcrumb"},"inLanguage":"ca","potentialAction":[{"@type":"ReadAction","target":["https:\/\/i2cat.net\/ca\/integritat-i-bon-govern\/"]}]},{"@type":"BreadcrumbList","@id":"https:\/\/i2cat.net\/ca\/integritat-i-bon-govern\/#breadcrumb","itemListElement":[{"@type":"ListItem","position":1,"name":"Home","item":"https:\/\/i2cat.net\/ca\/"},{"@type":"ListItem","position":2,"name":"Integritat i Bon Govern"}]},{"@type":"WebSite","@id":"https:\/\/i2cat.net\/ca\/#website","url":"https:\/\/i2cat.net\/ca\/","name":"i2CAT Research Centre","description":"","potentialAction":[{"@type":"SearchAction","target":{"@type":"EntryPoint","urlTemplate":"https:\/\/i2cat.net\/ca\/?s={search_term_string}"},"query-input":{"@type":"PropertyValueSpecification","valueRequired":true,"valueName":"search_term_string"}}],"inLanguage":"ca"}]}},"_links":{"self":[{"href":"https:\/\/i2cat.net\/ca\/wp-json\/wp\/v2\/pages\/17416","targetHints":{"allow":["GET"]}}],"collection":[{"href":"https:\/\/i2cat.net\/ca\/wp-json\/wp\/v2\/pages"}],"about":[{"href":"https:\/\/i2cat.net\/ca\/wp-json\/wp\/v2\/types\/page"}],"author":[{"embeddable":true,"href":"https:\/\/i2cat.net\/ca\/wp-json\/wp\/v2\/users\/1"}],"replies":[{"embeddable":true,"href":"https:\/\/i2cat.net\/ca\/wp-json\/wp\/v2\/comments?post=17416"}],"version-history":[{"count":4,"href":"https:\/\/i2cat.net\/ca\/wp-json\/wp\/v2\/pages\/17416\/revisions"}],"predecessor-version":[{"id":20624,"href":"https:\/\/i2cat.net\/ca\/wp-json\/wp\/v2\/pages\/17416\/revisions\/20624"}],"wp:attachment":[{"href":"https:\/\/i2cat.net\/ca\/wp-json\/wp\/v2\/media?parent=17416"}],"curies":[{"name":"wp","href":"https:\/\/api.w.org\/{rel}","templated":true}]}}