{"id":17458,"date":"2025-05-22T12:19:13","date_gmt":"2025-05-22T10:19:13","guid":{"rendered":"https:\/\/i2cat.net\/?page_id=17458"},"modified":"2025-11-26T10:44:15","modified_gmt":"2025-11-26T09:44:15","slug":"casos-exit","status":"publish","type":"page","link":"https:\/\/i2cat.net\/ca\/casos-exit\/","title":{"rendered":"Casos d&#8217;\u00e8xit"},"content":{"rendered":"\n<section class=\"success-stories py-10 lg:py-20\">\n\t<div class=\"\">\n\n\t\t<div class=\"flex justify-between lg:flex-row flex-col\">\n\t\t\t<div class=\"flex-1\">\n\t\t\t\t\n\n\t\t\t<\/div>\n\t\t\t<div class=\"flex flex-1 items-end justify-end\">\n\t\t\t\t<div class=\"swipper-navigation justify-end mb-12\">\n\t\t\t\t\t<div class=\"swiper-button-prev after:content-none !relative\">\n\t\t\t\t\t\t<svg width=\"16\" height=\"16\" viewBox=\"0 0 16 16\" fill=\"none\" xmlns=\"http:\/\/www.w3.org\/2000\/svg\">\n<g id=\"Icon\">\n<path id=\"Vector\" d=\"M7 12.3333L2 7.99996M2 7.99996L7 3.66663M2 7.99996H14\" stroke=\"#333333\" stroke-width=\"1.5\" stroke-linecap=\"square\"\/>\n<\/g>\n<\/svg>\n\t\t\t\t\t<\/div>\n\n\t\t\t\t\t<div class=\"swiper-button-next after:content-none !relative\">\n\t\t\t\t\t\t<svg width=\"16\" height=\"16\" viewBox=\"0 0 16 16\" fill=\"none\" xmlns=\"http:\/\/www.w3.org\/2000\/svg\">\n<g id=\"Icon\">\n<path id=\"Vector\" d=\"M9 3.66663L14 7.99996M14 7.99996L9 12.3333M14 7.99996H2\" stroke=\"#333333\" stroke-width=\"1.5\" stroke-linecap=\"square\"\/>\n<\/g>\n<\/svg>\n\t\t\t\t\t<\/div>\n\t\t\t\t<\/div>\n\t\t\t<\/div>\n\t\t<\/div>\n\n\t\t<div class=\"swiper js-slider-success-stories\">\n\t\t\t<ul class=\"swiper-wrapper slider-success-stories m-0 list-none\">\n\t\t\t\t\t\t\t\t\t<li class=\"bg-white shadow-md rounded-lg p-4 swiper-slide relative !h-[520px] lg:!h-[700px]\">\n\t\t\t\t\t\t<div class=\"left-4 top-4 right-4 bottom-4 lg:absolute bg-gray-100 rounded-lg\">\n\t\t\t\t\t\t\t\t\t\t\t\t\t\t\t<img decoding=\"async\" src=\"https:\/\/i2cat.net\/wp-content\/uploads\/2025\/07\/Header-extremexp-986x555.jpg\"\n\t\t\t\t\t\t\t\t\talt=\"Cas d&#8217;\u00fas: Optimitzaci\u00f3 del Tr\u00e0nsit mitjan\u00e7ant un Espai de Dades\" class=\"absolute object-cover rounded-lg w-full h-full inset-0\">\n\t\t\t\t\t\t\t\t\t\t\t\t\t\t<div class=\"z-10 bg-white pl-7 pr-4 py-5 md:py-6 md:px-12 rounded-md absolute bottom-4 right-4 left-4 lg:left-auto lg:bottom-8 lg:right-8 max-w-full lg:max-w-[570px]\">\n\t\t\t\t\t\t\t\t<h3\n\t\t\t\t\t\t\t\t\tclass=\"relative md:text-h4 text-lead mb-5 before:block before:absolute before:left-[-20px] before:top-3 before:w-2 before:h-2 before:bg-primary\">\n\t\t\t\t\t\t\t\t\tCas d&#8217;\u00fas: Optimitzaci\u00f3 del Tr\u00e0nsit mitjan\u00e7ant un Espai de Dades<\/h3>\n\t\t\t\t\t\t\t\t<p class=\"md:text-lead mb-5\">En el marc del projecte Centre Demostrador d\u2019Espais de Dades, s\u2019ha desenvolupat un cas d\u2019\u00fas&#8230;<\/p>\n\t\t\t\t\t\t\t\t\n<a href=\"https:\/\/i2cat.net\/ca\/success-story\/cas-dus-optimitzacio-del-transit-mitjancant-un-espai-de-dades\/\" target=\"\"\n    class=\"button-third  flex gap-3 flex gap-3\" >\n    M\u00e9s informaci\u00f3            <svg width=\"16\" height=\"16\" viewBox=\"0 0 16 16\" fill=\"none\" xmlns=\"http:\/\/www.w3.org\/2000\/svg\">\n<g id=\"Icon\">\n<path id=\"Vector\" d=\"M9 3.66663L14 7.99996M14 7.99996L9 12.3333M14 7.99996H2\" stroke=\"#333333\" stroke-width=\"1.5\" stroke-linecap=\"square\"\/>\n<\/g>\n<\/svg>\n    <\/a>\t\t\t\t\t\t\t<\/div>\n\t\t\t\t\t\t<\/div>\n\t\t\t\t\t<\/li>\n\t\t\t\t\t\t\t\t\t<li class=\"bg-white shadow-md rounded-lg p-4 swiper-slide relative !h-[520px] lg:!h-[700px]\">\n\t\t\t\t\t\t<div class=\"left-4 top-4 right-4 bottom-4 lg:absolute bg-gray-100 rounded-lg\">\n\t\t\t\t\t\t\t\t\t\t\t\t\t\t\t<img decoding=\"async\" src=\"https:\/\/i2cat.net\/wp-content\/uploads\/2025\/10\/54310449929_08562f43e5_k-986x657.jpg\"\n\t\t\t\t\t\t\t\t\talt=\"Un pas cap al futur: Com Volum Technologies d\u2019i2CAT revoluciona la comunicaci\u00f3 immersiva\" class=\"absolute object-cover rounded-lg w-full h-full inset-0\">\n\t\t\t\t\t\t\t\t\t\t\t\t\t\t<div class=\"z-10 bg-white pl-7 pr-4 py-5 md:py-6 md:px-12 rounded-md absolute bottom-4 right-4 left-4 lg:left-auto lg:bottom-8 lg:right-8 max-w-full lg:max-w-[570px]\">\n\t\t\t\t\t\t\t\t<h3\n\t\t\t\t\t\t\t\t\tclass=\"relative md:text-h4 text-lead mb-5 before:block before:absolute before:left-[-20px] before:top-3 before:w-2 before:h-2 before:bg-primary\">\n\t\t\t\t\t\t\t\t\tUn pas cap al futur: Com Volum Technologies d\u2019i2CAT revoluciona la comunicaci\u00f3 immersiva<\/h3>\n\t\t\t\t\t\t\t\t<p class=\"md:text-lead mb-5\">Despr\u00e9s d\u2019anys de feina intensa, l\u2019any 2025, l\u2019equip d\u2019i2CAT va compartir un assoliment hist\u00f2ric que&#8230;<\/p>\n\t\t\t\t\t\t\t\t\n<a href=\"https:\/\/i2cat.net\/ca\/success-story\/un-pas-cap-al-futur-com-volum-technologies-di2cat-revoluciona-la-comunicacio-immersiva\/\" target=\"\"\n    class=\"button-third  flex gap-3 flex gap-3\" >\n    M\u00e9s informaci\u00f3            <svg width=\"16\" height=\"16\" viewBox=\"0 0 16 16\" fill=\"none\" xmlns=\"http:\/\/www.w3.org\/2000\/svg\">\n<g id=\"Icon\">\n<path id=\"Vector\" d=\"M9 3.66663L14 7.99996M14 7.99996L9 12.3333M14 7.99996H2\" stroke=\"#333333\" stroke-width=\"1.5\" stroke-linecap=\"square\"\/>\n<\/g>\n<\/svg>\n    <\/a>\t\t\t\t\t\t\t<\/div>\n\t\t\t\t\t\t<\/div>\n\t\t\t\t\t<\/li>\n\t\t\t\t\t\t\t\t\t<li class=\"bg-white shadow-md rounded-lg p-4 swiper-slide relative !h-[520px] lg:!h-[700px]\">\n\t\t\t\t\t\t<div class=\"left-4 top-4 right-4 bottom-4 lg:absolute bg-gray-100 rounded-lg\">\n\t\t\t\t\t\t\t\t\t\t\t\t\t\t\t<img decoding=\"async\" src=\"https:\/\/i2cat.net\/wp-content\/uploads\/2025\/10\/8-5G-CLARITY-Demonstration-Bosch-2.png\"\n\t\t\t\t\t\t\t\t\talt=\"Al capdavant del futur de la producci\u00f3 industrial: l&#8217;associaci\u00f3 transformadora d&#8217;i2CAT i Bosch Aranjuez\" class=\"absolute object-cover rounded-lg w-full h-full inset-0\">\n\t\t\t\t\t\t\t\t\t\t\t\t\t\t<div class=\"z-10 bg-white pl-7 pr-4 py-5 md:py-6 md:px-12 rounded-md absolute bottom-4 right-4 left-4 lg:left-auto lg:bottom-8 lg:right-8 max-w-full lg:max-w-[570px]\">\n\t\t\t\t\t\t\t\t<h3\n\t\t\t\t\t\t\t\t\tclass=\"relative md:text-h4 text-lead mb-5 before:block before:absolute before:left-[-20px] before:top-3 before:w-2 before:h-2 before:bg-primary\">\n\t\t\t\t\t\t\t\t\tAl capdavant del futur de la producci\u00f3 industrial: l&#8217;associaci\u00f3 transformadora d&#8217;i2CAT i Bosch Aranjuez<\/h3>\n\t\t\t\t\t\t\t\t<p class=\"md:text-lead mb-5\">La concepci\u00f3 d\u2019una idea: comen\u00e7a un viatge col\u00b7laboratiu L\u2019any 2019, i2CAT es va associar amb&#8230;<\/p>\n\t\t\t\t\t\t\t\t\n<a href=\"https:\/\/i2cat.net\/ca\/success-story\/al-capdavant-del-futur-de-la-produccio-industrial-lassociacio-transformadora-di2cat-i-bosch-aranjuez\/\" target=\"\"\n    class=\"button-third  flex gap-3 flex gap-3\" >\n    M\u00e9s informaci\u00f3            <svg width=\"16\" height=\"16\" viewBox=\"0 0 16 16\" fill=\"none\" xmlns=\"http:\/\/www.w3.org\/2000\/svg\">\n<g id=\"Icon\">\n<path id=\"Vector\" d=\"M9 3.66663L14 7.99996M14 7.99996L9 12.3333M14 7.99996H2\" stroke=\"#333333\" stroke-width=\"1.5\" stroke-linecap=\"square\"\/>\n<\/g>\n<\/svg>\n    <\/a>\t\t\t\t\t\t\t<\/div>\n\t\t\t\t\t\t<\/div>\n\t\t\t\t\t<\/li>\n\t\t\t\t\t\t\t\t\t<li class=\"bg-white shadow-md rounded-lg p-4 swiper-slide relative !h-[520px] lg:!h-[700px]\">\n\t\t\t\t\t\t<div class=\"left-4 top-4 right-4 bottom-4 lg:absolute bg-gray-100 rounded-lg\">\n\t\t\t\t\t\t\t\t\t\t\t\t\t\t\t<img decoding=\"async\" src=\"https:\/\/i2cat.net\/wp-content\/uploads\/2025\/10\/OpenGateway-986x555.jpeg\"\n\t\t\t\t\t\t\t\t\talt=\"Empoderem la societat mitjan\u00e7ant xarxes programables: El laboratori d\u2019innovaci\u00f3 d\u2019Open Gateway amb MasOrange, Telef\u00f3nica i Vodafone Group\" class=\"absolute object-cover rounded-lg w-full h-full inset-0\">\n\t\t\t\t\t\t\t\t\t\t\t\t\t\t<div class=\"z-10 bg-white pl-7 pr-4 py-5 md:py-6 md:px-12 rounded-md absolute bottom-4 right-4 left-4 lg:left-auto lg:bottom-8 lg:right-8 max-w-full lg:max-w-[570px]\">\n\t\t\t\t\t\t\t\t<h3\n\t\t\t\t\t\t\t\t\tclass=\"relative md:text-h4 text-lead mb-5 before:block before:absolute before:left-[-20px] before:top-3 before:w-2 before:h-2 before:bg-primary\">\n\t\t\t\t\t\t\t\t\tEmpoderem la societat mitjan\u00e7ant xarxes programables: El laboratori d\u2019innovaci\u00f3 d\u2019Open Gateway amb MasOrange, Telef\u00f3nica i Vodafone Group<\/h3>\n\t\t\t\t\t\t\t\t<p class=\"md:text-lead mb-5\">Aquesta col\u00b7laboraci\u00f3 no s&#8217;assembla a cap altra. Es tracta d\u2019una associaci\u00f3 sense precedents que redefineix&#8230;<\/p>\n\t\t\t\t\t\t\t\t\n<a href=\"https:\/\/i2cat.net\/ca\/success-story\/empoderem-la-societat-mitjancant-xarxes-programables-el-laboratori-dinnovacio-dopen-gateway-amb-masorange-telefonica-i-vodafone-group\/\" target=\"\"\n    class=\"button-third  flex gap-3 flex gap-3\" >\n    M\u00e9s informaci\u00f3            <svg width=\"16\" height=\"16\" viewBox=\"0 0 16 16\" fill=\"none\" xmlns=\"http:\/\/www.w3.org\/2000\/svg\">\n<g id=\"Icon\">\n<path id=\"Vector\" d=\"M9 3.66663L14 7.99996M14 7.99996L9 12.3333M14 7.99996H2\" stroke=\"#333333\" stroke-width=\"1.5\" stroke-linecap=\"square\"\/>\n<\/g>\n<\/svg>\n    <\/a>\t\t\t\t\t\t\t<\/div>\n\t\t\t\t\t\t<\/div>\n\t\t\t\t\t<\/li>\n\t\t\t\t\t\t\t\t\t<li class=\"bg-white shadow-md rounded-lg p-4 swiper-slide relative !h-[520px] lg:!h-[700px]\">\n\t\t\t\t\t\t<div class=\"left-4 top-4 right-4 bottom-4 lg:absolute bg-gray-100 rounded-lg\">\n\t\t\t\t\t\t\t\t\t\t\t\t\t\t\t<img decoding=\"async\" src=\"https:\/\/i2cat.net\/wp-content\/uploads\/2025\/10\/Sateliot_Enxaneta-986x657-1.jpg\"\n\t\t\t\t\t\t\t\t\talt=\"i2CAT i Sateliot: Un model de col\u00b7laboraci\u00f3 publicoprivada guardonat amb el Premi Nacional de Recerca\" class=\"absolute object-cover rounded-lg w-full h-full inset-0\">\n\t\t\t\t\t\t\t\t\t\t\t\t\t\t<div class=\"z-10 bg-white pl-7 pr-4 py-5 md:py-6 md:px-12 rounded-md absolute bottom-4 right-4 left-4 lg:left-auto lg:bottom-8 lg:right-8 max-w-full lg:max-w-[570px]\">\n\t\t\t\t\t\t\t\t<h3\n\t\t\t\t\t\t\t\t\tclass=\"relative md:text-h4 text-lead mb-5 before:block before:absolute before:left-[-20px] before:top-3 before:w-2 before:h-2 before:bg-primary\">\n\t\t\t\t\t\t\t\t\ti2CAT i Sateliot: Un model de col\u00b7laboraci\u00f3 publicoprivada guardonat amb el Premi Nacional de Recerca<\/h3>\n\t\t\t\t\t\t\t\t<p class=\"md:text-lead mb-5\">La col\u00b7laboraci\u00f3 entre el Centre de Recerca i2CAT i Sateliot representa un cas d&#8217;\u00e8xit exemplar&#8230;<\/p>\n\t\t\t\t\t\t\t\t\n<a href=\"https:\/\/i2cat.net\/ca\/success-story\/i2cat-i-sateliot-un-model-de-collaboracio-publicoprivada-guardonat-amb-el-premi-nacional-de-recerca\/\" target=\"\"\n    class=\"button-third  flex gap-3 flex gap-3\" >\n    M\u00e9s informaci\u00f3            <svg width=\"16\" height=\"16\" viewBox=\"0 0 16 16\" fill=\"none\" xmlns=\"http:\/\/www.w3.org\/2000\/svg\">\n<g id=\"Icon\">\n<path id=\"Vector\" d=\"M9 3.66663L14 7.99996M14 7.99996L9 12.3333M14 7.99996H2\" stroke=\"#333333\" stroke-width=\"1.5\" stroke-linecap=\"square\"\/>\n<\/g>\n<\/svg>\n    <\/a>\t\t\t\t\t\t\t<\/div>\n\t\t\t\t\t\t<\/div>\n\t\t\t\t\t<\/li>\n\t\t\t\t\t\t\t\t\t\t\t<\/ul>\n\n\t\t\t<div class=\"flex items-center justify-center mt-10\">\n\t\t\t\t<div class=\"!mx-auto !w-1\/2 swiper-pagination !relative\"><\/div>\n\t\t\t<\/div>\n\n\t\t<\/div>\n\n\t<\/div>\n<\/section>","protected":false},"excerpt":{"rendered":"","protected":false},"author":1,"featured_media":0,"parent":0,"menu_order":0,"comment_status":"closed","ping_status":"closed","template":"","meta":{"_acf_changed":false,"footnotes":""},"class_list":["post-17458","page","type-page","status-publish","hentry"],"acf":[],"yoast_head":"<!-- This site is optimized with the Yoast SEO plugin v26.9 - https:\/\/yoast.com\/product\/yoast-seo-wordpress\/ -->\n<title>Casos d&#039;\u00e8xit - i2CAT Research Centre<\/title>\n<meta name=\"robots\" content=\"index, follow, max-snippet:-1, max-image-preview:large, max-video-preview:-1\" \/>\n<link rel=\"canonical\" href=\"https:\/\/i2cat.net\/ca\/casos-exit\/\" \/>\n<meta property=\"og:locale\" content=\"ca_ES\" \/>\n<meta property=\"og:type\" content=\"article\" \/>\n<meta property=\"og:title\" content=\"Casos d&#039;\u00e8xit - i2CAT Research Centre\" \/>\n<meta property=\"og:url\" content=\"https:\/\/i2cat.net\/ca\/casos-exit\/\" \/>\n<meta property=\"og:site_name\" content=\"i2CAT Research Centre\" \/>\n<meta property=\"article:modified_time\" content=\"2025-11-26T09:44:15+00:00\" \/>\n<meta name=\"twitter:card\" content=\"summary_large_image\" \/>\n<script type=\"application\/ld+json\" class=\"yoast-schema-graph\">{\"@context\":\"https:\/\/schema.org\",\"@graph\":[{\"@type\":\"WebPage\",\"@id\":\"https:\/\/i2cat.net\/ca\/casos-exit\/\",\"url\":\"https:\/\/i2cat.net\/ca\/casos-exit\/\",\"name\":\"Casos d'\u00e8xit - i2CAT Research Centre\",\"isPartOf\":{\"@id\":\"https:\/\/i2cat.net\/ca\/#website\"},\"datePublished\":\"2025-05-22T10:19:13+00:00\",\"dateModified\":\"2025-11-26T09:44:15+00:00\",\"breadcrumb\":{\"@id\":\"https:\/\/i2cat.net\/ca\/casos-exit\/#breadcrumb\"},\"inLanguage\":\"ca\",\"potentialAction\":[{\"@type\":\"ReadAction\",\"target\":[\"https:\/\/i2cat.net\/ca\/casos-exit\/\"]}]},{\"@type\":\"BreadcrumbList\",\"@id\":\"https:\/\/i2cat.net\/ca\/casos-exit\/#breadcrumb\",\"itemListElement\":[{\"@type\":\"ListItem\",\"position\":1,\"name\":\"Home\",\"item\":\"https:\/\/i2cat.net\/ca\/\"},{\"@type\":\"ListItem\",\"position\":2,\"name\":\"Casos d&#8217;\u00e8xit\"}]},{\"@type\":\"WebSite\",\"@id\":\"https:\/\/i2cat.net\/ca\/#website\",\"url\":\"https:\/\/i2cat.net\/ca\/\",\"name\":\"i2CAT Research Centre\",\"description\":\"\",\"potentialAction\":[{\"@type\":\"SearchAction\",\"target\":{\"@type\":\"EntryPoint\",\"urlTemplate\":\"https:\/\/i2cat.net\/ca\/?s={search_term_string}\"},\"query-input\":{\"@type\":\"PropertyValueSpecification\",\"valueRequired\":true,\"valueName\":\"search_term_string\"}}],\"inLanguage\":\"ca\"}]}<\/script>\n<!-- \/ Yoast SEO plugin. -->","yoast_head_json":{"title":"Casos d'\u00e8xit - i2CAT Research Centre","robots":{"index":"index","follow":"follow","max-snippet":"max-snippet:-1","max-image-preview":"max-image-preview:large","max-video-preview":"max-video-preview:-1"},"canonical":"https:\/\/i2cat.net\/ca\/casos-exit\/","og_locale":"ca_ES","og_type":"article","og_title":"Casos d'\u00e8xit - i2CAT Research Centre","og_url":"https:\/\/i2cat.net\/ca\/casos-exit\/","og_site_name":"i2CAT Research Centre","article_modified_time":"2025-11-26T09:44:15+00:00","twitter_card":"summary_large_image","schema":{"@context":"https:\/\/schema.org","@graph":[{"@type":"WebPage","@id":"https:\/\/i2cat.net\/ca\/casos-exit\/","url":"https:\/\/i2cat.net\/ca\/casos-exit\/","name":"Casos d'\u00e8xit - i2CAT Research Centre","isPartOf":{"@id":"https:\/\/i2cat.net\/ca\/#website"},"datePublished":"2025-05-22T10:19:13+00:00","dateModified":"2025-11-26T09:44:15+00:00","breadcrumb":{"@id":"https:\/\/i2cat.net\/ca\/casos-exit\/#breadcrumb"},"inLanguage":"ca","potentialAction":[{"@type":"ReadAction","target":["https:\/\/i2cat.net\/ca\/casos-exit\/"]}]},{"@type":"BreadcrumbList","@id":"https:\/\/i2cat.net\/ca\/casos-exit\/#breadcrumb","itemListElement":[{"@type":"ListItem","position":1,"name":"Home","item":"https:\/\/i2cat.net\/ca\/"},{"@type":"ListItem","position":2,"name":"Casos d&#8217;\u00e8xit"}]},{"@type":"WebSite","@id":"https:\/\/i2cat.net\/ca\/#website","url":"https:\/\/i2cat.net\/ca\/","name":"i2CAT Research Centre","description":"","potentialAction":[{"@type":"SearchAction","target":{"@type":"EntryPoint","urlTemplate":"https:\/\/i2cat.net\/ca\/?s={search_term_string}"},"query-input":{"@type":"PropertyValueSpecification","valueRequired":true,"valueName":"search_term_string"}}],"inLanguage":"ca"}]}},"_links":{"self":[{"href":"https:\/\/i2cat.net\/ca\/wp-json\/wp\/v2\/pages\/17458","targetHints":{"allow":["GET"]}}],"collection":[{"href":"https:\/\/i2cat.net\/ca\/wp-json\/wp\/v2\/pages"}],"about":[{"href":"https:\/\/i2cat.net\/ca\/wp-json\/wp\/v2\/types\/page"}],"author":[{"embeddable":true,"href":"https:\/\/i2cat.net\/ca\/wp-json\/wp\/v2\/users\/1"}],"replies":[{"embeddable":true,"href":"https:\/\/i2cat.net\/ca\/wp-json\/wp\/v2\/comments?post=17458"}],"version-history":[{"count":1,"href":"https:\/\/i2cat.net\/ca\/wp-json\/wp\/v2\/pages\/17458\/revisions"}],"predecessor-version":[{"id":17459,"href":"https:\/\/i2cat.net\/ca\/wp-json\/wp\/v2\/pages\/17458\/revisions\/17459"}],"wp:attachment":[{"href":"https:\/\/i2cat.net\/ca\/wp-json\/wp\/v2\/media?parent=17458"}],"curies":[{"name":"wp","href":"https:\/\/api.w.org\/{rel}","templated":true}]}}