{"id":18874,"date":"2025-02-26T11:27:22","date_gmt":"2025-02-26T10:27:22","guid":{"rendered":"https:\/\/i2cat.net\/?page_id=18874"},"modified":"2026-03-26T16:44:12","modified_gmt":"2026-03-26T15:44:12","slug":"avis-legal","status":"publish","type":"page","link":"https:\/\/i2cat.net\/ca\/avis-legal\/","title":{"rendered":"Av\u00eds Legal"},"content":{"rendered":"\n<h3 class=\"wp-block-heading\">Informaci\u00f3 General<\/h3>\n\n\n\n<p>www.i2cat.net (aix\u00ed com el domini .cat, en endavant entesos com a refer\u00e8ncies al domini .net), \u00e9s un domini de la Fundaci\u00f3 Privada i2CAT, Internet i Innovaci\u00f3 Digital a Catalunya (en endavant Fundaci\u00f3 i2CAT), amb CIF G-63262570, domicili a Pla\u00e7a de Pau Vila, 1 Edifici Palau de Mar, Sector B, 1\u00aa planta, 08039 Barcelona, tel\u00e8fon (+34) 93 553 25 10 i correu electr\u00f2nic\u00a0<a href=\"mailto:fundacio@i2cat.net\">fundacio@i2cat.net<\/a>. La Fundaci\u00f3 i2CAT est\u00e0 inscrita al registre de Fundacions de la Generalitat de Catalunya amb el n\u00ba 1876.<\/p>\n\n\n\n<p>La Fundaci\u00f3 i2CAT \u00e9s un centre CERCA sense \u00e0nim de lucre que promou activitats d\u2019R+D+i al voltant de les tecnologies digitals avan\u00e7ades i la seva arquitectura, aplicacions i serveis. El centre col\u00b7labora amb empreses, administracions p\u00fabliques, institucions acad\u00e8miques i usuaris per tal d\u2019aplicar aquest coneixement en la resoluci\u00f3 de reptes socials i empresarials.<\/p>\n\n\n\n<p>La Fundaci\u00f3 i2CAT utilitza el domini www.i2cat.net per gestionar el seu portal web, divulgar les seves activitats i serveis i interactuar amb els seus usuaris.<\/p>\n\n\n\n<h3 class=\"wp-block-heading\">Condicions d\u2019\u00fas i acc\u00e9s<\/h3>\n\n\n\n<p>Les condicions d\u2019\u00fas i acc\u00e9s aqu\u00ed descrites regulen l\u2019\u00fas del servei&nbsp;<a href=\"https:\/\/www.i2cat.net\/\">www.i2cat.net<\/a>&nbsp;(en endavant anomenat \u201clloc web\u201d) que la Fundaci\u00f3 i2CAT posa a disposici\u00f3 dels usuaris a Internet.<\/p>\n\n\n\n<p>L\u2019\u00fas del lloc web i dels seus continguts atribueix la condici\u00f3 d\u2019\u201dUsuari\u201d(en endavant anomenat \u201cUsuari\u201d) i implica l\u2019acceptaci\u00f3 de totes les condicions contingudes en aquest Av\u00eds Legal, en la versi\u00f3 publicada en el moment de l\u2019acc\u00e9s. L\u2019Usuari es compromet a fer un \u00fas diligent del lloc web, d\u2019acord amb la Llei i les Condicions d\u2019\u00fas i Acc\u00e9s. L\u2019Usuari hauria de llegir-los atentament cada vegada que tingui intenci\u00f3 d\u2019utilitzar el lloc web, ja que els termes i condicions d\u2019\u00fas estan subjectes a canvis.<\/p>\n\n\n\n<p>L\u2019acc\u00e9s al portal \u00e9s gratu\u00eft. En el cas que en el futur hi hagu\u00e9s funcionalitats o serveis subjectes a pagament, s\u2019indicarien a les condicions d\u2019\u00fas.<\/p>\n\n\n\n<p>En el cas que l\u2019\u00fas de determinats serveis o funcionalitats inclosos en aquests llocs web requereixi el registre previ de l\u2019usuari, aquest registre es realitzar\u00e0 mitjan\u00e7ant un formulari sotm\u00e8s al que estableixen les lleis de protecci\u00f3 de dades de car\u00e0cter personal.<\/p>\n\n\n\n<h3 class=\"wp-block-heading\">Protecci\u00f3 dels drets de propietat intel\u00b7lectual i industrial<\/h3>\n\n\n\n<p>Son titularitat de la Fundaci\u00f3 i2CAT els drets de Propietat Intel\u00b7lectual i Industrial del lloc web&nbsp;<a href=\"https:\/\/www.i2cat.net\/\">www.i2cat.net<\/a>, que inclou els continguts i elements gr\u00e0fics, el seu codi font, disseny, estructura de navegaci\u00f3, bases de dades i altres elements que formen part del lloc web.<\/p>\n\n\n\n<p>Per tant, correspon en exclusiva a la Fundaci\u00f3 i2CAT l\u2019exercici dels drets d\u2019explotaci\u00f3 en qualsevol forma i, en concret, dels drets de reproducci\u00f3, distribuci\u00f3, comunicaci\u00f3 p\u00fablica i transformaci\u00f3.<\/p>\n\n\n\n<p>Qualsevol \u00fas o reproducci\u00f3 que els usuaris facin d\u2019aquests continguts, o d\u2019altres que es puguin incloure en el futur, s\u2019han de fer seguint les previsions i respectant les limitacions de la normativa de Propietat Intel\u00b7lectual i en qualsevol cas amb l\u2019autoritzaci\u00f3 de la Fundaci\u00f3 i2CAT, sense perjudici dels l\u00edmits que estableix el Reial Decret 1\/1996, del 12 d\u2019abril, pel qual s\u2019aprova el text ref\u00f3s de la Llei de propietat intel\u00b7lectual.<\/p>\n\n\n\n<p><strong>Reserva de drets<\/strong>La Fundaci\u00f3 i2CAT explicita una reserva de drets amb car\u00e0cter general respecte del conjunt dels continguts difosos en el lloc web que s\u00f3n objecte de propietat intel\u00b7lectual i industrial. D\u2019acord amb el previst a l\u2019article 32 del text de la Llei de Propietat intel\u00b7lectual, la Fundaci\u00f3 i2CAT s\u2019oposa expressament a la utilitzaci\u00f3 de qualsevol dels continguts del domini www.i2cat.net en qualsevol format, amb la finalitat de fer ressenyes o revistes de premsa amb finalitat comercial, sense la pr\u00e8via autoritzaci\u00f3 expressa de la Fundaci\u00f3 i2CAT.<\/p>\n\n\n\n<p>Aquest av\u00eds legal no suposa cap cessi\u00f3 de drets a favor de l\u2019usuari en relaci\u00f3 a cap dels elements integrants de la web o dels seus continguts. L\u2019usuari podr\u00e0 \u00fanicament visualitzar els continguts allotjats al domini www.i2cat.net, aix\u00ed com copiar i\/o imprimir-los per al seu \u00fas personal i privat.<\/p>\n\n\n\n<p>No s\u2019autoritza en cap cas:<\/p>\n\n\n\n<ul class=\"wp-block-list\">\n<li>Presentaci\u00f3 de les p\u00e0gines del lloc&nbsp;<a href=\"http:\/\/www.i2cat.nat\/\">www.i2cat.net<\/a>&nbsp;o qualsevol dels seus continguts contingut en una finestra que no pertany a la Fundaci\u00f3 i2CAT per mitj\u00e0 de qualsevol t\u00e8cnica o procediment incloent framing, in line linking, etc. L\u2019extracci\u00f3 d\u2019elements del lloc web que causi perjudici a la Fundaci\u00f3 i2CAT, conforme a les disposicions vigents.<\/li>\n\n\n\n<li>L\u2019\u00fas comercial dels continguts del lloc web www.i2cat.net.<\/li>\n\n\n\n<li>L\u2019\u00fas de marques o signes distintius, logotips, combinacions de colors, estructura, disseny i en general s\u00edmbols distintius de qualsevol naturalesa, propietat de la Fundaci\u00f3 i2CAT, sense el coneixement i l\u2019autoritzaci\u00f3 corresponent de l\u2019empresa.<\/li>\n\n\n\n<li>L\u2019\u00fas de continguts en activitats il\u00b7l\u00edcites, il\u00b7legals o contr\u00e0ries a la bona fe i l\u2019ordre p\u00fablic.<\/li>\n\n\n\n<li>Difondre continguts o propaganda de car\u00e0cter racista o xen\u00f2fob, pornogr\u00e0fic, il\u00b7legal o que atempti contra els drets humans.<\/li>\n\n\n\n<li>Provocar danys en els sistemes f\u00edsics i l\u00f2gics de la Fundaci\u00f3 i2CAT, dels seus prove\u00efdors o de terceres persones; introduir o difondre a la xarxa virus inform\u00e0tics o altres sistemes f\u00edsics o l\u00f2gics que siguin susceptibles de provocar danys anteriorment esmentats.<\/li>\n\n\n\n<li>Intentar accedir i, en el seu cas, utilitzar els comptes de correu electr\u00f2nic d\u2019altres usuaris i modificar o manipular els seus missatges.<\/li>\n<\/ul>\n\n\n\n<h3 class=\"wp-block-heading\">Protecci\u00f3 de dades de car\u00e0cter personal<\/h3>\n\n\n\n<p>A) Dades recollides a trav\u00e9s de formularis<\/p>\n\n\n\n<p>Les dades recollides nom\u00e9s s\u2019utilitzaran per a la finalitat indicada a la cl\u00e0usula espec\u00edfica del formulari de recollida de dades i s\u2019emmagatzemaran en un fitxer de dades personals.<\/p>\n\n\n\n<p>D\u2019acord amb el Reglament (UE) 2016\/679 del Parlament Europeu i del Consell de 27 d\u2019abril de 2016 relatiu a la protecci\u00f3 de les persones f\u00edsiques pel que fa al tractament de dades personals i la lliure circulaci\u00f3 d\u2019aquestes dades, l\u2019usuari pot revocar el consentiment prestat i exercir els seus drets d\u2019acc\u00e9s, rectificaci\u00f3, supressi\u00f3, cancel\u00b7laci\u00f3, oposici\u00f3, restricci\u00f3 del tractament i portabilitat de les dades en els termes especificats a la legislaci\u00f3 sobre protecci\u00f3 de dades o enviant un correu electr\u00f2nic a: rgpd@i2cat.net.<\/p>\n\n\n\n<p>La Fundaci\u00f3 i2CAT, com a responsable del lloc web, de conformitat amb el que disposa el Reglament (UE) 2016\/679, de 27 d\u2019abril, relatiu a la protecci\u00f3 de les persones f\u00edsiques pel que fa al tractament de dades personals (en endavant, \u00abRGPD\u00bb), i la Llei 34\/2002, de 11 de juliol, de serveis de la societat de la informaci\u00f3 i del comer\u00e7 electr\u00f2nic (LSSICE), l\u2019informa que les dades requerides seran les m\u00ednimes necess\u00e0ries i estaran recolzades per la base legal (legitimaci\u00f3) i la finalitat indicades en cadascuna de les responsabilitats corresponents; el seu tractament es dur\u00e0 a terme d\u2019acord amb els procediments espec\u00edfics dissenyats per i2CAT basats en l\u2019an\u00e0lisi de riscos i les mesures de seguretat que els siguin aplicables, que s\u2019inclouen al registre d\u2019Activitats corresponent.<\/p>\n\n\n\n<p>Consulti la POL\u00cdTICA DE PRIVACITAT en el seg\u00fcent enlla\u00e7: https:\/\/i2cat.net\/politica-de-privacitat-fundacio-i2cat\/?lang=ca<\/p>\n\n\n\n<p>B) Dades de navegaci\u00f3<\/p>\n\n\n\n<p>El sistema de navegaci\u00f3 i el programari necessaris per al funcionament d\u2019aquest lloc web recullen, de manera est\u00e0ndard, algunes dades la transmissi\u00f3 de les quals \u00e9s impl\u00edcita en l\u2019\u00fas dels protocols de comunicaci\u00f3 d\u2019Internet. En aquesta categoria de dades hi ha l\u2019adre\u00e7a IP o nom de domini de l\u2019ordinador utilitzat per la persona usu\u00e0ria per connectar-se al lloc web, l\u2019adre\u00e7a URL del recurs demanat, l\u2019hora, el m\u00e8tode utilitzat per a la consulta al servidor, la mida de l\u2019arxiu obtingut en la resposta, el codi num\u00e8ric que indica l\u2019estat de la resposta al servidor, i altres par\u00e0metres relatius al sistema operatiu de l\u2019entorn inform\u00e0tic de la persona usu\u00e0ria.<\/p>\n\n\n\n<p>Aquesta informaci\u00f3 no s\u2019associa a persones usu\u00e0ries concretes i s\u2019utilitza amb la finalitat exclusiva d\u2019obtenir informaci\u00f3 estad\u00edstica sobre l\u2019\u00fas del lloc web www.i2cat.net.<\/p>\n\n\n\n<p>www.i2cat.net no fa servir galetes o altres dispositius similars de processament de dades personals que permetin la identificaci\u00f3 d\u2019usuaris espec\u00edfics a dins del lloc web. L\u2019\u00fas d\u2019aquests sistemes es reserva exclusivament per a la recollida d\u2019informaci\u00f3 t\u00e8cnica destinada a facilitar un acc\u00e9s i una navegaci\u00f3 segura i eficient per als usuaris del portal web.<\/p>\n\n\n\n<h3 class=\"wp-block-heading\">Responsabilitat en relaci\u00f3 amb els continguts<\/h3>\n\n\n\n<p>La Fundaci\u00f3 i2CAT es reserva el dret de modificar els continguts del web i d\u2019eliminar-los, aix\u00ed com tamb\u00e9 de limitar o impedir l\u2019acc\u00e9s ja sigui temporalment o definitiva, amb o sense notificaci\u00f3 pr\u00e8via, per tal de complir amb les lleis mencionades anteriorment.<\/p>\n\n\n\n<p>La Fundaci\u00f3 i2CAT no es fa responsable de la informaci\u00f3 o dels continguts d\u2019altres p\u00e0gines web a les quals remet o amb les quals es pugui enlla\u00e7ar des del portal www.i2cat.net.<\/p>\n\n\n\n<p>La Fundaci\u00f3 i2CAT no s\u2019identifica necess\u00e0riament amb les opinions expressades pels seus col\u00b7laboradors.<\/p>\n\n\n\n<p>La Fundaci\u00f3 i2CAT no es fa responsable dels actes, activitats i esdeveniments organitzats per tercers dels quals s\u2019informi al portal www.i2cat.net, ni dels continguts de tercers.<\/p>\n\n\n\n<h3 class=\"wp-block-heading\">Dret d\u2019exclusi\u00f3<\/h3>\n\n\n\n<p>La Fundaci\u00f3 i2CAT es reserva el dret de denegar o retirar l\u2019acc\u00e9s als seus llocs web i\/o als serveis oferts sense necessitat d\u2019av\u00eds previ, a instancia pr\u00f2pia o d\u2019un tercer, a aquells usuaris que incompleixin les presents condicions generals.<\/p>\n\n\n\n<h3 class=\"wp-block-heading\">Xats i f\u00f2rums<\/h3>\n\n\n\n<p>La Fundaci\u00f3 i2CAT pot tenir ara i\/o en un futur seccions de car\u00e0cter p\u00fablic i participatiu com ara xats, f\u00f2rums, enquestes, etc., enteses com a accessibles per a tots els usuaris en general, per a la seva interacci\u00f3. En determinats casos, s\u2019estableixen condicions de participaci\u00f3 que hauran d\u2019acceptar-se pr\u00e8viament, aix\u00ed com el registre obligatori de l\u2019usuari; en aquest cas, a m\u00e9s de les condicions de participaci\u00f3, ser\u00e0 necessari acceptar la transfer\u00e8ncia de dades personals per a les finalitats d\u2019obeir la pol\u00edtica i la legislaci\u00f3 sobre protecci\u00f3 de la protecci\u00f3 de dades.<\/p>\n\n\n\n<p>Pel que fa als continguts que l\u2019usuari decideixi enviar per la seva inclusi\u00f3 en aquest espais, s\u2019estableixen les seg\u00fcents condicions d\u2019us i acc\u00e9s:<\/p>\n\n\n\n<ul class=\"wp-block-list\">\n<li>Responsabilitats: la Fundaci\u00f3 i2CAT no es fa responsable pel contingut dels missatges, informacions, opinions que efectu\u00efn els usuaris i es reserva el dret d\u2019impedir l\u2019acc\u00e9s de continguts il\u00b7l\u00edcits o il\u00b7leg\u00edtims o que puguin perjudicar drets leg\u00edtims de qualsevol classe o de retirar o eliminar els que s\u2019hagin aportat, en especial en cas d\u2019incompliment d\u2019aquestes condicions.<\/li>\n\n\n\n<li>Propietat Intel\u00b7lectual: la Fundaci\u00f3 i2CAT tindr\u00e0 dret a reproduir, modificar (mitjan\u00e7ant extractes, resums, ressenyes), adaptar i publicar, incl\u00f2s comunicaci\u00f3 p\u00fablica, els continguts ja siguin textos, fotografies, gr\u00e0fics, etc., amb l\u2019objecte de promoure la pr\u00f2pia secci\u00f3 a la que s\u2019han tram\u00e9s, aix\u00ed com per utilitzar-los en les activitats de la Fundaci\u00f3 i2CAT, en qualsevol format i suport. La llicencia es gratu\u00efta i s\u2019estableix fins al seu pas al domini p\u00fablic que permeti en cada moment la legislaci\u00f3 de Propietat Intel\u00b7lectual vigent. Els usuaris nomes enviaran continguts dels que siguin autors originals o disposin dels drets del seu titular, sense perjudici d\u2019informar de la URL del propietari o enlla\u00e7ant als continguts mencionats.<\/li>\n\n\n\n<li>La Fundaci\u00f3 i2CAT no retornar\u00e0 cap contingut dels tramesos ni adquireix cap obligaci\u00f3 de contestar als usuaris.<\/li>\n\n\n\n<li>Les dades personals que consten a les seccions de car\u00e0cter p\u00fablic i els seus continguts no es poden utilitzar per a beneficis o usos que no hagin estat autoritzats expressament pel seu titular. L\u2019usuari respondr\u00e0 de la veracitat de les dades facilitades.<\/li>\n\n\n\n<li>Els usuaris respectaran les opinions dels altres usuaris o participants, i s\u2019abstindran d\u2019utilitzar llenguatge ofensiu o difamatori, racista o violent o que atempti contra la legalitat vigent.<\/li>\n\n\n\n<li>No es podran fer comunicacions comercials no autoritzades.<\/li>\n\n\n\n<li>Cal advertir que les dades personals que facilitin els usuaris podran ser vistes per qualsevol altre usuari o participant. Si es tracta de dades de tercers cal disposar del seu consentiment expr\u00e9s.<\/li>\n<\/ul>\n\n\n\n<h3 class=\"wp-block-heading\">Subscripcions<\/h3>\n\n\n\n<p>La subscripci\u00f3 a productes i serveis oferts per la&nbsp;<a href=\"https:\/\/www.i2cat.net\/\">Fundaci\u00f3 i2CAT<\/a>&nbsp;que es facin a traves d\u2019aquest portal ser\u00e0 volunt\u00e0ria i suposar\u00e0 l\u2019acceptaci\u00f3 de les condicions que en cada cas s\u2019estableixin i que l\u2019usuari haur\u00e0 d\u2019acceptar expressament. Tamb\u00e9 implicar\u00e0 l\u2019acceptaci\u00f3 per a rebre informaci\u00f3 comercial de productes i serveis de la Fundaci\u00f3 i2CAT. El fet de donar-se d\u2019alta en aquests serveis comporta l\u2019autoritzaci\u00f3 a la Fundaci\u00f3 i2CAT per a aquest tipus de comunicacions, podent l\u2019usuari revocar l\u2019autoritzaci\u00f3 amb una comunicaci\u00f3 per escrit en la forma que la Fundaci\u00f3 i2CAT indicar\u00e0 en cada cas.<\/p>\n\n\n\n<h3 class=\"wp-block-heading\">Condicions generals<\/h3>\n\n\n\n<p>La Fundaci\u00f3 i2CAT perseguir\u00e0 l\u2019incompliment de les presents condicions aix\u00ed com qualsevol utilitzaci\u00f3 indeguda de les seves p\u00e0gines web exercint totes les accions civils i penals que li puguin correspondre per dret.<\/p>\n\n\n\n<p>La Fundaci\u00f3 i2CAT no pot garantir que el portal i el servidor estiguin lliures de virus, per tant no es fa responsable dels danys o perjudicis que es puguin causar per aquestes anomalies o qualsevol altra d\u2019indole t\u00e8cnica.<\/p>\n\n\n\n<h3 class=\"wp-block-heading\">Modificaci\u00f3 de les presents condicions i durada<\/h3>\n\n\n\n<p>La Fundaci\u00f3 i2CAT podr\u00e0 modificar en qualsevol moment les condicions aqu\u00ed descrites sense notificar-ho pr\u00e8viament i segons el seu criteri. La vig\u00e8ncia de les citades condicions anir\u00e0 en funci\u00f3 de la seva exposici\u00f3 i estaran vigents fins que siguin modificades per altres degudament publicades.<\/p>\n\n\n\n<h3 class=\"wp-block-heading\">Legislaci\u00f3 aplicable i jurisdicci\u00f3<\/h3>\n\n\n\n<p>La relaci\u00f3 entre la Fundaci\u00f3 i2CAT i els usuaris es regir\u00e0 per la normativa espanyola vigent i qualsevol controv\u00e8rsia se sotmetr\u00e0 als jutjats i tribunals de la ciutat de Barcelona.<\/p>\n","protected":false},"excerpt":{"rendered":"<p>Informaci\u00f3 General www.i2cat.net (aix\u00ed com el domini .cat, en endavant entesos com a refer\u00e8ncies al&#8230;<\/p>\n","protected":false},"author":1,"featured_media":0,"parent":0,"menu_order":0,"comment_status":"closed","ping_status":"closed","template":"","meta":{"_acf_changed":false,"footnotes":""},"class_list":["post-18874","page","type-page","status-publish","hentry"],"acf":[],"yoast_head":"<!-- This site is optimized with the Yoast SEO plugin v26.9 - https:\/\/yoast.com\/product\/yoast-seo-wordpress\/ -->\n<title>Av\u00eds Legal - i2CAT Research Centre<\/title>\n<meta name=\"robots\" content=\"index, follow, max-snippet:-1, max-image-preview:large, max-video-preview:-1\" \/>\n<link rel=\"canonical\" href=\"https:\/\/i2cat.net\/ca\/avis-legal\/\" \/>\n<meta property=\"og:locale\" content=\"ca_ES\" \/>\n<meta property=\"og:type\" content=\"article\" \/>\n<meta property=\"og:title\" content=\"Av\u00eds Legal - i2CAT Research Centre\" \/>\n<meta property=\"og:description\" content=\"Informaci\u00f3 General www.i2cat.net (aix\u00ed com el domini .cat, en endavant entesos com a refer\u00e8ncies al...\" \/>\n<meta property=\"og:url\" content=\"https:\/\/i2cat.net\/ca\/avis-legal\/\" \/>\n<meta property=\"og:site_name\" content=\"i2CAT Research Centre\" \/>\n<meta property=\"article:modified_time\" content=\"2026-03-26T15:44:12+00:00\" \/>\n<meta name=\"twitter:card\" content=\"summary_large_image\" \/>\n<script type=\"application\/ld+json\" class=\"yoast-schema-graph\">{\"@context\":\"https:\/\/schema.org\",\"@graph\":[{\"@type\":\"WebPage\",\"@id\":\"https:\/\/i2cat.net\/ca\/avis-legal\/\",\"url\":\"https:\/\/i2cat.net\/ca\/avis-legal\/\",\"name\":\"Av\u00eds Legal - i2CAT Research Centre\",\"isPartOf\":{\"@id\":\"https:\/\/i2cat.net\/ca\/#website\"},\"datePublished\":\"2025-02-26T10:27:22+00:00\",\"dateModified\":\"2026-03-26T15:44:12+00:00\",\"breadcrumb\":{\"@id\":\"https:\/\/i2cat.net\/ca\/avis-legal\/#breadcrumb\"},\"inLanguage\":\"ca\",\"potentialAction\":[{\"@type\":\"ReadAction\",\"target\":[\"https:\/\/i2cat.net\/ca\/avis-legal\/\"]}]},{\"@type\":\"BreadcrumbList\",\"@id\":\"https:\/\/i2cat.net\/ca\/avis-legal\/#breadcrumb\",\"itemListElement\":[{\"@type\":\"ListItem\",\"position\":1,\"name\":\"Home\",\"item\":\"https:\/\/i2cat.net\/ca\/\"},{\"@type\":\"ListItem\",\"position\":2,\"name\":\"Av\u00eds Legal\"}]},{\"@type\":\"WebSite\",\"@id\":\"https:\/\/i2cat.net\/ca\/#website\",\"url\":\"https:\/\/i2cat.net\/ca\/\",\"name\":\"i2CAT Research Centre\",\"description\":\"\",\"potentialAction\":[{\"@type\":\"SearchAction\",\"target\":{\"@type\":\"EntryPoint\",\"urlTemplate\":\"https:\/\/i2cat.net\/ca\/?s={search_term_string}\"},\"query-input\":{\"@type\":\"PropertyValueSpecification\",\"valueRequired\":true,\"valueName\":\"search_term_string\"}}],\"inLanguage\":\"ca\"}]}<\/script>\n<!-- \/ Yoast SEO plugin. -->","yoast_head_json":{"title":"Av\u00eds Legal - i2CAT Research Centre","robots":{"index":"index","follow":"follow","max-snippet":"max-snippet:-1","max-image-preview":"max-image-preview:large","max-video-preview":"max-video-preview:-1"},"canonical":"https:\/\/i2cat.net\/ca\/avis-legal\/","og_locale":"ca_ES","og_type":"article","og_title":"Av\u00eds Legal - i2CAT Research Centre","og_description":"Informaci\u00f3 General www.i2cat.net (aix\u00ed com el domini .cat, en endavant entesos com a refer\u00e8ncies al...","og_url":"https:\/\/i2cat.net\/ca\/avis-legal\/","og_site_name":"i2CAT Research Centre","article_modified_time":"2026-03-26T15:44:12+00:00","twitter_card":"summary_large_image","schema":{"@context":"https:\/\/schema.org","@graph":[{"@type":"WebPage","@id":"https:\/\/i2cat.net\/ca\/avis-legal\/","url":"https:\/\/i2cat.net\/ca\/avis-legal\/","name":"Av\u00eds Legal - i2CAT Research Centre","isPartOf":{"@id":"https:\/\/i2cat.net\/ca\/#website"},"datePublished":"2025-02-26T10:27:22+00:00","dateModified":"2026-03-26T15:44:12+00:00","breadcrumb":{"@id":"https:\/\/i2cat.net\/ca\/avis-legal\/#breadcrumb"},"inLanguage":"ca","potentialAction":[{"@type":"ReadAction","target":["https:\/\/i2cat.net\/ca\/avis-legal\/"]}]},{"@type":"BreadcrumbList","@id":"https:\/\/i2cat.net\/ca\/avis-legal\/#breadcrumb","itemListElement":[{"@type":"ListItem","position":1,"name":"Home","item":"https:\/\/i2cat.net\/ca\/"},{"@type":"ListItem","position":2,"name":"Av\u00eds Legal"}]},{"@type":"WebSite","@id":"https:\/\/i2cat.net\/ca\/#website","url":"https:\/\/i2cat.net\/ca\/","name":"i2CAT Research Centre","description":"","potentialAction":[{"@type":"SearchAction","target":{"@type":"EntryPoint","urlTemplate":"https:\/\/i2cat.net\/ca\/?s={search_term_string}"},"query-input":{"@type":"PropertyValueSpecification","valueRequired":true,"valueName":"search_term_string"}}],"inLanguage":"ca"}]}},"_links":{"self":[{"href":"https:\/\/i2cat.net\/ca\/wp-json\/wp\/v2\/pages\/18874","targetHints":{"allow":["GET"]}}],"collection":[{"href":"https:\/\/i2cat.net\/ca\/wp-json\/wp\/v2\/pages"}],"about":[{"href":"https:\/\/i2cat.net\/ca\/wp-json\/wp\/v2\/types\/page"}],"author":[{"embeddable":true,"href":"https:\/\/i2cat.net\/ca\/wp-json\/wp\/v2\/users\/1"}],"replies":[{"embeddable":true,"href":"https:\/\/i2cat.net\/ca\/wp-json\/wp\/v2\/comments?post=18874"}],"version-history":[{"count":3,"href":"https:\/\/i2cat.net\/ca\/wp-json\/wp\/v2\/pages\/18874\/revisions"}],"predecessor-version":[{"id":20704,"href":"https:\/\/i2cat.net\/ca\/wp-json\/wp\/v2\/pages\/18874\/revisions\/20704"}],"wp:attachment":[{"href":"https:\/\/i2cat.net\/ca\/wp-json\/wp\/v2\/media?parent=18874"}],"curies":[{"name":"wp","href":"https:\/\/api.w.org\/{rel}","templated":true}]}}