{"id":18877,"date":"2025-02-25T14:16:12","date_gmt":"2025-02-25T13:16:12","guid":{"rendered":"https:\/\/i2cat.net\/?page_id=18877"},"modified":"2026-03-26T16:18:06","modified_gmt":"2026-03-26T15:18:06","slug":"politica-de-privacitat","status":"publish","type":"page","link":"https:\/\/i2cat.net\/ca\/politica-de-privacitat\/","title":{"rendered":"Pol\u00edtica de privacitat"},"content":{"rendered":"\n<h3 class=\"wp-block-heading\">1. Responsable del tractament<\/h3>\n\n\n\n<p>Responsable del tractament: Fundaci\u00f3 Privada i2CAT, Internet i Innovaci\u00f3 Digital a Catalunya (en endavant i2CAT)<\/p>\n\n\n\n<p>Dades de contacte d\u2019i2CAT: Pla\u00e7a de Pau Vila, 1 Edifici Palau de Mar, Sector B, 1\u00aa planta, 08039 Barcelona.<\/p>\n\n\n\n<p>VAT-NR: ES63262570,<\/p>\n\n\n\n<p>Tel\u00e8fon: 93 553 25 10<\/p>\n\n\n\n<p>Contacte del delegat de protecci\u00f3 de dades: rgpd@i2cat.net<\/p>\n\n\n\n<p>Base per al tractament:<\/p>\n\n\n\n<ul class=\"wp-block-list\">\n<li>\u2022 Consentiment del titular de les dades per gestionar l\u2019enviament d\u2019informaci\u00f3 dels actes, activitats i informacions d\u2019i2CAT, l\u2019elaboraci\u00f3 de perfils i l\u2019enviament d\u2019enquestes relacionades amb l\u2019\u00e0mbit d\u2019actuaci\u00f3 d\u2019i2CAT.<\/li>\n\n\n\n<li>\u2022 Necessitat d\u2019executar un contracte per la gesti\u00f3 d\u2019inscripcions sessions, jornades o activitats de formaci\u00f3 i l\u2019enviament del newsletter i altres butlletins o publicacions d\u2019i2CAT.<\/li>\n<\/ul>\n\n\n\n<p>La Fundaci\u00f3 i2CAT, com a responsable del lloc web, de conformitat amb el que disposa el Reglament (UE) 2016\/679, de 27 d\u2019abril, relatiu a la protecci\u00f3 de les persones f\u00edsiques pel que fa al tractament de dades personals (en endavant, \u00abRGPD\u00bb), i la Llei 34\/2002, de 11 de juliol, de serveis de la societat de la informaci\u00f3 i del comer\u00e7 electr\u00f2nic (LSSICE), li informa que ha implantat les mesures de seguretat necess\u00e0ries, d\u2019\u00edndole t\u00e8cnica i organitzativa , per garantir i protegir la confidencialitat, la integritat i la disponibilitat de les dades introdu\u00efdes.<\/p>\n\n\n\n<h3 class=\"wp-block-heading\">2. Finalitat del tractament:<\/h3>\n\n\n\n<p>Les seves dades personals s\u2019utilitzaran per a les seg\u00fcents finalitats:<\/p>\n\n\n\n<ol class=\"wp-block-list\">\n<li>a) Gestionar l\u2019enviament d\u2019informaci\u00f3 dels esdeveniments, activitats i informacions relatives als projectes de la Fundaci\u00f3 i2CAT per tel\u00e8fon, mitjans electr\u00f2nics o correu convencional.<\/li>\n\n\n\n<li>b) Gestionar l\u2019enviament d\u2019informaci\u00f3 i les inscripcions a sessions, jornades o activitats de formaci\u00f3.<\/li>\n\n\n\n<li>c) Gestionar l\u2019enviament de butlletins o publicacions als quals estigui subscrit<\/li>\n\n\n\n<li>d) Crear perfils, per part d\u2019i2CAT o de terceres parts, i dur a terme estudis de mercat relacionats amb els \u00e0mbits de la recerca i la innovaci\u00f3.<\/li>\n<\/ol>\n\n\n\n<p>No tractarem les seves dades personals amb una altra finalitat que les aqu\u00ed descrites excepte per obligaci\u00f3 legal o requeriment judicial.<\/p>\n\n\n\n<h3 class=\"wp-block-heading\">3. Durada<\/h3>\n\n\n\n<p>Les dades corresponents als apartats a) i d) anteriors es conservaran durant el termini fins que el titular manifesti la seva voluntat de cancel\u00b7lar-les.<\/p>\n\n\n\n<p>Les dades corresponents a l\u2019apartat b) anterior es conservaran durant el temps necessari als efectes de realitzaci\u00f3 de l\u2019activitat.<\/p>\n\n\n\n<p>Les dades corresponents a l\u2019apartat c) anterior es conservaran mentre no es cancel\u00b7li la subscripci\u00f3.<\/p>\n\n\n\n<h3 class=\"wp-block-heading\">4. Legitimaci\u00f3 del tractament<\/h3>\n\n\n\n<p>La base legal per al tractament \u00e9s el consentiment de l\u2019interessat i, si s\u2019escau, la derivada de la prestaci\u00f3 d\u2019un servei.<\/p>\n\n\n\n<h3 class=\"wp-block-heading\">5. Lloc on es guarda la informaci\u00f3<\/h3>\n\n\n\n<p>La informaci\u00f3 proporcionada es guarda en els servidors d\u2019i2CAT o de prove\u00efdors i empreses encarregats del tractament de dades que tinguin els servidors en el territori de la Uni\u00f3 Europea o estiguin emparats pel Privacy Shield.<\/p>\n\n\n\n<h3 class=\"wp-block-heading\"><\/h3>\n\n\n\n<p>6. Cessi\u00f3 i transfer\u00e8ncia: Les dades facilitades es poden cedir a organismes i empreses del sector p\u00fablic de la Generalitat de Catalunya i empreses encarregades del tractament de dades (com ara prove\u00efdors de serveis: serveis d\u2019enviament de comunicacions, serveis de missatgeria, ag\u00e8ncies, serveis de generaci\u00f3 d\u2019audi\u00e8ncies similars, etc.), incl\u00f2s empreses de la UE.<\/p>\n\n\n\n<p>Tamb\u00e9 poden produir-se transfer\u00e8ncies internacionals fora de la UE d\u2019acord amb el r\u00e8gim d\u2019autoritzaci\u00f3 i notificaci\u00f3 pr\u00e8via que estableix la normativa vigent:<\/p>\n\n\n\n<ul class=\"wp-block-list\">\n<li>\u2022 a pa\u00efsos o empreses que tenen el reconeixement de la Comissi\u00f3 Europea de proporcionar un nivell adequat de protecci\u00f3; o<\/li>\n\n\n\n<li>\u2022 a pa\u00efsos que no ofereixen una protecci\u00f3 adequada, per\u00f2 les transfer\u00e8ncies es regeixen per les cl\u00e0usules contractuals normalitzades de la Comissi\u00f3 Europea.<\/li>\n<\/ul>\n\n\n\n<h3 class=\"wp-block-heading\">7. Drets de les persones interessades<\/h3>\n\n\n\n<p>Pot sol\u00b7licitar l\u2019exercici dels seg\u00fcents drets davant de la Fundaci\u00f3 i2CAT presentant un escrit a l\u2019adre\u00e7a postal de la cap\u00e7alera o enviant un missatge electr\u00f2nic a&nbsp;<a href=\"mailto:rgpd@i2cat.net\">rgpd@i2cat.net<\/a>&nbsp;i adjuntant una fotoc\u00f2pia del DNI o qualsevol altre document an\u00e0leg en dret, com indica la llei. La Fundaci\u00f3 i2CAT pot demanar informaci\u00f3 adicional per a confirmar la identitat de l\u2019usuari. La Fundaci\u00f3 i2CAT pot rebutjar sol\u00b7licituds que siguin injustament repetides, excessives o expl\u00edcitament infundades.<\/p>\n\n\n\n<h3 class=\"wp-block-heading\">8. Drets<\/h3>\n\n\n\n<p><strong>Dret d\u2019acc\u00e9s<\/strong>: permet a l\u2019interessat con\u00e8ixer i obtenir informaci\u00f3 sobre les seves dades de car\u00e0cter personal sotmeses a tractament.<\/p>\n\n\n\n<p><strong>Dret de rectificaci\u00f3 o supressi\u00f3<\/strong>: permet corregir errors i modificar les dades que siguin inexactes o incompletes.<\/p>\n\n\n\n<p><strong>Dret de cancel\u00b7laci\u00f3<\/strong>: permet que se suprimeixin les dades que resultin inadequades o excessives.<\/p>\n\n\n\n<p><strong>Dret d\u2019oposici\u00f3<\/strong>: dret de l\u2019interessat a que no es realitzi el tractament de les seves dades de car\u00e0cter personal o se cessi en el seu tractament.<\/p>\n\n\n\n<p><strong>Limitaci\u00f3 del tractament:<\/strong>comporta el marcatge de les dades personals conservades, amb la finalitat de limitar el seu futur tractament.<\/p>\n\n\n\n<p><strong>Portabilitat de les dades:<\/strong>&nbsp;facilitaci\u00f3 de les dades objecte de tractament a l\u2019interessat, perqu\u00e8 les pugui transmetre a un altre responsable sense impediments.<\/p>\n\n\n\n<p><strong>Automated individual decisions:&nbsp;<\/strong>data subjects have the rightnot to be the subject of automated individual decisions for which they have not expressed his or her consent (including profiling).<\/p>\n\n\n\n<p><strong>Tractaments automatitzats:<\/strong>&nbsp;Dret a no ser objecte de decisions individuals automatitzades respecte a les quals l\u2019interessat no hagi expressat el seu consentiment (inclosa l\u2019elaboraci\u00f3 de perfils).<\/p>\n\n\n\n<p>Dret a retirar el consentiment donat en qualsevol moment.<\/p>\n\n\n\n<p>L\u2019interessat tamb\u00e9 t\u00e9 dret a presentar una reclamaci\u00f3 davant l\u2019autoritat de control si considera que poden haver-se vulnerat els seus drets pel que fa a la protecci\u00f3 de les seves dades.<\/p>\n\n\n\n<h3 class=\"wp-block-heading\">9. Seguretat<\/h3>\n\n\n\n<p>La Fundaci\u00f3 i2CAT, en resposta a la confian\u00e7a dipositada en nosaltres i tenint en compte la import\u00e0ncia en mat\u00e8ria de protecci\u00f3 i confidencialitat que requereixen les dades personals de l\u2019usuari, l\u2019informa que ha adoptat totes les mesures t\u00e8cniques i organitzatives necess\u00e0ries per salvaguardar la seva seguretat, tal com exigeix la normativa vigent que regula el reglament de mitjans de seguretat dels fitxers que continguin dades de car\u00e0cter personal.<\/p>\n\n\n\n<h3 class=\"wp-block-heading\">10. Galetes<\/h3>\n\n\n\n<p><strong>1. Qu\u00e8 s\u00f3n les galetes?<\/strong><\/p>\n\n\n\n<p>Les galetes o cookies s\u00f3n arxius de text que es baixen a l\u2019equip terminal de l\u2019usuari (ordinador, tauleta, tel\u00e8fon m\u00f2bil, etc.) i es guarden a la mem\u00f2ria del seu navegador.<\/p>\n\n\n\n<p>Les galetes desen informaci\u00f3 sobre els h\u00e0bits, les prefer\u00e8ncies i els comportaments dels internautes que visiten una p\u00e0gina web.<\/p>\n\n\n\n<p>Les dades contingudes en les galetes poden ser analitzades per i2CAT per millorar la usabilitat de les webs i oferir una informaci\u00f3 i uns serveis m\u00e9s personalitzats. Les dades de navegaci\u00f3 recuperades per les galetes s\u00f3n an\u00f2nimes i no estan associades a cap persona. La informaci\u00f3 personal s\u2019ha de facilitar a i2CAT de manera expl\u00edcita per l\u2019usuari.<\/p>\n\n\n\n<p>L\u2019usuari podr\u00e0 esborrar o desactivar les galetes des de la configuraci\u00f3 dels navegadors. En aquest cas, la p\u00e0gina web continuar\u00e0 operativa, per\u00f2 sense els avantatges de la personalitzaci\u00f3. Per a m\u00e9s detalls sobre l\u2019\u00fas, la gesti\u00f3 i la configuraci\u00f3 de les galetes dels navegadors, es recomana consultar el web&nbsp;<a href=\"http:\/\/www.aboutcookies.org\/\">http:\/\/www.aboutcookies.org.<\/a><\/p>\n\n\n\n<p><strong>2. Quin tipus de galetes s\u2019utilitzen a i2CAT?<\/strong><\/p>\n\n\n\n<ul class=\"wp-block-list\">\n<li>Segons l\u2019entitat que les gestiona:\n<ul class=\"wp-block-list\">\n<li>\u2013 Pr\u00f2pies: s\u00f3n galetes que s\u2019envien des d\u2019un equip o domini gestionat per i2CAT al terminal de l\u2019usuari.<\/li>\n\n\n\n<li>\u2013 De tercers: s\u00f3n galetes que s\u2019envien al terminal de l\u2019usuari des d\u2019un equip o domini no gestionat ni controlat per i2CAT. En aquest cas s\u2019inclouen tamb\u00e9 les galetes instal\u00b7lades per i2CAT que recopilen informaci\u00f3 gestionada per tercers. Les galetes de tercers poden utilitzar-se per al mesurament i l\u2019an\u00e0lisi del comportament dels usuaris amb l\u2019objectiu de millorar la seva experi\u00e8ncia al web d\u2019i2CAT. Si les galetes s\u2019instal\u00b7len des d\u2019un equip o domini gesionat per i2CAT, per\u00f2 la informaci\u00f3 recollida est\u00e0 gestionada per un tercer, no es consideren galetes d\u2019i2CAT.<\/li>\n<\/ul>\n<\/li>\n\n\n\n<li>Segons el temps que es mantenen actives:\n<ul class=\"wp-block-list\">\n<li>De sessi\u00f3: recullen dades mentre l\u2019usuari navega per la web d\u2019i2CAT amb la finalitat de prestar el servei sol\u00b7licitat. Caduquen o s\u2019esborren quan es tanca el navegador.<\/li>\n\n\n\n<li>\u2013 Persistents: es guarden en el terminal de l\u2019usuari. Caduquen en un per\u00edode llarg o mitj\u00e0 de temps o no ho fan mai.<\/li>\n<\/ul>\n<\/li>\n\n\n\n<li>Segons la finalitat:\n<ul class=\"wp-block-list\">\n<li>T\u00e8cniques: s\u00f3n les necess\u00e0ries per a la correcta navegaci\u00f3 per la p\u00e0gina web.<\/li>\n\n\n\n<li>De personalitzaci\u00f3: permeten a l\u2019usuari definir les caracter\u00edstiques (idioma) per a la navegaci\u00f3 per la p\u00e0gina web.<\/li>\n\n\n\n<li>D\u2019an\u00e0lisi: permeten a i2CAT l\u2019an\u00e0lisi vinculat a la navegaci\u00f3 realitzada per l\u2019usuari per tal de dur a terme un seguiment de l\u2019\u00fas de la p\u00e0gina web, aix\u00ed com fer estad\u00edstiques dels continguts m\u00e9s visitats, del nombre de visitants, etc. Per a realitzar aix\u00f2, s\u2019analitzen les recerques de la nostra web amb l\u2019objectiu de millorar el rang de productes i serveis que oferim.<\/li>\n\n\n\n<li>Publicit\u00e0ries.<\/li>\n<\/ul>\n<\/li>\n<\/ul>\n\n\n\n<p><strong>3. Quines s\u00f3n les finalitats de les galetes utilitzades a i2CAT?<\/strong><\/p>\n\n\n\n<p>Les finalitats de les galetes utilitzades a i2CAT s\u00f3n:<\/p>\n\n\n\n<ul class=\"wp-block-list\">\n<li>T\u00e8cniques: The objective of this type of cookies is to browse our website in a satisfactory way. Aquest tipus de galetes permet que el sistema reconegui als usuaris registrats i els recordi el nom d\u2019usuari i la contrasenya, entre altres funcions.<\/li>\n\n\n\n<li>De personalitzaci\u00f3: Aquestes galetes permeten que l\u2019usuari accedeixi al web d\u2019i2CAT amb algunes caracter\u00edstiques de car\u00e0cter general predefinides, com ara l\u2019idioma, el navegador o la localitzaci\u00f3 geogr\u00e0fica des d\u2019on s\u2019accedeix al servei. Aquesta informaci\u00f3 dels usuaris permet a i2CAT poder oferir un millor servei i m\u00e9s personalitzat. Aquesta informaci\u00f3 dels usuaris permet a i2CAT poder oferir un millor servei i m\u00e9s personalitzat.<\/li>\n\n\n\n<li>Anal\u00edtiques: Les dades an\u00f2nims continguts en aquestes galetes permeten el mesurament, el seguiment i l\u2019estudi de l\u2019activitat dels usuaris per tal d\u2019incorporar millores en els llocs web, aplicacions i plataformes d\u2019i2CAT.<\/li>\n\n\n\n<li>Publicit\u00e0ries: Aquestes galetes fan possible la gesti\u00f3 dels espais publicitaris basant-se en criteris com l\u2019edici\u00f3 de continguts o els h\u00e0bits de navegaci\u00f3 dels usuaris.<\/li>\n<\/ul>\n\n\n\n<h3 class=\"wp-block-heading\">11. Canvis en la present pol\u00edtica de privacitat<\/h3>\n\n\n\n<p>La Fundaci\u00f3 2CAT es reserva el dret a modificar la present pol\u00edtica per adaptar-la a novetats legislatives o jurisprudencials.<\/p>\n\n\n\n<h3 class=\"wp-block-heading\">12. App SpotLiFi<\/h3>\n\n\n\n<p>La Fundaci\u00f3 i2CAT no recull, emmagatzema, utilitza, comparteix o processa cap dada personal. Aix\u00ed mateix, no utilitza cap sistema que permet identificar persones per nom d\u2019usuari, nom, correu electr\u00f2nic o ID de seguiment.<\/p>\n","protected":false},"excerpt":{"rendered":"<p>1. Responsable del tractament Responsable del tractament: Fundaci\u00f3 Privada i2CAT, Internet i Innovaci\u00f3 Digital a&#8230;<\/p>\n","protected":false},"author":1,"featured_media":0,"parent":0,"menu_order":0,"comment_status":"closed","ping_status":"closed","template":"","meta":{"_acf_changed":false,"footnotes":""},"class_list":["post-18877","page","type-page","status-publish","hentry"],"acf":[],"yoast_head":"<!-- This site is optimized with the Yoast SEO plugin v26.9 - https:\/\/yoast.com\/product\/yoast-seo-wordpress\/ -->\n<title>Pol\u00edtica de privacitat - i2CAT Research Centre<\/title>\n<meta name=\"robots\" content=\"index, follow, max-snippet:-1, max-image-preview:large, max-video-preview:-1\" \/>\n<link rel=\"canonical\" href=\"https:\/\/i2cat.net\/ca\/politica-de-privacitat\/\" \/>\n<meta property=\"og:locale\" content=\"ca_ES\" \/>\n<meta property=\"og:type\" content=\"article\" \/>\n<meta property=\"og:title\" content=\"Pol\u00edtica de privacitat - i2CAT Research Centre\" \/>\n<meta property=\"og:description\" content=\"1. Responsable del tractament Responsable del tractament: Fundaci\u00f3 Privada i2CAT, Internet i Innovaci\u00f3 Digital a...\" \/>\n<meta property=\"og:url\" content=\"https:\/\/i2cat.net\/ca\/politica-de-privacitat\/\" \/>\n<meta property=\"og:site_name\" content=\"i2CAT Research Centre\" \/>\n<meta property=\"article:modified_time\" content=\"2026-03-26T15:18:06+00:00\" \/>\n<meta name=\"twitter:card\" content=\"summary_large_image\" \/>\n<script type=\"application\/ld+json\" class=\"yoast-schema-graph\">{\"@context\":\"https:\/\/schema.org\",\"@graph\":[{\"@type\":\"WebPage\",\"@id\":\"https:\/\/i2cat.net\/ca\/politica-de-privacitat\/\",\"url\":\"https:\/\/i2cat.net\/ca\/politica-de-privacitat\/\",\"name\":\"Pol\u00edtica de privacitat - i2CAT Research Centre\",\"isPartOf\":{\"@id\":\"https:\/\/i2cat.net\/ca\/#website\"},\"datePublished\":\"2025-02-25T13:16:12+00:00\",\"dateModified\":\"2026-03-26T15:18:06+00:00\",\"breadcrumb\":{\"@id\":\"https:\/\/i2cat.net\/ca\/politica-de-privacitat\/#breadcrumb\"},\"inLanguage\":\"ca\",\"potentialAction\":[{\"@type\":\"ReadAction\",\"target\":[\"https:\/\/i2cat.net\/ca\/politica-de-privacitat\/\"]}]},{\"@type\":\"BreadcrumbList\",\"@id\":\"https:\/\/i2cat.net\/ca\/politica-de-privacitat\/#breadcrumb\",\"itemListElement\":[{\"@type\":\"ListItem\",\"position\":1,\"name\":\"Home\",\"item\":\"https:\/\/i2cat.net\/ca\/\"},{\"@type\":\"ListItem\",\"position\":2,\"name\":\"Pol\u00edtica de privacitat\"}]},{\"@type\":\"WebSite\",\"@id\":\"https:\/\/i2cat.net\/ca\/#website\",\"url\":\"https:\/\/i2cat.net\/ca\/\",\"name\":\"i2CAT Research Centre\",\"description\":\"\",\"potentialAction\":[{\"@type\":\"SearchAction\",\"target\":{\"@type\":\"EntryPoint\",\"urlTemplate\":\"https:\/\/i2cat.net\/ca\/?s={search_term_string}\"},\"query-input\":{\"@type\":\"PropertyValueSpecification\",\"valueRequired\":true,\"valueName\":\"search_term_string\"}}],\"inLanguage\":\"ca\"}]}<\/script>\n<!-- \/ Yoast SEO plugin. -->","yoast_head_json":{"title":"Pol\u00edtica de privacitat - i2CAT Research Centre","robots":{"index":"index","follow":"follow","max-snippet":"max-snippet:-1","max-image-preview":"max-image-preview:large","max-video-preview":"max-video-preview:-1"},"canonical":"https:\/\/i2cat.net\/ca\/politica-de-privacitat\/","og_locale":"ca_ES","og_type":"article","og_title":"Pol\u00edtica de privacitat - i2CAT Research Centre","og_description":"1. Responsable del tractament Responsable del tractament: Fundaci\u00f3 Privada i2CAT, Internet i Innovaci\u00f3 Digital a...","og_url":"https:\/\/i2cat.net\/ca\/politica-de-privacitat\/","og_site_name":"i2CAT Research Centre","article_modified_time":"2026-03-26T15:18:06+00:00","twitter_card":"summary_large_image","schema":{"@context":"https:\/\/schema.org","@graph":[{"@type":"WebPage","@id":"https:\/\/i2cat.net\/ca\/politica-de-privacitat\/","url":"https:\/\/i2cat.net\/ca\/politica-de-privacitat\/","name":"Pol\u00edtica de privacitat - i2CAT Research Centre","isPartOf":{"@id":"https:\/\/i2cat.net\/ca\/#website"},"datePublished":"2025-02-25T13:16:12+00:00","dateModified":"2026-03-26T15:18:06+00:00","breadcrumb":{"@id":"https:\/\/i2cat.net\/ca\/politica-de-privacitat\/#breadcrumb"},"inLanguage":"ca","potentialAction":[{"@type":"ReadAction","target":["https:\/\/i2cat.net\/ca\/politica-de-privacitat\/"]}]},{"@type":"BreadcrumbList","@id":"https:\/\/i2cat.net\/ca\/politica-de-privacitat\/#breadcrumb","itemListElement":[{"@type":"ListItem","position":1,"name":"Home","item":"https:\/\/i2cat.net\/ca\/"},{"@type":"ListItem","position":2,"name":"Pol\u00edtica de privacitat"}]},{"@type":"WebSite","@id":"https:\/\/i2cat.net\/ca\/#website","url":"https:\/\/i2cat.net\/ca\/","name":"i2CAT Research Centre","description":"","potentialAction":[{"@type":"SearchAction","target":{"@type":"EntryPoint","urlTemplate":"https:\/\/i2cat.net\/ca\/?s={search_term_string}"},"query-input":{"@type":"PropertyValueSpecification","valueRequired":true,"valueName":"search_term_string"}}],"inLanguage":"ca"}]}},"_links":{"self":[{"href":"https:\/\/i2cat.net\/ca\/wp-json\/wp\/v2\/pages\/18877","targetHints":{"allow":["GET"]}}],"collection":[{"href":"https:\/\/i2cat.net\/ca\/wp-json\/wp\/v2\/pages"}],"about":[{"href":"https:\/\/i2cat.net\/ca\/wp-json\/wp\/v2\/types\/page"}],"author":[{"embeddable":true,"href":"https:\/\/i2cat.net\/ca\/wp-json\/wp\/v2\/users\/1"}],"replies":[{"embeddable":true,"href":"https:\/\/i2cat.net\/ca\/wp-json\/wp\/v2\/comments?post=18877"}],"version-history":[{"count":2,"href":"https:\/\/i2cat.net\/ca\/wp-json\/wp\/v2\/pages\/18877\/revisions"}],"predecessor-version":[{"id":20701,"href":"https:\/\/i2cat.net\/ca\/wp-json\/wp\/v2\/pages\/18877\/revisions\/20701"}],"wp:attachment":[{"href":"https:\/\/i2cat.net\/ca\/wp-json\/wp\/v2\/media?parent=18877"}],"curies":[{"name":"wp","href":"https:\/\/api.w.org\/{rel}","templated":true}]}}