{"id":20795,"date":"2026-04-21T12:13:52","date_gmt":"2026-04-21T10:13:52","guid":{"rendered":"https:\/\/i2cat.net\/?page_id=20795"},"modified":"2026-04-21T13:38:32","modified_gmt":"2026-04-21T11:38:32","slug":"6gen","status":"publish","type":"page","link":"https:\/\/i2cat.net\/ca\/unico\/6gen\/","title":{"rendered":"6GEN"},"content":{"rendered":"\n<section class=\"alignfull header-hero relative black-veil  bg-gray-100\">\n\n\t\n\t<div\n\t\tclass=\"flex flex-col pt-12 md:justify-end lg:pt-16 lg:pb-10 container min-h-[440px]\">\n\n\t\t<div class=\"grid grid-cols-1 gap-6 md:grid-cols-2\">\n\t\t\t<div>\n\t\t\t\t\t\t\t\t\t\t\t\t\t\t\t<div class=\"!text-black uppercase mb-3\">infraestructures de recerca<\/div>\n\t\t\t\t\t\t\t\t\t\n\t\t\t\t\t\t\t\t\t<h1 class=\"text-h3 md:text-h1 !text-black mb-0\">6GEN<\/h1>\n\t\t\t\t\n\t\t\t\t\t\t\t\t\t<p class=\"!text-black mt-5 md:text-lg\">Infraestructura experimental gen\u00e8rica per a diverses \u00e0rees en 6G\n<\/p>\n\t\t\t\t\t\t\t<\/div>\n\t\t\t<div>\n\t\t\t\t\t\t\t<\/div>\n\t\t<\/div>\n\n\t<\/div>\n\n\t\n<\/section>\n\n\n\n<section class=\"text-media-claim py-10 lg:py-20\">\n\t<div class=\"\">\n\t\t<!-- if is a full width section, apply container -->\n\n\n\t\t\n\t\t<!-- Orange dot claim layout -->\n\t\t\n\t\t<!-- Basic claim layout -->\n\t\t\n\t\t\t<div class=\"grid lg:grid-cols-12 gap-baseGap\">\n\n\t\t\t\t<!-- Image column -->\n\t\t\t\t<div\n\t\t\t\t\tclass=\"w-full lg:col-span-4 xl:col-start-9 lg:col-start-8 order-2\">\n\t\t\t\t\t\t\t\t\t\t\t\t\t\t\t\t<div class=\"flex gap-4 flex-col\">\n\t\t\t\t\t\t\t\t\t\t\t\t\t\t\t\t\t\t\t\t\t\t\t\t\n<a href=\"https:\/\/i2cat.net\/unico\/\" target=\"_blank\"\n    class=\"w-full text-white bg-gray-900 border-gray-900 button-section rounded-lg flex-1 p-5 relative flex flex-col justify-between \">\n    <div class=\"text-white text-lg md:text-h5 text-balance\">Con\u00e8ix m\u00e9s a UNICO I+D 6G<\/div>\n    <div class=\"flex items-center justify-end gap-2 uppercase\">Ves-hi                    <svg width=\"16\" height=\"16\" viewBox=\"0 0 16 16\" fill=\"none\" xmlns=\"http:\/\/www.w3.org\/2000\/svg\">\n<g id=\"Icon\">\n<path id=\"Vector\" d=\"M9 3.66663L14 7.99996M14 7.99996L9 12.3333M14 7.99996H2\" stroke=\"#fff\" stroke-width=\"1.5\" stroke-linecap=\"square\"\/>\n<\/g>\n<\/svg>\n            <\/div>\n<\/a>\t\t\t\t\t\t\t\t\t\t\t\t\t\t\t\t\t\t\t\t\t<\/div>\n\t\t\t\t\t\t\t\t\t<\/div>\n\n\t\t\t\t<!-- Content column -->\n\t\t\t\t<div\n\t\t\t\t\tclass=\"xl:col-span-6 lg:col-span-7 flex flex-col justify-between order-1\">\n\t\t\t\t\t<div>\n\t\t\t\t\t\t\n\t\t\t\t\t\t\t\t\t\t\t\t\t<div class=\"mb-6 text-h5\">\n\t\t\t\t\t\t\t\tEl projecte 6GEN t\u00e9 per objectiu principal crear una gran infraestructura experimental \u2014un testbed unificat\u2014 per investigar i desenvolupar les xarxes m\u00f2bils 5G Avan\u00e7at i l&#8217;imminent 6G.\t\t\t\t\t\t\t<\/div>\n\t\t\t\t\t\t\n\t\t\t\t\t\t\t\t\t\t\t\t\t<div class=\"mb-6 text-lead\">\n\t\t\t\t\t\t\t\t<p><span style=\"font-weight: 400;\">A difer\u00e8ncia dels entorns de prova a\u00efllats, 6GEN fusiona m\u00faltiples tecnologies en una \u00fanica plataforma interconnectada i d&#8217;avantguarda. Aquest laboratori permetr\u00e0 experimentar innovacions que transformaran la nostra societat, com la Realitat Estesa (XR), els hologrames, les xarxes de sat\u00e8l\u00b7lits per a cobertura global (NTN), els vehicles connectats (V2X) i la ciberseguretat qu\u00e0ntica; tot aix\u00f2 impulsat per Intel\u00b7lig\u00e8ncia Artificial i xarxes altament programables. Amb un esperit obert i col\u00b7laboratiu, la infraestructura est\u00e0 a disposici\u00f3 d&#8217;universitats, startups i grans empreses, connectant-se fins i tot amb altres laboratoris europeus i desplegant-se en entorns reals de la ciutat.<\/span><\/p>\n\t\t\t\t\t\t\t<\/div>\n\t\t\t\t\t\t\t\t\t\t\t<\/div>\n\t\t\t\t<\/div>\n\t\t\t<\/div>\n\n\t\t\n\t\t\n\t<\/div>\n<\/section>\n\n\n<div class=\"dropdown bg-white rounded-lg shadow-md mb-5\"  data-open=\"false\">\n    <div class=\"dropdown__trigger py-5 px-8 cursor-pointer\">\n        <h3 class=\"text-lg font-medium m-0\">Equipament destacat        <\/h3>\n        <span class=\"dropdown__trigger-icon\">\n            <svg width=\"28\" height=\"28\" viewBox=\"0 0 28 28\" fill=\"none\" xmlns=\"http:\/\/www.w3.org\/2000\/svg\">\n<path d=\"M7 10.5L14 17.5L21 10.5\" stroke=\"currentColor\" stroke-width=\"2.5\" stroke-linecap=\"square\"\/>\n<\/svg>\n        <\/span>\n    <\/div>\n    <div class=\"dropdown__content\" >\n        <div class=\"acf-innerblocks-container\">\n\n<ul class=\"wp-block-list\">\n<li>Emuladors de terminals m\u00f2bils (UEs) per a proves massives.<\/li>\n\n\n\n<li>Equip d&#8217;avaluaci\u00f3 RIC Tester.<\/li>\n\n\n\n<li>Analitzadors d&#8217;espectre, oscil\u00b7loscopis d&#8217;altes prestacions i mesuradors d&#8217;efici\u00e8ncia energ\u00e8tica.<\/li>\n\n\n\n<li>Estacions base 5G outdoor (banda n77) amb cap\u00e7als de r\u00e0dio remots.<\/li>\n\n\n\n<li>Switches fronthaul amb sincronitzaci\u00f3 de temps, dispositius USRP (R\u00e0dio Definida per Programari) i servidors NTP.<\/li>\n\n\n\n<li>Servidors d&#8217;altes prestacions amb CPU i GPU optimitzats per a c\u00e0rregues vRAN.<\/li>\n\n\n\n<li>Superf\u00edcies Intel\u00b7ligents Reconfigurables (RIS) per al control de senyal.<\/li>\n\n\n\n<li>Commutadors de nivell 2 i targetes Smart NIC (100 GbE) programables mitjan\u00e7ant llenguatge P4.<\/li>\n\n\n\n<li>Servidors Edge i MEC (Multi-Access Edge Computing) per a interiors i exteriors.<\/li>\n\n\n\n<li>Emulador de canals de r\u00e0dio satel\u00b7lit\u00e0ria per replicar enlla\u00e7os espai-terra.<\/li>\n\n\n\n<li>Plataformes rob\u00f2tiques: rovers amb tecnologia LiDAR, robot quadr\u00faped, drons i eixams de mini-drons.<\/li>\n<\/ul>\n\n<\/div>\n    <\/div>\n<\/div>\n\n\n<div class=\"dropdown bg-white rounded-lg shadow-md mb-5\"  data-open=\"false\">\n    <div class=\"dropdown__trigger py-5 px-8 cursor-pointer\">\n        <h3 class=\"text-lg font-medium m-0\">Tecnologies implicades        <\/h3>\n        <span class=\"dropdown__trigger-icon\">\n            <svg width=\"28\" height=\"28\" viewBox=\"0 0 28 28\" fill=\"none\" xmlns=\"http:\/\/www.w3.org\/2000\/svg\">\n<path d=\"M7 10.5L14 17.5L21 10.5\" stroke=\"currentColor\" stroke-width=\"2.5\" stroke-linecap=\"square\"\/>\n<\/svg>\n        <\/span>\n    <\/div>\n    <div class=\"dropdown__content\" >\n        <div class=\"acf-innerblocks-container\">\n\n<ul class=\"wp-block-list\">\n<li><strong>RAN i O-RAN:<\/strong> Xarxes d&#8217;acc\u00e9s obertes que funcionen com &#8220;peces de Lego&#8221;, permetent la interoperabilitat entre fabricants i la gesti\u00f3 intel\u00b7ligent mitjan\u00e7ant IA.<\/li>\n\n\n\n<li><strong>NTN (Xarxes No Terrestres):<\/strong> Connectivitat via sat\u00e8l\u00b7lit i drons per garantir cobertura global i comunicacions d&#8217;emerg\u00e8ncia.<\/li>\n\n\n\n<li><strong>Cloud Continuum:<\/strong> Processament de dades distribu\u00eft i proper a l&#8217;usuari per eliminar la lat\u00e8ncia en aplicacions cr\u00edtiques com la realitat virtual.<\/li>\n\n\n\n<li><strong>V2X (Vehicle-to-Everything):<\/strong> Comunicaci\u00f3 entre vehicles, infraestructures i peatons per a una conducci\u00f3 aut\u00f2noma i segura.<\/li>\n\n\n\n<li><strong>IoT (Internet de les Coses):<\/strong> Connexi\u00f3 massiva de sensors amb optimitzaci\u00f3 de bateria i localitzaci\u00f3 mil\u00b7lim\u00e8trica.<\/li>\n\n\n\n<li><strong>Xarxes Programables:<\/strong> Infraestructura modificable per programari per crear &#8220;carrils r\u00e0pids&#8221; de dades i bloquejar ciberatacs en temps real.<\/li>\n\n\n\n<li><strong>XR i Ciberseguretat:<\/strong> Des d&#8217;holoconfer\u00e8ncies en 3D fins a escuts de IA per detectar amenaces autom\u00e0ticament.<\/li>\n<\/ul>\n\n<\/div>\n    <\/div>\n<\/div>","protected":false},"excerpt":{"rendered":"","protected":false},"author":2,"featured_media":0,"parent":18918,"menu_order":0,"comment_status":"closed","ping_status":"closed","template":"","meta":{"_acf_changed":false,"footnotes":""},"class_list":["post-20795","page","type-page","status-publish","hentry"],"acf":[],"yoast_head":"<!-- This site is optimized with the Yoast SEO plugin v26.9 - https:\/\/yoast.com\/product\/yoast-seo-wordpress\/ -->\n<title>6GEN - i2CAT Research Centre<\/title>\n<meta name=\"robots\" content=\"index, follow, max-snippet:-1, max-image-preview:large, max-video-preview:-1\" \/>\n<link rel=\"canonical\" href=\"https:\/\/i2cat.net\/ca\/unico\/6gen\/\" \/>\n<meta property=\"og:locale\" content=\"ca_ES\" \/>\n<meta property=\"og:type\" content=\"article\" \/>\n<meta property=\"og:title\" content=\"6GEN - i2CAT Research Centre\" \/>\n<meta property=\"og:url\" content=\"https:\/\/i2cat.net\/ca\/unico\/6gen\/\" \/>\n<meta property=\"og:site_name\" content=\"i2CAT Research Centre\" \/>\n<meta property=\"article:modified_time\" content=\"2026-04-21T11:38:32+00:00\" \/>\n<meta name=\"twitter:card\" content=\"summary_large_image\" \/>\n<script type=\"application\/ld+json\" class=\"yoast-schema-graph\">{\"@context\":\"https:\/\/schema.org\",\"@graph\":[{\"@type\":\"WebPage\",\"@id\":\"https:\/\/i2cat.net\/ca\/unico\/6gen\/\",\"url\":\"https:\/\/i2cat.net\/ca\/unico\/6gen\/\",\"name\":\"6GEN - i2CAT Research Centre\",\"isPartOf\":{\"@id\":\"https:\/\/i2cat.net\/ca\/#website\"},\"datePublished\":\"2026-04-21T10:13:52+00:00\",\"dateModified\":\"2026-04-21T11:38:32+00:00\",\"breadcrumb\":{\"@id\":\"https:\/\/i2cat.net\/ca\/unico\/6gen\/#breadcrumb\"},\"inLanguage\":\"ca\",\"potentialAction\":[{\"@type\":\"ReadAction\",\"target\":[\"https:\/\/i2cat.net\/ca\/unico\/6gen\/\"]}]},{\"@type\":\"BreadcrumbList\",\"@id\":\"https:\/\/i2cat.net\/ca\/unico\/6gen\/#breadcrumb\",\"itemListElement\":[{\"@type\":\"ListItem\",\"position\":1,\"name\":\"Home\",\"item\":\"https:\/\/i2cat.net\/ca\/\"},{\"@type\":\"ListItem\",\"position\":2,\"name\":\"UNICO I+D 6G\",\"item\":\"https:\/\/i2cat.net\/ca\/unico\/\"},{\"@type\":\"ListItem\",\"position\":3,\"name\":\"6GEN\"}]},{\"@type\":\"WebSite\",\"@id\":\"https:\/\/i2cat.net\/ca\/#website\",\"url\":\"https:\/\/i2cat.net\/ca\/\",\"name\":\"i2CAT Research Centre\",\"description\":\"\",\"potentialAction\":[{\"@type\":\"SearchAction\",\"target\":{\"@type\":\"EntryPoint\",\"urlTemplate\":\"https:\/\/i2cat.net\/ca\/?s={search_term_string}\"},\"query-input\":{\"@type\":\"PropertyValueSpecification\",\"valueRequired\":true,\"valueName\":\"search_term_string\"}}],\"inLanguage\":\"ca\"}]}<\/script>\n<!-- \/ Yoast SEO plugin. -->","yoast_head_json":{"title":"6GEN - i2CAT Research Centre","robots":{"index":"index","follow":"follow","max-snippet":"max-snippet:-1","max-image-preview":"max-image-preview:large","max-video-preview":"max-video-preview:-1"},"canonical":"https:\/\/i2cat.net\/ca\/unico\/6gen\/","og_locale":"ca_ES","og_type":"article","og_title":"6GEN - i2CAT Research Centre","og_url":"https:\/\/i2cat.net\/ca\/unico\/6gen\/","og_site_name":"i2CAT Research Centre","article_modified_time":"2026-04-21T11:38:32+00:00","twitter_card":"summary_large_image","schema":{"@context":"https:\/\/schema.org","@graph":[{"@type":"WebPage","@id":"https:\/\/i2cat.net\/ca\/unico\/6gen\/","url":"https:\/\/i2cat.net\/ca\/unico\/6gen\/","name":"6GEN - i2CAT Research Centre","isPartOf":{"@id":"https:\/\/i2cat.net\/ca\/#website"},"datePublished":"2026-04-21T10:13:52+00:00","dateModified":"2026-04-21T11:38:32+00:00","breadcrumb":{"@id":"https:\/\/i2cat.net\/ca\/unico\/6gen\/#breadcrumb"},"inLanguage":"ca","potentialAction":[{"@type":"ReadAction","target":["https:\/\/i2cat.net\/ca\/unico\/6gen\/"]}]},{"@type":"BreadcrumbList","@id":"https:\/\/i2cat.net\/ca\/unico\/6gen\/#breadcrumb","itemListElement":[{"@type":"ListItem","position":1,"name":"Home","item":"https:\/\/i2cat.net\/ca\/"},{"@type":"ListItem","position":2,"name":"UNICO I+D 6G","item":"https:\/\/i2cat.net\/ca\/unico\/"},{"@type":"ListItem","position":3,"name":"6GEN"}]},{"@type":"WebSite","@id":"https:\/\/i2cat.net\/ca\/#website","url":"https:\/\/i2cat.net\/ca\/","name":"i2CAT Research Centre","description":"","potentialAction":[{"@type":"SearchAction","target":{"@type":"EntryPoint","urlTemplate":"https:\/\/i2cat.net\/ca\/?s={search_term_string}"},"query-input":{"@type":"PropertyValueSpecification","valueRequired":true,"valueName":"search_term_string"}}],"inLanguage":"ca"}]}},"_links":{"self":[{"href":"https:\/\/i2cat.net\/ca\/wp-json\/wp\/v2\/pages\/20795","targetHints":{"allow":["GET"]}}],"collection":[{"href":"https:\/\/i2cat.net\/ca\/wp-json\/wp\/v2\/pages"}],"about":[{"href":"https:\/\/i2cat.net\/ca\/wp-json\/wp\/v2\/types\/page"}],"author":[{"embeddable":true,"href":"https:\/\/i2cat.net\/ca\/wp-json\/wp\/v2\/users\/2"}],"replies":[{"embeddable":true,"href":"https:\/\/i2cat.net\/ca\/wp-json\/wp\/v2\/comments?post=20795"}],"version-history":[{"count":7,"href":"https:\/\/i2cat.net\/ca\/wp-json\/wp\/v2\/pages\/20795\/revisions"}],"predecessor-version":[{"id":20881,"href":"https:\/\/i2cat.net\/ca\/wp-json\/wp\/v2\/pages\/20795\/revisions\/20881"}],"up":[{"embeddable":true,"href":"https:\/\/i2cat.net\/ca\/wp-json\/wp\/v2\/pages\/18918"}],"wp:attachment":[{"href":"https:\/\/i2cat.net\/ca\/wp-json\/wp\/v2\/media?parent=20795"}],"curies":[{"name":"wp","href":"https:\/\/api.w.org\/{rel}","templated":true}]}}