{"id":20821,"date":"2026-04-21T12:40:17","date_gmt":"2026-04-21T10:40:17","guid":{"rendered":"https:\/\/i2cat.net\/?page_id=20821"},"modified":"2026-04-21T13:38:59","modified_gmt":"2026-04-21T11:38:59","slug":"6gcamlab","status":"publish","type":"page","link":"https:\/\/i2cat.net\/ca\/unico\/6gcamlab\/","title":{"rendered":"6GCAMLab"},"content":{"rendered":"\n<section class=\"alignfull header-hero relative black-veil  bg-gray-100\">\n\n\t\n\t<div\n\t\tclass=\"flex flex-col pt-12 md:justify-end lg:pt-16 lg:pb-10 container min-h-[440px]\">\n\n\t\t<div class=\"grid grid-cols-1 gap-6 md:grid-cols-2\">\n\t\t\t<div>\n\t\t\t\t\t\t\t\t\t\t\t\t\t\t\t<div class=\"!text-black uppercase mb-3\">infraestructures de recerca<\/div>\n\t\t\t\t\t\t\t\t\t\n\t\t\t\t\t\t\t\t\t<h1 class=\"text-h3 md:text-h1 !text-black mb-0\">6GCAMLab<\/h1>\n\t\t\t\t\n\t\t\t\t\t\t\t\t\t<p class=\"!text-black mt-5 md:text-lg\">R+D en Mobilitat Connectada i Automatitzada, aprofitant V2X, posicionament avan\u00e7at i tecnologia de visi\u00f3 per computador\n<\/p>\n\t\t\t\t\t\t\t<\/div>\n\t\t\t<div>\n\t\t\t\t\t\t\t<\/div>\n\t\t<\/div>\n\n\t<\/div>\n\n\t\n<\/section>\n\n\n\n<section class=\"text-media-claim py-10 lg:py-20\">\n\t<div class=\"\">\n\t\t<!-- if is a full width section, apply container -->\n\n\n\t\t\n\t\t<!-- Orange dot claim layout -->\n\t\t\n\t\t<!-- Basic claim layout -->\n\t\t\n\t\t\t<div class=\"grid lg:grid-cols-12 gap-baseGap\">\n\n\t\t\t\t<!-- Image column -->\n\t\t\t\t<div\n\t\t\t\t\tclass=\"w-full lg:col-span-4 xl:col-start-9 lg:col-start-8 order-2\">\n\t\t\t\t\t\t\t\t\t\t\t\t\t\t\t\t<div class=\"flex gap-4 flex-col\">\n\t\t\t\t\t\t\t\t\t\t\t\t\t\t\t\t\t\t\t\t\t\t\t\t\n<a href=\"https:\/\/i2cat.net\/unico\/\" target=\"_blank\"\n    class=\"w-full text-white bg-gray-900 border-gray-900 button-section rounded-lg flex-1 p-5 relative flex flex-col justify-between \">\n    <div class=\"text-white text-lg md:text-h5 text-balance\">Con\u00e8ix m\u00e9s a UNICO I+D 6G<\/div>\n    <div class=\"flex items-center justify-end gap-2 uppercase\">Ves-hi                    <svg width=\"16\" height=\"16\" viewBox=\"0 0 16 16\" fill=\"none\" xmlns=\"http:\/\/www.w3.org\/2000\/svg\">\n<g id=\"Icon\">\n<path id=\"Vector\" d=\"M9 3.66663L14 7.99996M14 7.99996L9 12.3333M14 7.99996H2\" stroke=\"#fff\" stroke-width=\"1.5\" stroke-linecap=\"square\"\/>\n<\/g>\n<\/svg>\n            <\/div>\n<\/a>\t\t\t\t\t\t\t\t\t\t\t\t\t\t\t\t\t\t\t\t\t<\/div>\n\t\t\t\t\t\t\t\t\t<\/div>\n\n\t\t\t\t<!-- Content column -->\n\t\t\t\t<div\n\t\t\t\t\tclass=\"xl:col-span-6 lg:col-span-7 flex flex-col justify-between order-1\">\n\t\t\t\t\t<div>\n\t\t\t\t\t\t\n\t\t\t\t\t\t\t\t\t\t\t\t\t<div class=\"mb-6 text-h5\">\n\t\t\t\t\t\t\t\t6GCAMLab s&#8217;emmarca en el context de transformaci\u00f3 global de la ind\u00fastria de l&#8217;automoci\u00f3 cap a un model de mobilitat cooperativa, connectada i aut\u00f2noma (CCAM).\t\t\t\t\t\t\t<\/div>\n\t\t\t\t\t\t\n\t\t\t\t\t\t\t\t\t\t\t\t\t<div class=\"mb-6 text-lead\">\n\t\t\t\t\t\t\t\t<p>El seu objectiu \u00e9s millorar la seguretat vi\u00e0ria i reduir l&#8217;impacte mediambiental mitjan\u00e7ant l&#8217;\u00fas de xarxes m\u00f2bils avan\u00e7ades i sensors intel\u00b7ligents. El laboratori integra solucions V2X, sistemes de percepci\u00f3 de l&#8217;entorn i eines d&#8217;IA per a la predicci\u00f3 de mobilitat, consolidant-se com un entorn clau per validar la mobilitat del futur.<\/p>\n\t\t\t\t\t\t\t<\/div>\n\t\t\t\t\t\t\t\t\t\t\t<\/div>\n\t\t\t\t<\/div>\n\t\t\t<\/div>\n\n\t\t\n\t\t\n\t<\/div>\n<\/section>\n\n\n<div class=\"dropdown bg-white rounded-lg shadow-md mb-5\"  data-open=\"false\">\n    <div class=\"dropdown__trigger py-5 px-8 cursor-pointer\">\n        <h3 class=\"text-lg font-medium m-0\">Equipament destacat        <\/h3>\n        <span class=\"dropdown__trigger-icon\">\n            <svg width=\"28\" height=\"28\" viewBox=\"0 0 28 28\" fill=\"none\" xmlns=\"http:\/\/www.w3.org\/2000\/svg\">\n<path d=\"M7 10.5L14 17.5L21 10.5\" stroke=\"currentColor\" stroke-width=\"2.5\" stroke-linecap=\"square\"\/>\n<\/svg>\n        <\/span>\n    <\/div>\n    <div class=\"dropdown__content\" >\n        <div class=\"acf-innerblocks-container\">\n\n<div class=\"wp-block-columns is-layout-flex wp-container-core-columns-is-layout-9d6595d7 wp-block-columns-is-layout-flex\">\n<div class=\"wp-block-column is-layout-flow wp-block-column-is-layout-flow\">\n<ul class=\"wp-block-list\">\n<li>Equipament de mesura i instrumentaci\u00f3 per a experimentaci\u00f3 V2X, incloent laboratori exterior prefabricat i instrumentaci\u00f3 indoor per a assajos C-V2X i ITS-G5 en condicions controlades.<\/li>\n\n\n\n<li>Eines de desenvolupament de maquinari, com sondes de programaci\u00f3 i depuraci\u00f3, impressores 3D FDM i de resina, i sistemes de fabricaci\u00f3 r\u00e0pida.<\/li>\n\n\n\n<li>Instrumentaci\u00f3 electr\u00f2nica i de laboratori: mult\u00edmetres, oscil\u00b7loscopis, analitzadors d&#8217;espectre, microscopis i estacions de soldadura.<\/li>\n\n\n\n<li>Xarxa privada 5G per a la validaci\u00f3 de comunicacions avan\u00e7ades en entorns experimentals.<\/li>\n\n\n\n<li>Vehicles aut\u00f2noms i connectats per al desenvolupament i validaci\u00f3 de solucions de mobilitat intel\u00b7ligent.<\/li>\n\n\n\n<li>Plataforma rob\u00f2tica aut\u00f2noma basada en ROS per a aplicacions de transport log\u00edstic automatitzat.<\/li>\n\n\n\n<li>Solucions tecnol\u00f2giques orientades a usuaris vulnerables en entorns de mobilitat connectada.<\/li>\n\n\n\n<li>Plataformes de computaci\u00f3 i comunicaci\u00f3 avan\u00e7ada, incloent xips d&#8217;automoci\u00f3 amb capacitats d&#8217;intel\u00b7lig\u00e8ncia artificial, m\u00f2duls 5G, SoM, plaques SBC i dispositius IoT.<\/li>\n\n\n\n<li>Equips de xarxa i de computaci\u00f3, com nodes d&#8217;edge computing, switches PoE i servidors amb GPU per a processament intensiu de dades.<\/li>\n\n\n\n<li>Sala de control de teleoperaci\u00f3 per a la supervisi\u00f3, el control remot i la gesti\u00f3 de vehicles en temps real.<\/li>\n\n\n\n<li>Elements de l&#8217;ecosistema V2X, com unitats RSU i OBU per a la comunicaci\u00f3 entre vehicles, infraestructura i usuaris de la via.<\/li>\n<\/ul>\n<\/div>\n\n\n\n<div class=\"wp-block-column is-layout-flow wp-block-column-is-layout-flow\">\n<ul class=\"wp-block-list\">\n<li>Infraestructura de posicionament avan\u00e7at basada en tecnologies GNSS-RTK, que inclou estacions base, receptors i sistemes de transmissi\u00f3 de correccions.<\/li>\n\n\n\n<li>Tecnologies complement\u00e0ries de localitzaci\u00f3, com els sistemes inercials i UWB.<\/li>\n\n\n\n<li>Infraestructura de visi\u00f3 per computador, incloent sensors LiDAR i c\u00e0meres RGB, est\u00e8reo i t\u00e8rmiques per a la percepci\u00f3 multimodal.<\/li>\n\n\n\n<li>Patrons de calibratge per a l&#8217;ajust i la validaci\u00f3 de sistemes de visi\u00f3 artificial.<\/li>\n\n\n\n<li>Sensors ambientals, inclosos sensors de pres\u00e8ncia, de soroll i de qualitat de l&#8217;aire, aix\u00ed com sensors ultras\u00f2nics, infrarojos i LiDAR.<\/li>\n\n\n\n<li>Capacitats de computaci\u00f3 avan\u00e7ada, incloent servidors en rack, unitats d&#8217;intel\u00b7lig\u00e8ncia artificial embebuda, equips amb GPU i servidors edge compactes.<\/li>\n\n\n\n<li>Equipament auxiliar, com c\u00e0meres PTZ, tr\u00edpodes, sistemes d&#8217;escaneig 3D i c\u00e0meres immersives 360\u00ba per a aplicacions de realitat virtual.<\/li>\n\n\n\n<li>Infraestructura de ciberseguretat basada en servidors edge i cloud amb entorns d&#8217;execuci\u00f3 confiables (TEE) i m\u00f2duls de seguretat (TPM).<\/li>\n\n\n\n<li>Dispositius i servidors anti-hacking per a la protecci\u00f3 de sistemes embarcats i infraestructures V2X.<\/li>\n\n\n\n<li>Xarxa privada 5G segura, incloent small cells i core, juntament amb dispositius client per a la validaci\u00f3 de comunicacions protegides.<\/li>\n<\/ul>\n<\/div>\n<\/div>\n\n<\/div>\n    <\/div>\n<\/div>\n\n\n<div class=\"dropdown bg-white rounded-lg shadow-md mb-5\"  data-open=\"false\">\n    <div class=\"dropdown__trigger py-5 px-8 cursor-pointer\">\n        <h3 class=\"text-lg font-medium m-0\">Tecnologies implicades        <\/h3>\n        <span class=\"dropdown__trigger-icon\">\n            <svg width=\"28\" height=\"28\" viewBox=\"0 0 28 28\" fill=\"none\" xmlns=\"http:\/\/www.w3.org\/2000\/svg\">\n<path d=\"M7 10.5L14 17.5L21 10.5\" stroke=\"currentColor\" stroke-width=\"2.5\" stroke-linecap=\"square\"\/>\n<\/svg>\n        <\/span>\n    <\/div>\n    <div class=\"dropdown__content\" >\n        <div class=\"acf-innerblocks-container\">\n\n<ul class=\"wp-block-list\">\n<li>Mobilitat Aut\u00f2noma i Connectada mitjan\u00e7ant V2X i xarxes 5G\/6G.<\/li>\n\n\n\n<li>Edge Computing i Intel\u00b7lig\u00e8ncia Artificial per a processament intensiu de dades.<\/li>\n\n\n\n<li>Sistemes embebits, plataformes SBC i arquitectures per a connectivitat en temps real.<\/li>\n\n\n\n<li>Percepci\u00f3 avan\u00e7ada i visi\u00f3 artificial (LiDAR, c\u00e0meres t\u00e8rmiques i escaneig 3D).<\/li>\n\n\n\n<li>Posicionament d&#8217;alta precisi\u00f3 i navegaci\u00f3 inercial (INS\/UWB).<\/li>\n\n\n\n<li>Ciberseguretat en sistemes distribu\u00efts i protecci\u00f3 d&#8217;infraestructures cr\u00edtiques.<\/li>\n<\/ul>\n\n<\/div>\n    <\/div>\n<\/div>\n\n\n<div class=\"dropdown bg-white rounded-lg shadow-md mb-5\"  data-open=\"false\">\n    <div class=\"dropdown__trigger py-5 px-8 cursor-pointer\">\n        <h3 class=\"text-lg font-medium m-0\">Casos d&#8217;\u00fas        <\/h3>\n        <span class=\"dropdown__trigger-icon\">\n            <svg width=\"28\" height=\"28\" viewBox=\"0 0 28 28\" fill=\"none\" xmlns=\"http:\/\/www.w3.org\/2000\/svg\">\n<path d=\"M7 10.5L14 17.5L21 10.5\" stroke=\"currentColor\" stroke-width=\"2.5\" stroke-linecap=\"square\"\/>\n<\/svg>\n        <\/span>\n    <\/div>\n    <div class=\"dropdown__content\" >\n        <div class=\"acf-innerblocks-container\">\n\n<ul class=\"wp-block-list\">\n<li><strong>Seguretat avan\u00e7ada per a usuaris vulnerables:<\/strong> Aquest cas d&#8217;\u00fas se centra a protegir peatons i ciclistes en escenaris de tr\u00e0nsit complexos, tant amb vehicles connectats com no connectats. Els usuaris vulnerables transmeten la seva posici\u00f3 en temps real mitjan\u00e7ant tecnologies V2X i sistemes de posicionament d&#8217;alta precisi\u00f3. S&#8217;empren sensors avan\u00e7ats i equips energ\u00e8ticament eficients per garantir que la seva ubicaci\u00f3 sigui detectada correctament. L&#8217;objectiu \u00e9s reduir els riscos en cru\u00eflles, passos de peatons i carrils bici, fins i tot quan la visibilitat \u00e9s limitada.<\/li>\n\n\n\n<li><strong>Conducci\u00f3 cooperativa:<\/strong> Aquest cas d&#8217;\u00fas explora la coordinaci\u00f3 entre vehicles aut\u00f2noms connectats en escenaris de tr\u00e0nsit complexos, com interseccions, incorporacions a carrils i avan\u00e7aments. Els vehicles intercanvien informaci\u00f3 sobre traject\u00f2ries previstes i posicions mitjan\u00e7ant xarxes V2X i sistemes de computaci\u00f3 en l&#8217;edge. La informaci\u00f3 compartida permet ajustar velocitats, prioritats i maniobres de manera cooperativa per optimitzar el flux de tr\u00e0nsit. S&#8217;utilitzen m\u00faltiples tecnologies de percepci\u00f3, comunicaci\u00f3 i posicionament d&#8217;alta precisi\u00f3 per habilitar la coordinaci\u00f3 en temps real.<\/li>\n\n\n\n<li><strong>Teleoperaci\u00f3 de vehicles aut\u00f2noms:<\/strong> Aquest cas d&#8217;\u00fas se centra en la conducci\u00f3 teleoperada, en la qual un vehicle aut\u00f2nom rep assist\u00e8ncia remota davant situacions que no pot gestionar per si mateix. Un operador en una sala de control realitza maniobres de control indirecte o directe durant el temps o la dist\u00e0ncia necessaris. S&#8217;avalua l&#8217;acompliment del servei i la qualitat de l&#8217;operaci\u00f3 remota mitjan\u00e7ant la recopilaci\u00f3 d&#8217;indicadors clau. L&#8217;escenari abasta des d&#8217;entorns confinats fins a les vies p\u00fabliques i la mobilitat transfronterera.<\/li>\n<\/ul>\n\n<\/div>\n    <\/div>\n<\/div>\n\n\n<div style=\"height:100px\" aria-hidden=\"true\" class=\"wp-block-spacer\"><\/div>\n\n\n\n<figure class=\"wp-block-image size-large\"><img loading=\"lazy\" decoding=\"async\" width=\"986\" height=\"62\" src=\"https:\/\/i2cat.net\/wp-content\/uploads\/2025\/07\/UNICO-NG-MTDFP-PR-986x62.png\" alt=\"\" class=\"wp-image-18780\"\/><\/figure>\n\n\n\n<p><\/p>\n","protected":false},"excerpt":{"rendered":"","protected":false},"author":2,"featured_media":0,"parent":18918,"menu_order":0,"comment_status":"closed","ping_status":"closed","template":"","meta":{"_acf_changed":false,"footnotes":""},"class_list":["post-20821","page","type-page","status-publish","hentry"],"acf":[],"yoast_head":"<!-- This site is optimized with the Yoast SEO plugin v26.9 - https:\/\/yoast.com\/product\/yoast-seo-wordpress\/ -->\n<title>6GCAMLab - i2CAT Research Centre<\/title>\n<meta name=\"robots\" content=\"index, follow, max-snippet:-1, max-image-preview:large, max-video-preview:-1\" \/>\n<link rel=\"canonical\" href=\"https:\/\/i2cat.net\/ca\/unico\/6gcamlab\/\" \/>\n<meta property=\"og:locale\" content=\"ca_ES\" \/>\n<meta property=\"og:type\" content=\"article\" \/>\n<meta property=\"og:title\" content=\"6GCAMLab - i2CAT Research Centre\" \/>\n<meta property=\"og:url\" content=\"https:\/\/i2cat.net\/ca\/unico\/6gcamlab\/\" \/>\n<meta property=\"og:site_name\" content=\"i2CAT Research Centre\" \/>\n<meta property=\"article:modified_time\" content=\"2026-04-21T11:38:59+00:00\" \/>\n<meta property=\"og:image\" content=\"https:\/\/i2cat.net\/wp-content\/uploads\/2025\/07\/UNICO-NG-MTDFP-PR-e1764593386662.png\" \/>\n\t<meta property=\"og:image:width\" content=\"762\" \/>\n\t<meta property=\"og:image:height\" content=\"48\" \/>\n\t<meta property=\"og:image:type\" content=\"image\/png\" \/>\n<meta name=\"twitter:card\" content=\"summary_large_image\" \/>\n<script type=\"application\/ld+json\" class=\"yoast-schema-graph\">{\"@context\":\"https:\/\/schema.org\",\"@graph\":[{\"@type\":\"WebPage\",\"@id\":\"https:\/\/i2cat.net\/ca\/unico\/6gcamlab\/\",\"url\":\"https:\/\/i2cat.net\/ca\/unico\/6gcamlab\/\",\"name\":\"6GCAMLab - i2CAT Research Centre\",\"isPartOf\":{\"@id\":\"https:\/\/i2cat.net\/ca\/#website\"},\"primaryImageOfPage\":{\"@id\":\"https:\/\/i2cat.net\/ca\/unico\/6gcamlab\/#primaryimage\"},\"image\":{\"@id\":\"https:\/\/i2cat.net\/ca\/unico\/6gcamlab\/#primaryimage\"},\"thumbnailUrl\":\"https:\/\/i2cat.net\/wp-content\/uploads\/2025\/07\/UNICO-NG-MTDFP-PR-986x62.png\",\"datePublished\":\"2026-04-21T10:40:17+00:00\",\"dateModified\":\"2026-04-21T11:38:59+00:00\",\"breadcrumb\":{\"@id\":\"https:\/\/i2cat.net\/ca\/unico\/6gcamlab\/#breadcrumb\"},\"inLanguage\":\"ca\",\"potentialAction\":[{\"@type\":\"ReadAction\",\"target\":[\"https:\/\/i2cat.net\/ca\/unico\/6gcamlab\/\"]}]},{\"@type\":\"ImageObject\",\"inLanguage\":\"ca\",\"@id\":\"https:\/\/i2cat.net\/ca\/unico\/6gcamlab\/#primaryimage\",\"url\":\"https:\/\/i2cat.net\/wp-content\/uploads\/2025\/07\/UNICO-NG-MTDFP-PR-986x62.png\",\"contentUrl\":\"https:\/\/i2cat.net\/wp-content\/uploads\/2025\/07\/UNICO-NG-MTDFP-PR-986x62.png\"},{\"@type\":\"BreadcrumbList\",\"@id\":\"https:\/\/i2cat.net\/ca\/unico\/6gcamlab\/#breadcrumb\",\"itemListElement\":[{\"@type\":\"ListItem\",\"position\":1,\"name\":\"Home\",\"item\":\"https:\/\/i2cat.net\/ca\/\"},{\"@type\":\"ListItem\",\"position\":2,\"name\":\"UNICO I+D 6G\",\"item\":\"https:\/\/i2cat.net\/ca\/unico\/\"},{\"@type\":\"ListItem\",\"position\":3,\"name\":\"6GCAMLab\"}]},{\"@type\":\"WebSite\",\"@id\":\"https:\/\/i2cat.net\/ca\/#website\",\"url\":\"https:\/\/i2cat.net\/ca\/\",\"name\":\"i2CAT Research Centre\",\"description\":\"\",\"potentialAction\":[{\"@type\":\"SearchAction\",\"target\":{\"@type\":\"EntryPoint\",\"urlTemplate\":\"https:\/\/i2cat.net\/ca\/?s={search_term_string}\"},\"query-input\":{\"@type\":\"PropertyValueSpecification\",\"valueRequired\":true,\"valueName\":\"search_term_string\"}}],\"inLanguage\":\"ca\"}]}<\/script>\n<!-- \/ Yoast SEO plugin. -->","yoast_head_json":{"title":"6GCAMLab - i2CAT Research Centre","robots":{"index":"index","follow":"follow","max-snippet":"max-snippet:-1","max-image-preview":"max-image-preview:large","max-video-preview":"max-video-preview:-1"},"canonical":"https:\/\/i2cat.net\/ca\/unico\/6gcamlab\/","og_locale":"ca_ES","og_type":"article","og_title":"6GCAMLab - i2CAT Research Centre","og_url":"https:\/\/i2cat.net\/ca\/unico\/6gcamlab\/","og_site_name":"i2CAT Research Centre","article_modified_time":"2026-04-21T11:38:59+00:00","og_image":[{"width":762,"height":48,"url":"https:\/\/i2cat.net\/wp-content\/uploads\/2025\/07\/UNICO-NG-MTDFP-PR-e1764593386662.png","type":"image\/png"}],"twitter_card":"summary_large_image","schema":{"@context":"https:\/\/schema.org","@graph":[{"@type":"WebPage","@id":"https:\/\/i2cat.net\/ca\/unico\/6gcamlab\/","url":"https:\/\/i2cat.net\/ca\/unico\/6gcamlab\/","name":"6GCAMLab - i2CAT Research Centre","isPartOf":{"@id":"https:\/\/i2cat.net\/ca\/#website"},"primaryImageOfPage":{"@id":"https:\/\/i2cat.net\/ca\/unico\/6gcamlab\/#primaryimage"},"image":{"@id":"https:\/\/i2cat.net\/ca\/unico\/6gcamlab\/#primaryimage"},"thumbnailUrl":"https:\/\/i2cat.net\/wp-content\/uploads\/2025\/07\/UNICO-NG-MTDFP-PR-986x62.png","datePublished":"2026-04-21T10:40:17+00:00","dateModified":"2026-04-21T11:38:59+00:00","breadcrumb":{"@id":"https:\/\/i2cat.net\/ca\/unico\/6gcamlab\/#breadcrumb"},"inLanguage":"ca","potentialAction":[{"@type":"ReadAction","target":["https:\/\/i2cat.net\/ca\/unico\/6gcamlab\/"]}]},{"@type":"ImageObject","inLanguage":"ca","@id":"https:\/\/i2cat.net\/ca\/unico\/6gcamlab\/#primaryimage","url":"https:\/\/i2cat.net\/wp-content\/uploads\/2025\/07\/UNICO-NG-MTDFP-PR-986x62.png","contentUrl":"https:\/\/i2cat.net\/wp-content\/uploads\/2025\/07\/UNICO-NG-MTDFP-PR-986x62.png"},{"@type":"BreadcrumbList","@id":"https:\/\/i2cat.net\/ca\/unico\/6gcamlab\/#breadcrumb","itemListElement":[{"@type":"ListItem","position":1,"name":"Home","item":"https:\/\/i2cat.net\/ca\/"},{"@type":"ListItem","position":2,"name":"UNICO I+D 6G","item":"https:\/\/i2cat.net\/ca\/unico\/"},{"@type":"ListItem","position":3,"name":"6GCAMLab"}]},{"@type":"WebSite","@id":"https:\/\/i2cat.net\/ca\/#website","url":"https:\/\/i2cat.net\/ca\/","name":"i2CAT Research Centre","description":"","potentialAction":[{"@type":"SearchAction","target":{"@type":"EntryPoint","urlTemplate":"https:\/\/i2cat.net\/ca\/?s={search_term_string}"},"query-input":{"@type":"PropertyValueSpecification","valueRequired":true,"valueName":"search_term_string"}}],"inLanguage":"ca"}]}},"_links":{"self":[{"href":"https:\/\/i2cat.net\/ca\/wp-json\/wp\/v2\/pages\/20821","targetHints":{"allow":["GET"]}}],"collection":[{"href":"https:\/\/i2cat.net\/ca\/wp-json\/wp\/v2\/pages"}],"about":[{"href":"https:\/\/i2cat.net\/ca\/wp-json\/wp\/v2\/types\/page"}],"author":[{"embeddable":true,"href":"https:\/\/i2cat.net\/ca\/wp-json\/wp\/v2\/users\/2"}],"replies":[{"embeddable":true,"href":"https:\/\/i2cat.net\/ca\/wp-json\/wp\/v2\/comments?post=20821"}],"version-history":[{"count":2,"href":"https:\/\/i2cat.net\/ca\/wp-json\/wp\/v2\/pages\/20821\/revisions"}],"predecessor-version":[{"id":20883,"href":"https:\/\/i2cat.net\/ca\/wp-json\/wp\/v2\/pages\/20821\/revisions\/20883"}],"up":[{"embeddable":true,"href":"https:\/\/i2cat.net\/ca\/wp-json\/wp\/v2\/pages\/18918"}],"wp:attachment":[{"href":"https:\/\/i2cat.net\/ca\/wp-json\/wp\/v2\/media?parent=20821"}],"curies":[{"name":"wp","href":"https:\/\/api.w.org\/{rel}","templated":true}]}}