{"id":20823,"date":"2026-04-21T12:44:04","date_gmt":"2026-04-21T10:44:04","guid":{"rendered":"https:\/\/i2cat.net\/?page_id=20823"},"modified":"2026-04-21T13:39:14","modified_gmt":"2026-04-21T11:39:14","slug":"6gen-oran","status":"publish","type":"page","link":"https:\/\/i2cat.net\/ca\/unico\/6gen-oran\/","title":{"rendered":"6GEN-ORAN"},"content":{"rendered":"\n<section class=\"alignfull header-hero relative black-veil  bg-gray-100\">\n\n\t\n\t<div\n\t\tclass=\"flex flex-col pt-12 md:justify-end lg:pt-16 lg:pb-10 container min-h-[440px]\">\n\n\t\t<div class=\"grid grid-cols-1 gap-6 md:grid-cols-2\">\n\t\t\t<div>\n\t\t\t\t\t\t\t\t\t\t\t\t\t\t\t<div class=\"!text-black uppercase mb-3\">infraestructures de recerca<\/div>\n\t\t\t\t\t\t\t\t\t\n\t\t\t\t\t\t\t\t\t<h1 class=\"text-h3 md:text-h1 !text-black mb-0\">6GEN-ORAN<\/h1>\n\t\t\t\t\n\t\t\t\t\t\t\t\t\t<p class=\"!text-black mt-5 md:text-lg\">R+D en xarxes de r\u00e0dio d\u2019acc\u00e9s obert\n<\/p>\n\t\t\t\t\t\t\t<\/div>\n\t\t\t<div>\n\t\t\t\t\t\t\t<\/div>\n\t\t<\/div>\n\n\t<\/div>\n\n\t\n<\/section>\n\n\n\n<section class=\"text-media-claim py-10 lg:py-20\">\n\t<div class=\"\">\n\t\t<!-- if is a full width section, apply container -->\n\n\n\t\t\n\t\t<!-- Orange dot claim layout -->\n\t\t\n\t\t<!-- Basic claim layout -->\n\t\t\n\t\t\t<div class=\"grid lg:grid-cols-12 gap-baseGap\">\n\n\t\t\t\t<!-- Image column -->\n\t\t\t\t<div\n\t\t\t\t\tclass=\"w-full lg:col-span-4 xl:col-start-9 lg:col-start-8 order-2\">\n\t\t\t\t\t\t\t\t\t\t\t\t\t\t\t\t<div class=\"flex gap-4 flex-col\">\n\t\t\t\t\t\t\t\t\t\t\t\t\t\t\t\t\t\t\t\t\t\t\t\t\n<a href=\"https:\/\/i2cat.net\/unico\/\" target=\"_blank\"\n    class=\"w-full text-white bg-gray-900 border-gray-900 button-section rounded-lg flex-1 p-5 relative flex flex-col justify-between \">\n    <div class=\"text-white text-lg md:text-h5 text-balance\">Con\u00e8ix m\u00e9s a UNICO I+D 6G<\/div>\n    <div class=\"flex items-center justify-end gap-2 uppercase\">Ves-hi                    <svg width=\"16\" height=\"16\" viewBox=\"0 0 16 16\" fill=\"none\" xmlns=\"http:\/\/www.w3.org\/2000\/svg\">\n<g id=\"Icon\">\n<path id=\"Vector\" d=\"M9 3.66663L14 7.99996M14 7.99996L9 12.3333M14 7.99996H2\" stroke=\"#fff\" stroke-width=\"1.5\" stroke-linecap=\"square\"\/>\n<\/g>\n<\/svg>\n            <\/div>\n<\/a>\t\t\t\t\t\t\t\t\t\t\t\t\t\t\t\t\t\t\t\t\t<\/div>\n\t\t\t\t\t\t\t\t\t<\/div>\n\n\t\t\t\t<!-- Content column -->\n\t\t\t\t<div\n\t\t\t\t\tclass=\"xl:col-span-6 lg:col-span-7 flex flex-col justify-between order-1\">\n\t\t\t\t\t<div>\n\t\t\t\t\t\t\n\t\t\t\t\t\t\t\t\t\t\t\t\t<div class=\"mb-6 text-h5\">\n\t\t\t\t\t\t\t\t6GEN-ORAN \u00e9s una iniciativa estrat\u00e8gica orientada a la construcci\u00f3 d&#8217;infraestructures d&#8217;experimentaci\u00f3 per a xarxes m\u00f2bils de pr\u00f2xima generaci\u00f3.\t\t\t\t\t\t\t<\/div>\n\t\t\t\t\t\t\n\t\t\t\t\t\t\t\t\t\t\t\t\t<div class=\"mb-6 text-lead\">\n\t\t\t\t\t\t\t\t<p>El projecte aposta per arquitectures obertes basades en controladores intel\u00b7ligents (RIC), virtualitzaci\u00f3 (vRAN) i automatitzaci\u00f3 mitjan\u00e7ant IA. La infraestructura permet validar algorismes en condicions realistes i reprodu\u00efbles, facilitant la transfer\u00e8ncia tecnol\u00f2gica cap a entorns d&#8217;operador i accelerant la transici\u00f3 cap al 6G.<\/p>\n\t\t\t\t\t\t\t<\/div>\n\t\t\t\t\t\t\t\t\t\t\t<\/div>\n\t\t\t\t<\/div>\n\t\t\t<\/div>\n\n\t\t\n\t\t\n\t<\/div>\n<\/section>\n\n\n<div class=\"dropdown bg-white rounded-lg shadow-md mb-5\"  data-open=\"false\">\n    <div class=\"dropdown__trigger py-5 px-8 cursor-pointer\">\n        <h3 class=\"text-lg font-medium m-0\">Equipament destacat        <\/h3>\n        <span class=\"dropdown__trigger-icon\">\n            <svg width=\"28\" height=\"28\" viewBox=\"0 0 28 28\" fill=\"none\" xmlns=\"http:\/\/www.w3.org\/2000\/svg\">\n<path d=\"M7 10.5L14 17.5L21 10.5\" stroke=\"currentColor\" stroke-width=\"2.5\" stroke-linecap=\"square\"\/>\n<\/svg>\n        <\/span>\n    <\/div>\n    <div class=\"dropdown__content\" >\n        <div class=\"acf-innerblocks-container\">\n\n<ul class=\"wp-block-list\">\n<li>Controlador de R\u00e0dio Intel\u00b7ligent (RIC).<\/li>\n\n\n\n<li>Xarxa 5G Comercial (FR1 i FR2) amb core 5G programable.<\/li>\n\n\n\n<li>Infraestructura AI-RAN basada en GPU.<\/li>\n\n\n\n<li>Servidors de Supercomputaci\u00f3 (vRAN).<\/li>\n\n\n\n<li>Emulador avan\u00e7at de Canals de R\u00e0dio.<\/li>\n\n\n\n<li>Plataforma d&#8217;experimentaci\u00f3 amb drons i robot quadr\u00faped.<\/li>\n\n\n\n<li>Equips de transmissi\u00f3 de r\u00e0dio definits per programari (SDR).<\/li>\n\n\n\n<li>Dispositius SDR (USRP) d&#8217;altes prestacions.<\/li>\n\n\n\n<li>Conversors de freq\u00fc\u00e8ncia per a operaci\u00f3 en bandes mmWave (FR2).<\/li>\n<\/ul>\n\n<\/div>\n    <\/div>\n<\/div>\n\n\n<div class=\"dropdown bg-white rounded-lg shadow-md mb-5\"  data-open=\"false\">\n    <div class=\"dropdown__trigger py-5 px-8 cursor-pointer\">\n        <h3 class=\"text-lg font-medium m-0\">Tecnologies implicades        <\/h3>\n        <span class=\"dropdown__trigger-icon\">\n            <svg width=\"28\" height=\"28\" viewBox=\"0 0 28 28\" fill=\"none\" xmlns=\"http:\/\/www.w3.org\/2000\/svg\">\n<path d=\"M7 10.5L14 17.5L21 10.5\" stroke=\"currentColor\" stroke-width=\"2.5\" stroke-linecap=\"square\"\/>\n<\/svg>\n        <\/span>\n    <\/div>\n    <div class=\"dropdown__content\" >\n        <div class=\"acf-innerblocks-container\">\n\n<ul class=\"wp-block-list\">\n<li>Open RAN, vRAN i AI-RAN per a xarxes obertes i programables.<\/li>\n\n\n\n<li>Virtualitzaci\u00f3 cloud-native (Kubernetes) i acceleraci\u00f3 mitjan\u00e7ant GPU.<\/li>\n\n\n\n<li>Metodologies MLOps per al desenvolupament de rApps i xApps.<\/li>\n\n\n\n<li>Tecnologies emergents com RIS, ISAC i exposici\u00f3 de funcions de xarxa.<\/li>\n<\/ul>\n\n<\/div>\n    <\/div>\n<\/div>\n\n\n<div class=\"dropdown bg-white rounded-lg shadow-md mb-5\"  data-open=\"false\">\n    <div class=\"dropdown__trigger py-5 px-8 cursor-pointer\">\n        <h3 class=\"text-lg font-medium m-0\">Casos d&#8217;\u00fas        <\/h3>\n        <span class=\"dropdown__trigger-icon\">\n            <svg width=\"28\" height=\"28\" viewBox=\"0 0 28 28\" fill=\"none\" xmlns=\"http:\/\/www.w3.org\/2000\/svg\">\n<path d=\"M7 10.5L14 17.5L21 10.5\" stroke=\"currentColor\" stroke-width=\"2.5\" stroke-linecap=\"square\"\/>\n<\/svg>\n        <\/span>\n    <\/div>\n    <div class=\"dropdown__content\" >\n        <div class=\"acf-innerblocks-container\">\n\n<ul class=\"wp-block-list\">\n<li><strong>Xarxes intel\u00b7ligents i automatitzades (O-RAN + AI-RAN):<\/strong> La infraestructura permet monitorar la xarxa en temps real i aplicar algorismes intel\u00b7ligents que ajusten autom\u00e0ticament el seu funcionament. Aix\u00f2 inclou l&#8217;optimitzaci\u00f3 de l&#8217;\u00fas dels recursos de r\u00e0dio, la gesti\u00f3 din\u00e0mica del tr\u00e0nsit i l&#8217;adaptaci\u00f3 a diferents serveis mitjan\u00e7ant el network slicing. A m\u00e9s, s&#8217;exploren noves arquitectures, com AI-RAN, en les quals la xarxa es comporta com un sistema programable que integra intel\u00b7lig\u00e8ncia artificial i l&#8217;\u00fas de GPUs per millorar la seva efici\u00e8ncia, rendiment i consum energ\u00e8tic.<\/li>\n\n\n\n<li><strong>Programabilitat, validaci\u00f3 i operaci\u00f3 de xarxes avan\u00e7ades 5G\/6G:<\/strong> El projecte facilita l&#8217;experimentaci\u00f3 amb xarxes 5G de nivell operador (carrier-grade), incloent tecnologies avan\u00e7ades com comunicacions en bandes mil\u00b7lim\u00e8triques (mmWave). S&#8217;investiga com exposar interf\u00edcies i capacitats de xarxa per fer-les programables, permetent crear aplicacions que interactuen directament amb la xarxa. Aix\u00f2 contribueix a validar noves funcionalitats i a accelerar la transici\u00f3 cap a xarxes 6G m\u00e9s obertes i flexibles.<\/li>\n\n\n\n<li><strong>Intel\u00b7lig\u00e8ncia per a operaci\u00f3, diagn\u00f2stic i seguretat de xarxa:<\/strong> Es desenvolupen sistemes avan\u00e7ats basats en intel\u00b7lig\u00e8ncia artificial capa\u00e7os d&#8217;analitzar grans volums de dades de la xarxa en temps real. Aquests sistemes permeten detectar anomalies, identificar la causa arrel de problemes complexos i anticipar fallades. A m\u00e9s, s&#8217;apliquen t\u00e8cniques de virtualitzaci\u00f3 per desplegar mecanismes de seguretat distribu\u00efts que monitoritzen la xarxa de forma cont\u00ednua, millorant la seva resili\u00e8ncia sense afectar el servei.<\/li>\n\n\n\n<li><strong>Nous serveis habilitats per connectivitat avan\u00e7ada (ISAC, drons i rob\u00f2tica):<\/strong> La infraestructura permet explorar aplicacions innovadores en les quals la connectivitat i la percepci\u00f3 de l&#8217;entorn convergeixen. Aix\u00f2 inclou l&#8217;\u00fas de drons i robots connectats per a missions d&#8217;inspecci\u00f3 o rescat, l&#8217;extensi\u00f3 din\u00e0mica de cobertura mitjan\u00e7ant nodes m\u00f2bils i la localitzaci\u00f3 precisa en 3D. Aix\u00ed mateix, s&#8217;investiguen tecnologies com ISAC, en les quals la xarxa actua simult\u00e0niament com a sistema de comunicaci\u00f3 i de detecci\u00f3, cosa que obre la porta a nous serveis en entorns complexos.<\/li>\n<\/ul>\n\n<\/div>\n    <\/div>\n<\/div>\n\n\n<div style=\"height:100px\" aria-hidden=\"true\" class=\"wp-block-spacer\"><\/div>\n\n\n\n<figure class=\"wp-block-image size-large\"><img loading=\"lazy\" decoding=\"async\" width=\"986\" height=\"62\" src=\"https:\/\/i2cat.net\/wp-content\/uploads\/2025\/07\/UNICO-NG-MTDFP-PR-986x62.png\" alt=\"\" class=\"wp-image-18780\"\/><\/figure>\n\n\n\n<p><\/p>\n","protected":false},"excerpt":{"rendered":"","protected":false},"author":2,"featured_media":0,"parent":18918,"menu_order":0,"comment_status":"closed","ping_status":"closed","template":"","meta":{"_acf_changed":false,"footnotes":""},"class_list":["post-20823","page","type-page","status-publish","hentry"],"acf":[],"yoast_head":"<!-- This site is optimized with the Yoast SEO plugin v26.9 - https:\/\/yoast.com\/product\/yoast-seo-wordpress\/ -->\n<title>6GEN-ORAN - i2CAT Research Centre<\/title>\n<meta name=\"robots\" content=\"index, follow, max-snippet:-1, max-image-preview:large, max-video-preview:-1\" \/>\n<link rel=\"canonical\" href=\"https:\/\/i2cat.net\/ca\/unico\/6gen-oran\/\" \/>\n<meta property=\"og:locale\" content=\"ca_ES\" \/>\n<meta property=\"og:type\" content=\"article\" \/>\n<meta property=\"og:title\" content=\"6GEN-ORAN - i2CAT Research Centre\" \/>\n<meta property=\"og:url\" content=\"https:\/\/i2cat.net\/ca\/unico\/6gen-oran\/\" \/>\n<meta property=\"og:site_name\" content=\"i2CAT Research Centre\" \/>\n<meta property=\"article:modified_time\" content=\"2026-04-21T11:39:14+00:00\" \/>\n<meta property=\"og:image\" content=\"https:\/\/i2cat.net\/wp-content\/uploads\/2025\/07\/UNICO-NG-MTDFP-PR-e1764593386662.png\" \/>\n\t<meta property=\"og:image:width\" content=\"762\" \/>\n\t<meta property=\"og:image:height\" content=\"48\" \/>\n\t<meta property=\"og:image:type\" content=\"image\/png\" \/>\n<meta name=\"twitter:card\" content=\"summary_large_image\" \/>\n<script type=\"application\/ld+json\" class=\"yoast-schema-graph\">{\"@context\":\"https:\/\/schema.org\",\"@graph\":[{\"@type\":\"WebPage\",\"@id\":\"https:\/\/i2cat.net\/ca\/unico\/6gen-oran\/\",\"url\":\"https:\/\/i2cat.net\/ca\/unico\/6gen-oran\/\",\"name\":\"6GEN-ORAN - i2CAT Research Centre\",\"isPartOf\":{\"@id\":\"https:\/\/i2cat.net\/ca\/#website\"},\"primaryImageOfPage\":{\"@id\":\"https:\/\/i2cat.net\/ca\/unico\/6gen-oran\/#primaryimage\"},\"image\":{\"@id\":\"https:\/\/i2cat.net\/ca\/unico\/6gen-oran\/#primaryimage\"},\"thumbnailUrl\":\"https:\/\/i2cat.net\/wp-content\/uploads\/2025\/07\/UNICO-NG-MTDFP-PR-986x62.png\",\"datePublished\":\"2026-04-21T10:44:04+00:00\",\"dateModified\":\"2026-04-21T11:39:14+00:00\",\"breadcrumb\":{\"@id\":\"https:\/\/i2cat.net\/ca\/unico\/6gen-oran\/#breadcrumb\"},\"inLanguage\":\"ca\",\"potentialAction\":[{\"@type\":\"ReadAction\",\"target\":[\"https:\/\/i2cat.net\/ca\/unico\/6gen-oran\/\"]}]},{\"@type\":\"ImageObject\",\"inLanguage\":\"ca\",\"@id\":\"https:\/\/i2cat.net\/ca\/unico\/6gen-oran\/#primaryimage\",\"url\":\"https:\/\/i2cat.net\/wp-content\/uploads\/2025\/07\/UNICO-NG-MTDFP-PR-986x62.png\",\"contentUrl\":\"https:\/\/i2cat.net\/wp-content\/uploads\/2025\/07\/UNICO-NG-MTDFP-PR-986x62.png\"},{\"@type\":\"BreadcrumbList\",\"@id\":\"https:\/\/i2cat.net\/ca\/unico\/6gen-oran\/#breadcrumb\",\"itemListElement\":[{\"@type\":\"ListItem\",\"position\":1,\"name\":\"Home\",\"item\":\"https:\/\/i2cat.net\/ca\/\"},{\"@type\":\"ListItem\",\"position\":2,\"name\":\"UNICO I+D 6G\",\"item\":\"https:\/\/i2cat.net\/ca\/unico\/\"},{\"@type\":\"ListItem\",\"position\":3,\"name\":\"6GEN-ORAN\"}]},{\"@type\":\"WebSite\",\"@id\":\"https:\/\/i2cat.net\/ca\/#website\",\"url\":\"https:\/\/i2cat.net\/ca\/\",\"name\":\"i2CAT Research Centre\",\"description\":\"\",\"potentialAction\":[{\"@type\":\"SearchAction\",\"target\":{\"@type\":\"EntryPoint\",\"urlTemplate\":\"https:\/\/i2cat.net\/ca\/?s={search_term_string}\"},\"query-input\":{\"@type\":\"PropertyValueSpecification\",\"valueRequired\":true,\"valueName\":\"search_term_string\"}}],\"inLanguage\":\"ca\"}]}<\/script>\n<!-- \/ Yoast SEO plugin. -->","yoast_head_json":{"title":"6GEN-ORAN - i2CAT Research Centre","robots":{"index":"index","follow":"follow","max-snippet":"max-snippet:-1","max-image-preview":"max-image-preview:large","max-video-preview":"max-video-preview:-1"},"canonical":"https:\/\/i2cat.net\/ca\/unico\/6gen-oran\/","og_locale":"ca_ES","og_type":"article","og_title":"6GEN-ORAN - i2CAT Research Centre","og_url":"https:\/\/i2cat.net\/ca\/unico\/6gen-oran\/","og_site_name":"i2CAT Research Centre","article_modified_time":"2026-04-21T11:39:14+00:00","og_image":[{"width":762,"height":48,"url":"https:\/\/i2cat.net\/wp-content\/uploads\/2025\/07\/UNICO-NG-MTDFP-PR-e1764593386662.png","type":"image\/png"}],"twitter_card":"summary_large_image","schema":{"@context":"https:\/\/schema.org","@graph":[{"@type":"WebPage","@id":"https:\/\/i2cat.net\/ca\/unico\/6gen-oran\/","url":"https:\/\/i2cat.net\/ca\/unico\/6gen-oran\/","name":"6GEN-ORAN - i2CAT Research Centre","isPartOf":{"@id":"https:\/\/i2cat.net\/ca\/#website"},"primaryImageOfPage":{"@id":"https:\/\/i2cat.net\/ca\/unico\/6gen-oran\/#primaryimage"},"image":{"@id":"https:\/\/i2cat.net\/ca\/unico\/6gen-oran\/#primaryimage"},"thumbnailUrl":"https:\/\/i2cat.net\/wp-content\/uploads\/2025\/07\/UNICO-NG-MTDFP-PR-986x62.png","datePublished":"2026-04-21T10:44:04+00:00","dateModified":"2026-04-21T11:39:14+00:00","breadcrumb":{"@id":"https:\/\/i2cat.net\/ca\/unico\/6gen-oran\/#breadcrumb"},"inLanguage":"ca","potentialAction":[{"@type":"ReadAction","target":["https:\/\/i2cat.net\/ca\/unico\/6gen-oran\/"]}]},{"@type":"ImageObject","inLanguage":"ca","@id":"https:\/\/i2cat.net\/ca\/unico\/6gen-oran\/#primaryimage","url":"https:\/\/i2cat.net\/wp-content\/uploads\/2025\/07\/UNICO-NG-MTDFP-PR-986x62.png","contentUrl":"https:\/\/i2cat.net\/wp-content\/uploads\/2025\/07\/UNICO-NG-MTDFP-PR-986x62.png"},{"@type":"BreadcrumbList","@id":"https:\/\/i2cat.net\/ca\/unico\/6gen-oran\/#breadcrumb","itemListElement":[{"@type":"ListItem","position":1,"name":"Home","item":"https:\/\/i2cat.net\/ca\/"},{"@type":"ListItem","position":2,"name":"UNICO I+D 6G","item":"https:\/\/i2cat.net\/ca\/unico\/"},{"@type":"ListItem","position":3,"name":"6GEN-ORAN"}]},{"@type":"WebSite","@id":"https:\/\/i2cat.net\/ca\/#website","url":"https:\/\/i2cat.net\/ca\/","name":"i2CAT Research Centre","description":"","potentialAction":[{"@type":"SearchAction","target":{"@type":"EntryPoint","urlTemplate":"https:\/\/i2cat.net\/ca\/?s={search_term_string}"},"query-input":{"@type":"PropertyValueSpecification","valueRequired":true,"valueName":"search_term_string"}}],"inLanguage":"ca"}]}},"_links":{"self":[{"href":"https:\/\/i2cat.net\/ca\/wp-json\/wp\/v2\/pages\/20823","targetHints":{"allow":["GET"]}}],"collection":[{"href":"https:\/\/i2cat.net\/ca\/wp-json\/wp\/v2\/pages"}],"about":[{"href":"https:\/\/i2cat.net\/ca\/wp-json\/wp\/v2\/types\/page"}],"author":[{"embeddable":true,"href":"https:\/\/i2cat.net\/ca\/wp-json\/wp\/v2\/users\/2"}],"replies":[{"embeddable":true,"href":"https:\/\/i2cat.net\/ca\/wp-json\/wp\/v2\/comments?post=20823"}],"version-history":[{"count":2,"href":"https:\/\/i2cat.net\/ca\/wp-json\/wp\/v2\/pages\/20823\/revisions"}],"predecessor-version":[{"id":20884,"href":"https:\/\/i2cat.net\/ca\/wp-json\/wp\/v2\/pages\/20823\/revisions\/20884"}],"up":[{"embeddable":true,"href":"https:\/\/i2cat.net\/ca\/wp-json\/wp\/v2\/pages\/18918"}],"wp:attachment":[{"href":"https:\/\/i2cat.net\/ca\/wp-json\/wp\/v2\/media?parent=20823"}],"curies":[{"name":"wp","href":"https:\/\/api.w.org\/{rel}","templated":true}]}}