{"id":20875,"date":"2026-04-21T12:48:37","date_gmt":"2026-04-21T10:48:37","guid":{"rendered":"https:\/\/i2cat.net\/?page_id=20875"},"modified":"2026-04-21T13:39:22","modified_gmt":"2026-04-21T11:39:22","slug":"6gqucryptolab","status":"publish","type":"page","link":"https:\/\/i2cat.net\/ca\/unico\/6gqucryptolab\/","title":{"rendered":"6GQuCryptoLab"},"content":{"rendered":"\n<section class=\"alignfull header-hero relative black-veil  bg-gray-100\">\n\n\t\n\t<div\n\t\tclass=\"flex flex-col pt-12 md:justify-end lg:pt-16 lg:pb-10 container min-h-[440px]\">\n\n\t\t<div class=\"grid grid-cols-1 gap-6 md:grid-cols-2\">\n\t\t\t<div>\n\t\t\t\t\t\t\t\t\t\t\t\t\t\t\t<div class=\"!text-black uppercase mb-3\">infraestructures de recerca<\/div>\n\t\t\t\t\t\t\t\t\t\n\t\t\t\t\t\t\t\t\t<h1 class=\"text-h3 md:text-h1 !text-black mb-0\">6GQuCryptoLab<\/h1>\n\t\t\t\t\n\t\t\t\t\t\t\t\t\t<p class=\"!text-black mt-5 md:text-lg\">R+D en xarxes de Distribuci\u00f3 de Claus Qu\u00e0ntiques (QKD)\n<\/p>\n\t\t\t\t\t\t\t<\/div>\n\t\t\t<div>\n\t\t\t\t\t\t\t<\/div>\n\t\t<\/div>\n\n\t<\/div>\n\n\t\n<\/section>\n\n\n\n<section class=\"text-media-claim py-10 lg:py-20\">\n\t<div class=\"\">\n\t\t<!-- if is a full width section, apply container -->\n\n\n\t\t\n\t\t<!-- Orange dot claim layout -->\n\t\t\n\t\t<!-- Basic claim layout -->\n\t\t\n\t\t\t<div class=\"grid lg:grid-cols-12 gap-baseGap\">\n\n\t\t\t\t<!-- Image column -->\n\t\t\t\t<div\n\t\t\t\t\tclass=\"w-full lg:col-span-4 xl:col-start-9 lg:col-start-8 order-2\">\n\t\t\t\t\t\t\t\t\t\t\t\t\t\t\t\t<div class=\"flex gap-4 flex-col\">\n\t\t\t\t\t\t\t\t\t\t\t\t\t\t\t\t\t\t\t\t\t\t\t\t\n<a href=\"https:\/\/i2cat.net\/unico\/\" target=\"_blank\"\n    class=\"w-full text-white bg-gray-900 border-gray-900 button-section rounded-lg flex-1 p-5 relative flex flex-col justify-between \">\n    <div class=\"text-white text-lg md:text-h5 text-balance\">Con\u00e8ix m\u00e9s a UNICO I+D 6G<\/div>\n    <div class=\"flex items-center justify-end gap-2 uppercase\">Ves-hi                    <svg width=\"16\" height=\"16\" viewBox=\"0 0 16 16\" fill=\"none\" xmlns=\"http:\/\/www.w3.org\/2000\/svg\">\n<g id=\"Icon\">\n<path id=\"Vector\" d=\"M9 3.66663L14 7.99996M14 7.99996L9 12.3333M14 7.99996H2\" stroke=\"#fff\" stroke-width=\"1.5\" stroke-linecap=\"square\"\/>\n<\/g>\n<\/svg>\n            <\/div>\n<\/a>\t\t\t\t\t\t\t\t\t\t\t\t\t\t\t\t\t\t\t\t\t<\/div>\n\t\t\t\t\t\t\t\t\t<\/div>\n\n\t\t\t\t<!-- Content column -->\n\t\t\t\t<div\n\t\t\t\t\tclass=\"xl:col-span-6 lg:col-span-7 flex flex-col justify-between order-1\">\n\t\t\t\t\t<div>\n\t\t\t\t\t\t\n\t\t\t\t\t\t\t\t\t\t\t\t\t<div class=\"mb-6 text-h5\">\n\t\t\t\t\t\t\t\tEl 6GQuCryptoLab lidera la recerca en comunicacions \u00f2ptiques qu\u00e0ntiques per al desplegament de xarxes segures a la Terra i a l&#8217;espai.\t\t\t\t\t\t\t<\/div>\n\t\t\t\t\t\t\n\t\t\t\t\t\t\t\t\t\t\t\t\t<div class=\"mb-6 text-lead\">\n\t\t\t\t\t\t\t\t<p>La infraestructura utilitza fonts de fotons entrella\u00e7ats per testejar canals \u00f2ptics i simular enlla\u00e7os satel\u00b7litaris sota condicions de turbul\u00e8ncia atmosf\u00e8rica real. La seva visi\u00f3 \u00e9s actuar com a catalitzador estrat\u00e8gic per integrar els sat\u00e8l\u00b7lits com a nodes actius en una xarxa qu\u00e0ntica global, protegint les infraestructures cr\u00edtiques davant de futures amenaces computacionals.<\/p>\n\t\t\t\t\t\t\t<\/div>\n\t\t\t\t\t\t\t\t\t\t\t<\/div>\n\t\t\t\t<\/div>\n\t\t\t<\/div>\n\n\t\t\n\t\t\n\t<\/div>\n<\/section>\n\n\n<div class=\"dropdown bg-white rounded-lg shadow-md mb-5\"  data-open=\"false\">\n    <div class=\"dropdown__trigger py-5 px-8 cursor-pointer\">\n        <h3 class=\"text-lg font-medium m-0\">Equipament destacat        <\/h3>\n        <span class=\"dropdown__trigger-icon\">\n            <svg width=\"28\" height=\"28\" viewBox=\"0 0 28 28\" fill=\"none\" xmlns=\"http:\/\/www.w3.org\/2000\/svg\">\n<path d=\"M7 10.5L14 17.5L21 10.5\" stroke=\"currentColor\" stroke-width=\"2.5\" stroke-linecap=\"square\"\/>\n<\/svg>\n        <\/span>\n    <\/div>\n    <div class=\"dropdown__content\" >\n        <div class=\"acf-innerblocks-container\">\n\n<div class=\"wp-block-columns is-layout-flex wp-container-core-columns-is-layout-9d6595d7 wp-block-columns-is-layout-flex\">\n<div class=\"wp-block-column is-layout-flow wp-block-column-is-layout-flow\">\n<ul class=\"wp-block-list\">\n<li>Plataformes QKD de variable discreta i cont\u00ednua.<\/li>\n\n\n\n<li>Font de fotons entrella\u00e7ats.<\/li>\n\n\n\n<li>Sistemes d&#8217;\u00f2ptica qu\u00e0ntica educativa.<\/li>\n\n\n\n<li>Caracteritzaci\u00f3 d&#8217;estats qu\u00e0ntics.<\/li>\n\n\n\n<li>Interfer\u00f2metres.<\/li>\n\n\n\n<li>Mesurament de la desigualtat de Bell.<\/li>\n\n\n\n<li>Analitzador d&#8217;espectre \u00f2ptic.<\/li>\n\n\n\n<li>Espectr\u00f2metre compacte d&#8217;infrarojos (IR).<\/li>\n\n\n\n<li>C\u00e0meres i perfiladors de feix CMOS i InGaAs.<\/li>\n\n\n\n<li>Modulador de llum espacial.<\/li>\n\n\n\n<li>Detectors de fot\u00f3 \u00fanic.<\/li>\n<\/ul>\n<\/div>\n\n\n\n<div class=\"wp-block-column is-layout-flow wp-block-column-is-layout-flow\">\n<ul class=\"wp-block-list\">\n<li>Kit d&#8217;\u00f2ptica adaptativa.<\/li>\n\n\n\n<li>Generador de senyals digitals.<\/li>\n\n\n\n<li>Mesuradors de pot\u00e8ncia \u00f2ptica.<\/li>\n\n\n\n<li>Equips de generaci\u00f3 de n\u00fameros aleatoris qu\u00e0ntics.<\/li>\n\n\n\n<li>Equips de gesti\u00f3 de xarxes QKD.<\/li>\n\n\n\n<li>Components \u00f2ptics (miralls, lents, fibres, filtres, etc.).<\/li>\n\n\n\n<li>Oscil\u00b7loscopi.<\/li>\n\n\n\n<li>Analitzador d&#8217;espectre el\u00e8ctric.<\/li>\n\n\n\n<li>Moduladors optoelectr\u00f2nics.<\/li>\n\n\n\n<li>Cristalls no lineals.<\/li>\n\n\n\n<li>Sistemes de posicionament (hex\u00e0podes, etapes motoritzades).<\/li>\n<\/ul>\n<\/div>\n<\/div>\n\n<\/div>\n    <\/div>\n<\/div>\n\n\n<div class=\"dropdown bg-white rounded-lg shadow-md mb-5\"  data-open=\"false\">\n    <div class=\"dropdown__trigger py-5 px-8 cursor-pointer\">\n        <h3 class=\"text-lg font-medium m-0\">Tecnologies implicades        <\/h3>\n        <span class=\"dropdown__trigger-icon\">\n            <svg width=\"28\" height=\"28\" viewBox=\"0 0 28 28\" fill=\"none\" xmlns=\"http:\/\/www.w3.org\/2000\/svg\">\n<path d=\"M7 10.5L14 17.5L21 10.5\" stroke=\"currentColor\" stroke-width=\"2.5\" stroke-linecap=\"square\"\/>\n<\/svg>\n        <\/span>\n    <\/div>\n    <div class=\"dropdown__content\" >\n        <div class=\"acf-innerblocks-container\">\n\n<ul class=\"wp-block-list\">\n<li>Comunicacions qu\u00e0ntiques i fot\u00f2nica avan\u00e7ada.<\/li>\n\n\n\n<li>Xarxes de Distribuci\u00f3 de Claus Qu\u00e0ntiques (QKD): CV-QKD i DV-QKD.<\/li>\n\n\n\n<li>\u00d2ptica adaptativa per a mitigaci\u00f3 de turbul\u00e8ncies atmosf\u00e8riques.<\/li>\n\n\n\n<li>Propagaci\u00f3 de senyal en fibra i espai lliure (Free Space Optics).<\/li>\n<\/ul>\n\n<\/div>\n    <\/div>\n<\/div>\n\n\n<div class=\"dropdown bg-white rounded-lg shadow-md mb-5\"  data-open=\"false\">\n    <div class=\"dropdown__trigger py-5 px-8 cursor-pointer\">\n        <h3 class=\"text-lg font-medium m-0\">Casos d&#8217;\u00fas        <\/h3>\n        <span class=\"dropdown__trigger-icon\">\n            <svg width=\"28\" height=\"28\" viewBox=\"0 0 28 28\" fill=\"none\" xmlns=\"http:\/\/www.w3.org\/2000\/svg\">\n<path d=\"M7 10.5L14 17.5L21 10.5\" stroke=\"currentColor\" stroke-width=\"2.5\" stroke-linecap=\"square\"\/>\n<\/svg>\n        <\/span>\n    <\/div>\n    <div class=\"dropdown__content\" >\n        <div class=\"acf-innerblocks-container\">\n\n<ul class=\"wp-block-list\">\n<li><strong>Sat\u00e8l\u00b7lits com a extensors de rang per a xarxes extrem-a-extrem QKD:<\/strong> Xarxa de defensa ultrasegura que combina QKD terrestre i satel\u00b7lit\u00e0ria amb un &#8220;node volant&#8221; per a llarga dist\u00e0ncia. Implementa protocols h\u00edbrids (QKD\/PQC) i comunicacions multiusuari (QCKA) mitjan\u00e7ant t\u00fanels VPN. Tot el sistema es valida amb simuladors avan\u00e7ats (DSS-Sim, QKDNetSim) al QuantumLab per blindar infraestructures cr\u00edtiques contra amenaces qu\u00e0ntiques.<\/li>\n\n\n\n<li><strong>Xarxes satel\u00b7lit\u00e0ries securitzades qu\u00e0nticament:<\/strong> Estableix comunicacions satel\u00b7lit\u00e0ries ultrasegures protegint el canal de control (TT&amp;C) mitjan\u00e7ant QKD (distribuci\u00f3 de claus qu\u00e0ntiques). Combina senyals de radiofreq\u00fc\u00e8ncia (RF) i \u00f2ptiques amb sistemes d&#8217;apuntament millorats (PAT) per a una connexi\u00f3 h\u00edbrida robusta. Utilitza criptografia posqu\u00e0ntica (PQC) espec\u00edficament per a l&#8217;autenticaci\u00f3 d&#8217;usuaris i dispositius. Tot el sistema es gestiona mitjan\u00e7ant un KMS (Key Management System) conforme a l&#8217;est\u00e0ndard ETSI-014. S&#8217;integren la seguretat f\u00edsica i l&#8217;algor\u00edsmica per garantir la integritat de les infraestructures espacials.<\/li>\n<\/ul>\n\n<\/div>\n    <\/div>\n<\/div>\n\n\n<div style=\"height:100px\" aria-hidden=\"true\" class=\"wp-block-spacer\"><\/div>\n\n\n\n<figure class=\"wp-block-image size-large\"><img loading=\"lazy\" decoding=\"async\" width=\"986\" height=\"62\" src=\"https:\/\/i2cat.net\/wp-content\/uploads\/2025\/07\/UNICO-NG-MTDFP-PR-986x62.png\" alt=\"\" class=\"wp-image-18780\"\/><\/figure>\n\n\n\n<p><\/p>\n","protected":false},"excerpt":{"rendered":"","protected":false},"author":2,"featured_media":0,"parent":18918,"menu_order":0,"comment_status":"closed","ping_status":"closed","template":"","meta":{"_acf_changed":false,"footnotes":""},"class_list":["post-20875","page","type-page","status-publish","hentry"],"acf":[],"yoast_head":"<!-- This site is optimized with the Yoast SEO plugin v26.9 - https:\/\/yoast.com\/product\/yoast-seo-wordpress\/ -->\n<title>6GQuCryptoLab - i2CAT Research Centre<\/title>\n<meta name=\"robots\" content=\"index, follow, max-snippet:-1, max-image-preview:large, max-video-preview:-1\" \/>\n<link rel=\"canonical\" href=\"https:\/\/i2cat.net\/ca\/unico\/6gqucryptolab\/\" \/>\n<meta property=\"og:locale\" content=\"ca_ES\" \/>\n<meta property=\"og:type\" content=\"article\" \/>\n<meta property=\"og:title\" content=\"6GQuCryptoLab - i2CAT Research Centre\" \/>\n<meta property=\"og:url\" content=\"https:\/\/i2cat.net\/ca\/unico\/6gqucryptolab\/\" \/>\n<meta property=\"og:site_name\" content=\"i2CAT Research Centre\" \/>\n<meta property=\"article:modified_time\" content=\"2026-04-21T11:39:22+00:00\" \/>\n<meta property=\"og:image\" content=\"https:\/\/i2cat.net\/wp-content\/uploads\/2025\/07\/UNICO-NG-MTDFP-PR-e1764593386662.png\" \/>\n\t<meta property=\"og:image:width\" content=\"762\" \/>\n\t<meta property=\"og:image:height\" content=\"48\" \/>\n\t<meta property=\"og:image:type\" content=\"image\/png\" \/>\n<meta name=\"twitter:card\" content=\"summary_large_image\" \/>\n<script type=\"application\/ld+json\" class=\"yoast-schema-graph\">{\"@context\":\"https:\/\/schema.org\",\"@graph\":[{\"@type\":\"WebPage\",\"@id\":\"https:\/\/i2cat.net\/ca\/unico\/6gqucryptolab\/\",\"url\":\"https:\/\/i2cat.net\/ca\/unico\/6gqucryptolab\/\",\"name\":\"6GQuCryptoLab - i2CAT Research Centre\",\"isPartOf\":{\"@id\":\"https:\/\/i2cat.net\/ca\/#website\"},\"primaryImageOfPage\":{\"@id\":\"https:\/\/i2cat.net\/ca\/unico\/6gqucryptolab\/#primaryimage\"},\"image\":{\"@id\":\"https:\/\/i2cat.net\/ca\/unico\/6gqucryptolab\/#primaryimage\"},\"thumbnailUrl\":\"https:\/\/i2cat.net\/wp-content\/uploads\/2025\/07\/UNICO-NG-MTDFP-PR-986x62.png\",\"datePublished\":\"2026-04-21T10:48:37+00:00\",\"dateModified\":\"2026-04-21T11:39:22+00:00\",\"breadcrumb\":{\"@id\":\"https:\/\/i2cat.net\/ca\/unico\/6gqucryptolab\/#breadcrumb\"},\"inLanguage\":\"ca\",\"potentialAction\":[{\"@type\":\"ReadAction\",\"target\":[\"https:\/\/i2cat.net\/ca\/unico\/6gqucryptolab\/\"]}]},{\"@type\":\"ImageObject\",\"inLanguage\":\"ca\",\"@id\":\"https:\/\/i2cat.net\/ca\/unico\/6gqucryptolab\/#primaryimage\",\"url\":\"https:\/\/i2cat.net\/wp-content\/uploads\/2025\/07\/UNICO-NG-MTDFP-PR-986x62.png\",\"contentUrl\":\"https:\/\/i2cat.net\/wp-content\/uploads\/2025\/07\/UNICO-NG-MTDFP-PR-986x62.png\"},{\"@type\":\"BreadcrumbList\",\"@id\":\"https:\/\/i2cat.net\/ca\/unico\/6gqucryptolab\/#breadcrumb\",\"itemListElement\":[{\"@type\":\"ListItem\",\"position\":1,\"name\":\"Home\",\"item\":\"https:\/\/i2cat.net\/ca\/\"},{\"@type\":\"ListItem\",\"position\":2,\"name\":\"UNICO I+D 6G\",\"item\":\"https:\/\/i2cat.net\/ca\/unico\/\"},{\"@type\":\"ListItem\",\"position\":3,\"name\":\"6GQuCryptoLab\"}]},{\"@type\":\"WebSite\",\"@id\":\"https:\/\/i2cat.net\/ca\/#website\",\"url\":\"https:\/\/i2cat.net\/ca\/\",\"name\":\"i2CAT Research Centre\",\"description\":\"\",\"potentialAction\":[{\"@type\":\"SearchAction\",\"target\":{\"@type\":\"EntryPoint\",\"urlTemplate\":\"https:\/\/i2cat.net\/ca\/?s={search_term_string}\"},\"query-input\":{\"@type\":\"PropertyValueSpecification\",\"valueRequired\":true,\"valueName\":\"search_term_string\"}}],\"inLanguage\":\"ca\"}]}<\/script>\n<!-- \/ Yoast SEO plugin. -->","yoast_head_json":{"title":"6GQuCryptoLab - i2CAT Research Centre","robots":{"index":"index","follow":"follow","max-snippet":"max-snippet:-1","max-image-preview":"max-image-preview:large","max-video-preview":"max-video-preview:-1"},"canonical":"https:\/\/i2cat.net\/ca\/unico\/6gqucryptolab\/","og_locale":"ca_ES","og_type":"article","og_title":"6GQuCryptoLab - i2CAT Research Centre","og_url":"https:\/\/i2cat.net\/ca\/unico\/6gqucryptolab\/","og_site_name":"i2CAT Research Centre","article_modified_time":"2026-04-21T11:39:22+00:00","og_image":[{"width":762,"height":48,"url":"https:\/\/i2cat.net\/wp-content\/uploads\/2025\/07\/UNICO-NG-MTDFP-PR-e1764593386662.png","type":"image\/png"}],"twitter_card":"summary_large_image","schema":{"@context":"https:\/\/schema.org","@graph":[{"@type":"WebPage","@id":"https:\/\/i2cat.net\/ca\/unico\/6gqucryptolab\/","url":"https:\/\/i2cat.net\/ca\/unico\/6gqucryptolab\/","name":"6GQuCryptoLab - i2CAT Research Centre","isPartOf":{"@id":"https:\/\/i2cat.net\/ca\/#website"},"primaryImageOfPage":{"@id":"https:\/\/i2cat.net\/ca\/unico\/6gqucryptolab\/#primaryimage"},"image":{"@id":"https:\/\/i2cat.net\/ca\/unico\/6gqucryptolab\/#primaryimage"},"thumbnailUrl":"https:\/\/i2cat.net\/wp-content\/uploads\/2025\/07\/UNICO-NG-MTDFP-PR-986x62.png","datePublished":"2026-04-21T10:48:37+00:00","dateModified":"2026-04-21T11:39:22+00:00","breadcrumb":{"@id":"https:\/\/i2cat.net\/ca\/unico\/6gqucryptolab\/#breadcrumb"},"inLanguage":"ca","potentialAction":[{"@type":"ReadAction","target":["https:\/\/i2cat.net\/ca\/unico\/6gqucryptolab\/"]}]},{"@type":"ImageObject","inLanguage":"ca","@id":"https:\/\/i2cat.net\/ca\/unico\/6gqucryptolab\/#primaryimage","url":"https:\/\/i2cat.net\/wp-content\/uploads\/2025\/07\/UNICO-NG-MTDFP-PR-986x62.png","contentUrl":"https:\/\/i2cat.net\/wp-content\/uploads\/2025\/07\/UNICO-NG-MTDFP-PR-986x62.png"},{"@type":"BreadcrumbList","@id":"https:\/\/i2cat.net\/ca\/unico\/6gqucryptolab\/#breadcrumb","itemListElement":[{"@type":"ListItem","position":1,"name":"Home","item":"https:\/\/i2cat.net\/ca\/"},{"@type":"ListItem","position":2,"name":"UNICO I+D 6G","item":"https:\/\/i2cat.net\/ca\/unico\/"},{"@type":"ListItem","position":3,"name":"6GQuCryptoLab"}]},{"@type":"WebSite","@id":"https:\/\/i2cat.net\/ca\/#website","url":"https:\/\/i2cat.net\/ca\/","name":"i2CAT Research Centre","description":"","potentialAction":[{"@type":"SearchAction","target":{"@type":"EntryPoint","urlTemplate":"https:\/\/i2cat.net\/ca\/?s={search_term_string}"},"query-input":{"@type":"PropertyValueSpecification","valueRequired":true,"valueName":"search_term_string"}}],"inLanguage":"ca"}]}},"_links":{"self":[{"href":"https:\/\/i2cat.net\/ca\/wp-json\/wp\/v2\/pages\/20875","targetHints":{"allow":["GET"]}}],"collection":[{"href":"https:\/\/i2cat.net\/ca\/wp-json\/wp\/v2\/pages"}],"about":[{"href":"https:\/\/i2cat.net\/ca\/wp-json\/wp\/v2\/types\/page"}],"author":[{"embeddable":true,"href":"https:\/\/i2cat.net\/ca\/wp-json\/wp\/v2\/users\/2"}],"replies":[{"embeddable":true,"href":"https:\/\/i2cat.net\/ca\/wp-json\/wp\/v2\/comments?post=20875"}],"version-history":[{"count":2,"href":"https:\/\/i2cat.net\/ca\/wp-json\/wp\/v2\/pages\/20875\/revisions"}],"predecessor-version":[{"id":20885,"href":"https:\/\/i2cat.net\/ca\/wp-json\/wp\/v2\/pages\/20875\/revisions\/20885"}],"up":[{"embeddable":true,"href":"https:\/\/i2cat.net\/ca\/wp-json\/wp\/v2\/pages\/18918"}],"wp:attachment":[{"href":"https:\/\/i2cat.net\/ca\/wp-json\/wp\/v2\/media?parent=20875"}],"curies":[{"name":"wp","href":"https:\/\/api.w.org\/{rel}","templated":true}]}}